{"id":87,"date":"2022-05-03T16:54:44","date_gmt":"2022-05-03T20:54:44","guid":{"rendered":"http:\/\/demo.paceyemd.com.php73-37.phx1-1.websitetestlink.com\/?page_id=87"},"modified":"2025-09-10T10:31:32","modified_gmt":"2025-09-10T14:31:32","slug":"financing","status":"publish","type":"page","link":"https:\/\/www.advvisioncenters.com\/es\/for-patients\/financing\/","title":{"rendered":"Opciones de financiaci\u00f3n"},"content":{"rendered":"<p class=\"has-medium-font-size\"><strong>Financiaci\u00f3n flexible 0% con Alphaeon Credit (hasta 24 meses)<\/strong><\/p>\n\n\n\n<p>No permita que los costos iniciales retrasen la visi\u00f3n clara que usted merece. Nos hemos asociado con <strong>Cr\u00e9dito Alphaeon<\/strong> para ofrecer una soluci\u00f3n a medida <strong>Plan de financiaci\u00f3n con intereses 0% hasta 24 meses<\/strong> en procedimientos de correcci\u00f3n de la visi\u00f3n elegibles. Es la manera inteligente y econ\u00f3mica de avanzar sin demora.<\/p>\n\n\n\n<h2 class=\"wp-block-heading\">\u00bfPor qu\u00e9 usar el cr\u00e9dito Alphaeon?<\/h2>\n\n\n\n<ul class=\"wp-block-list\">\n<li><strong>Financiaci\u00f3n 0% TAE<\/strong> (para compras que cumplan los requisitos)<\/li>\n\n\n\n<li><strong>Pagos mensuales flexibles<\/strong> que se ajuste a tu presupuesto<\/li>\n\n\n\n<li><strong>L\u00ednea de cr\u00e9dito reutilizable<\/strong> Sin necesidad de volver a aplicarlo, \u00faselo ahora o m\u00e1s tarde para usted o su familia.<\/li>\n<\/ul>\n\n\n\n<figure class=\"wp-block-image size-full\"><a href=\"https:\/\/go.alphaeoncredit.com\/practice-application\/13142\" target=\"_blank\" rel=\" noreferrer noopener\"><img decoding=\"async\" width=\"375\" height=\"66\" src=\"https:\/\/www.advvisioncenters.com\/wp-content\/uploads\/Pre-qualifywithAlphaeon.png\" alt=\"\" class=\"wp-image-4774\" srcset=\"https:\/\/www.advvisioncenters.com\/wp-content\/uploads\/Pre-qualifywithAlphaeon.png 375w, https:\/\/www.advvisioncenters.com\/wp-content\/uploads\/Pre-qualifywithAlphaeon-300x53.png 300w, https:\/\/www.advvisioncenters.com\/wp-content\/uploads\/Pre-qualifywithAlphaeon-270x48.png 270w\" sizes=\"(max-width: 375px) 100vw, 375px\" \/><\/a><\/figure>\n\n\n\n<h3 class=\"wp-block-heading\">Otras formas inteligentes de presupuestar la correcci\u00f3n de la visi\u00f3n<\/h3>\n\n\n\n<ol class=\"wp-block-list\">\n<li>Utilice fondos FSA\/HSA para procedimientos de visi\u00f3n\n<ul class=\"wp-block-list\">\n<li>Pagar los gastos m\u00e9dicos, incluyendo la cirug\u00eda l\u00e1ser de visi\u00f3n o de cataratas, utilizando <strong>antes de impuestos<\/strong> d\u00f3lares.<\/li>\n\n\n\n<li><strong>FSA<\/strong>Utilizar fondos antes de impuestos dentro del a\u00f1o del plan.<\/li>\n\n\n\n<li><strong>Cuenta de Ahorros para la Salud (HSA)<\/strong>: Sigue repiti\u00e9ndose a\u00f1o tras a\u00f1o.<\/li>\n\n\n\n<li>Reduce tu renta imponible y te ahorra dinero.<\/li>\n<\/ul>\n<\/li>\n\n\n\n<li>Verifique los beneficios de visi\u00f3n de su empleador o seguro.\n<ul class=\"wp-block-list\">\n<li>Algunos empleadores ofrecen descuentos o subsidios para el cuidado de la vista. Vale la pena averiguarlo, incluso si su plan cataloga los procedimientos como &quot;electivos&quot;.\u201c<\/li>\n<\/ul>\n<\/li>\n<\/ol>\n\n\n\n<h2 class=\"wp-block-heading\">Por qu\u00e9 es importante<\/h2>\n\n\n\n<p>La correcci\u00f3n de la visi\u00f3n es una inversi\u00f3n a largo plazo en su calidad de vida. <strong>Financiaci\u00f3n 0% de Alphaeon Credit<\/strong>, Combinado con los ahorros de las cuentas FSA\/HSA y los beneficios del empleador, una mejor visi\u00f3n puede ser una realidad antes de lo que piensa, y todo ello sin arruinarse.<\/p>\n\n\n\n<p>\u00bfNecesitas ayuda para comparar opciones de financiaci\u00f3n u optimizar tus beneficios? Estamos aqu\u00ed para guiarte en cada paso del proceso.<\/p>\n\n\n\n<h2 class=\"wp-block-heading has-text-align-center\">Aceptamos Alphaeon Credit, EyeMed* y planes de visi\u00f3n VSP.<br><\/h2>\n\n\n\n<div class=\"wp-block-buttons is-content-justification-center is-layout-flex wp-container-core-buttons-is-layout-16018d1d wp-block-buttons-is-layout-flex\">\n<div class=\"wp-block-button\"><a class=\"wp-block-button__link has-kb-palette-10-background-color has-background wp-element-button\" href=\"https:\/\/go.alphaeoncredit.com\/practice-application\/13142\" target=\"_blank\" rel=\"noreferrer noopener\">Informaci\u00f3n crediticia de Alphaeon<\/a><\/div>\n\n\n\n<div class=\"wp-block-button is-style-fill\"><a class=\"wp-block-button__link has-kb-palette-10-background-color has-background wp-element-button\" href=\"https:\/\/www.saveonvision.com\/l\/PACIFICEYESU\/\" target=\"_blank\" rel=\"noreferrer noopener\">Informaci\u00f3n de VSP<\/a><\/div>\n\n\n\n<div class=\"wp-block-button\"><a class=\"wp-block-button__link has-kb-palette-10-background-color has-background wp-element-button\" href=\"https:\/\/eyedoclocator.eyemedvisioncare.com\/member\/en?utm_content=text&amp;utm_source=eyemed.com&amp;utm_medium=top_nav&amp;utm_campaign=find-an-eye-doctor&amp;utm_term=leaf_text\">EyeMed<\/a><\/div>\n<\/div>\n\n\n\n<hr class=\"wp-block-separator has-alpha-channel-opacity\"\/>\n\n\n\n<h2 class=\"wp-block-heading\"><strong>Seguro m\u00e9dico vs. seguro de la vista: \u00bfCu\u00e1l es la diferencia?<\/strong><\/h2>\n\n\n\n<p>Entender qu\u00e9 seguro cubre su consulta oftalmol\u00f3gica puede resultar confuso. Por eso creamos este breve video para explicar la diferencia entre\u00a0<strong>seguro de salud<\/strong>\u00a0y\u00a0<strong>seguro de visi\u00f3n<\/strong>, y cu\u00e1ndo se utiliza cada uno.<\/p>\n\n\n\n<var style=\"width:100%; padding-bottom:56.25%; display:block;\" data-presentation=\"7665dcee-408b-4f12-40b4-495d483540eb\"><a href=\"http:\/\/fyi.rendia.com\/O30Zh\" style=\"display:none\">Ver v\u00eddeo<\/a><\/var><script type=\"text\/javascript\" src=\"\/\/hub.rendia.com\/whitelabel\/embed.js\"><\/script>\n\n\n\n<p><\/p>\n\n\n\n<p>Tanto el seguro m\u00e9dico como el seguro de la vista desempe\u00f1an un papel importante en el mantenimiento de la salud ocular y una visi\u00f3n n\u00edtida:<\/p>\n\n\n\n<ul class=\"wp-block-list\">\n<li><strong>seguro m\u00e9dico<\/strong>\u00a0Generalmente cubre ex\u00e1menes m\u00e9dicos oculares y tratamientos relacionados con la salud ocular, como glaucoma, cataratas o lesiones oculares.<\/li>\n\n\n\n<li><strong>seguro de visi\u00f3n<\/strong>\u00a0Te ayuda a mejorar tu visi\u00f3n diaria. Suele cubrir ex\u00e1menes oculares rutinarios, gafas graduadas, lentes de contacto y otros servicios de visi\u00f3n.<\/li>\n\n\n\n<li>Algunos planes (como Medicare) pueden cubrir ciertos servicios m\u00e9dicos, pero no las pruebas de refracci\u00f3n rutinarias para las recetas de gafas.<\/li>\n\n\n\n<li>Aunque no se incluyan los beneficios para adultos en la cobertura de la visi\u00f3n, la mayor\u00eda de los planes de salud ofrecen servicios de visi\u00f3n para ni\u00f1os.<\/li>\n<\/ul>\n\n\n\n<p>Para aprovechar al m\u00e1ximo sus beneficios, por favor:<\/p>\n\n\n\n<ul class=\"wp-block-list\">\n<li>Trae a ambos tus\u00a0<strong>tarjeta del seguro m\u00e9dico<\/strong>\u00a0y, si tienes uno, tu\u00a0<strong>tarjeta de seguro de visi\u00f3n<\/strong>\u00a0a su cita.<\/li>\n\n\n\n<li>Proporcione una lista impresa de todos los medicamentos que toma actualmente.<\/li>\n\n\n\n<li>No dudes en preguntar a nuestro amable personal; estamos aqu\u00ed para ayudarte.<\/li>\n<\/ul>\n\n\n\n<div class=\"wp-block-buttons is-layout-flex wp-block-buttons-is-layout-flex\">\n<div class=\"wp-block-button\"><a class=\"wp-block-button__link wp-element-button\" href=\"https:\/\/www.advvisioncenters.com\/es\/contact\/\"><em><strong>Preg\u00fantanos sobre tu cobertura<\/strong><\/em><\/a><\/div>\n<\/div>","protected":false},"excerpt":{"rendered":"<p>Financiaci\u00f3n flexible 0% con Alphaeon Credit (hasta 24 meses). No deje que los costos iniciales retrasen la visi\u00f3n n\u00edtida que merece. Nos hemos asociado con Alphaeon Credit para ofrecerle un plan de financiaci\u00f3n a su medida para tratamientos de correcci\u00f3n visual 0% con intereses de hasta 24 meses. Es la manera inteligente y econ\u00f3mica de avanzar sin demoras. \u00bfPor qu\u00e9 elegirnos? [\u2026]<\/p>","protected":false},"author":1,"featured_media":0,"parent":40,"menu_order":2,"comment_status":"closed","ping_status":"closed","template":"","meta":{"_acf_changed":false,"_kad_blocks_custom_css":"","_kad_blocks_head_custom_js":"","_kad_blocks_body_custom_js":"","_kad_blocks_footer_custom_js":"","footnotes":""},"tags":[],"class_list":["post-87","page","type-page","status-publish","hentry"],"acf":[],"yoast_head":"<!-- This site is optimized with the Yoast SEO plugin v26.2 - https:\/\/yoast.com\/wordpress\/plugins\/seo\/ -->\n<title>Patient Financing | Pacific Eye Surgeons San Luis Obispo<\/title>\n<meta name=\"description\" content=\"Financial considerations should not be an obstacle in obtaining elective eye care such as LASIK or certain cosmetic procedures. Learn more!\" \/>\n<meta name=\"robots\" content=\"index, follow, max-snippet:-1, max-image-preview:large, max-video-preview:-1\" \/>\n<link rel=\"canonical\" href=\"https:\/\/www.advvisioncenters.com\/es\/for-patients\/financing\/\" \/>\n<meta property=\"og:locale\" content=\"es_MX\" \/>\n<meta property=\"og:type\" content=\"article\" \/>\n<meta property=\"og:title\" content=\"Patient Financing | Pacific Eye Surgeons San Luis Obispo\" \/>\n<meta property=\"og:description\" content=\"Financial considerations should not be an obstacle in obtaining elective eye care such as LASIK or certain cosmetic procedures. Learn more!\" \/>\n<meta property=\"og:url\" content=\"https:\/\/www.advvisioncenters.com\/es\/for-patients\/financing\/\" \/>\n<meta property=\"og:site_name\" content=\"ADV Vision\" \/>\n<meta property=\"article:modified_time\" content=\"2025-09-10T14:31:32+00:00\" \/>\n<meta property=\"og:image\" content=\"https:\/\/www.advvisioncenters.com\/wp-content\/uploads\/Pre-qualifywithAlphaeon.png\" \/>\n\t<meta property=\"og:image:width\" content=\"375\" \/>\n\t<meta property=\"og:image:height\" content=\"66\" \/>\n\t<meta property=\"og:image:type\" content=\"image\/png\" \/>\n<meta name=\"twitter:card\" content=\"summary_large_image\" \/>\n<meta name=\"twitter:label1\" content=\"Tiempo de lectura\" \/>\n\t<meta name=\"twitter:data1\" content=\"2 minutos\" \/>\n<script type=\"application\/ld+json\" class=\"yoast-schema-graph\">{\"@context\":\"https:\/\/schema.org\",\"@graph\":[{\"@type\":\"WebPage\",\"@id\":\"https:\/\/www.advvisioncenters.com\/for-patients\/financing\/\",\"url\":\"https:\/\/www.advvisioncenters.com\/for-patients\/financing\/\",\"name\":\"Patient Financing | Pacific Eye Surgeons San Luis Obispo\",\"isPartOf\":{\"@id\":\"https:\/\/www.advvisioncenters.com\/#website\"},\"primaryImageOfPage\":{\"@id\":\"https:\/\/www.advvisioncenters.com\/for-patients\/financing\/#primaryimage\"},\"image\":{\"@id\":\"https:\/\/www.advvisioncenters.com\/for-patients\/financing\/#primaryimage\"},\"thumbnailUrl\":\"https:\/\/www.advvisioncenters.com\/wp-content\/uploads\/Pre-qualifywithAlphaeon.png\",\"datePublished\":\"2022-05-03T20:54:44+00:00\",\"dateModified\":\"2025-09-10T14:31:32+00:00\",\"description\":\"Financial considerations should not be an obstacle in obtaining elective eye care such as LASIK or certain cosmetic procedures. Learn more!\",\"breadcrumb\":{\"@id\":\"https:\/\/www.advvisioncenters.com\/for-patients\/financing\/#breadcrumb\"},\"inLanguage\":\"es\",\"potentialAction\":[{\"@type\":\"ReadAction\",\"target\":[\"https:\/\/www.advvisioncenters.com\/for-patients\/financing\/\"]}]},{\"@type\":\"ImageObject\",\"inLanguage\":\"es\",\"@id\":\"https:\/\/www.advvisioncenters.com\/for-patients\/financing\/#primaryimage\",\"url\":\"https:\/\/www.advvisioncenters.com\/wp-content\/uploads\/Pre-qualifywithAlphaeon.png\",\"contentUrl\":\"https:\/\/www.advvisioncenters.com\/wp-content\/uploads\/Pre-qualifywithAlphaeon.png\"},{\"@type\":\"BreadcrumbList\",\"@id\":\"https:\/\/www.advvisioncenters.com\/for-patients\/financing\/#breadcrumb\",\"itemListElement\":[{\"@type\":\"ListItem\",\"position\":1,\"name\":\"Home\",\"item\":\"https:\/\/www.advvisioncenters.com\/\"},{\"@type\":\"ListItem\",\"position\":2,\"name\":\"For Patients\",\"item\":\"https:\/\/www.advvisioncenters.com\/for-patients\/\"},{\"@type\":\"ListItem\",\"position\":3,\"name\":\"Financing Options\"}]},{\"@type\":\"WebSite\",\"@id\":\"https:\/\/www.advvisioncenters.com\/#website\",\"url\":\"https:\/\/www.advvisioncenters.com\/\",\"name\":\"ADV Vision\",\"description\":\"\",\"publisher\":{\"@id\":\"https:\/\/www.advvisioncenters.com\/#organization\"},\"potentialAction\":[{\"@type\":\"SearchAction\",\"target\":{\"@type\":\"EntryPoint\",\"urlTemplate\":\"https:\/\/www.advvisioncenters.com\/?s={search_term_string}\"},\"query-input\":{\"@type\":\"PropertyValueSpecification\",\"valueRequired\":true,\"valueName\":\"search_term_string\"}}],\"inLanguage\":\"es\"},{\"@type\":\"Organization\",\"@id\":\"https:\/\/www.advvisioncenters.com\/#organization\",\"name\":\"ADV Vision\",\"url\":\"https:\/\/www.advvisioncenters.com\/\",\"logo\":{\"@type\":\"ImageObject\",\"inLanguage\":\"es\",\"@id\":\"https:\/\/www.advvisioncenters.com\/#\/schema\/logo\/image\/\",\"url\":\"https:\/\/www.advvisioncenters.com\/wp-content\/uploads\/adv-vision-logo.png\",\"contentUrl\":\"https:\/\/www.advvisioncenters.com\/wp-content\/uploads\/adv-vision-logo.png\",\"width\":470,\"height\":120,\"caption\":\"ADV Vision\"},\"image\":{\"@id\":\"https:\/\/www.advvisioncenters.com\/#\/schema\/logo\/image\/\"}}]}<\/script>\n<!-- \/ Yoast SEO plugin. -->","yoast_head_json":{"title":"Financiaci\u00f3n para pacientes | Cirujanos oftalmol\u00f3gicos del Pac\u00edfico, San Luis Obispo","description":"Las consideraciones econ\u00f3micas no deber\u00edan ser un obst\u00e1culo para acceder a tratamientos oculares electivos como LASIK u otros procedimientos cosm\u00e9ticos. \u00a1Inf\u00f3rmese!","robots":{"index":"index","follow":"follow","max-snippet":"max-snippet:-1","max-image-preview":"max-image-preview:large","max-video-preview":"max-video-preview:-1"},"canonical":"https:\/\/www.advvisioncenters.com\/es\/for-patients\/financing\/","og_locale":"es_MX","og_type":"article","og_title":"Patient Financing | Pacific Eye Surgeons San Luis Obispo","og_description":"Financial considerations should not be an obstacle in obtaining elective eye care such as LASIK or certain cosmetic procedures. Learn more!","og_url":"https:\/\/www.advvisioncenters.com\/es\/for-patients\/financing\/","og_site_name":"ADV Vision","article_modified_time":"2025-09-10T14:31:32+00:00","og_image":[{"width":375,"height":66,"url":"https:\/\/www.advvisioncenters.com\/wp-content\/uploads\/Pre-qualifywithAlphaeon.png","type":"image\/png"}],"twitter_card":"summary_large_image","twitter_misc":{"Tiempo de lectura":"2 minutos"},"schema":{"@context":"https:\/\/schema.org","@graph":[{"@type":"WebPage","@id":"https:\/\/www.advvisioncenters.com\/for-patients\/financing\/","url":"https:\/\/www.advvisioncenters.com\/for-patients\/financing\/","name":"Financiaci\u00f3n para pacientes | Cirujanos oftalmol\u00f3gicos del Pac\u00edfico, San Luis Obispo","isPartOf":{"@id":"https:\/\/www.advvisioncenters.com\/#website"},"primaryImageOfPage":{"@id":"https:\/\/www.advvisioncenters.com\/for-patients\/financing\/#primaryimage"},"image":{"@id":"https:\/\/www.advvisioncenters.com\/for-patients\/financing\/#primaryimage"},"thumbnailUrl":"https:\/\/www.advvisioncenters.com\/wp-content\/uploads\/Pre-qualifywithAlphaeon.png","datePublished":"2022-05-03T20:54:44+00:00","dateModified":"2025-09-10T14:31:32+00:00","description":"Las consideraciones econ\u00f3micas no deber\u00edan ser un obst\u00e1culo para acceder a tratamientos oculares electivos como LASIK u otros procedimientos cosm\u00e9ticos. \u00a1Inf\u00f3rmese!","breadcrumb":{"@id":"https:\/\/www.advvisioncenters.com\/for-patients\/financing\/#breadcrumb"},"inLanguage":"es","potentialAction":[{"@type":"ReadAction","target":["https:\/\/www.advvisioncenters.com\/for-patients\/financing\/"]}]},{"@type":"ImageObject","inLanguage":"es","@id":"https:\/\/www.advvisioncenters.com\/for-patients\/financing\/#primaryimage","url":"https:\/\/www.advvisioncenters.com\/wp-content\/uploads\/Pre-qualifywithAlphaeon.png","contentUrl":"https:\/\/www.advvisioncenters.com\/wp-content\/uploads\/Pre-qualifywithAlphaeon.png"},{"@type":"BreadcrumbList","@id":"https:\/\/www.advvisioncenters.com\/for-patients\/financing\/#breadcrumb","itemListElement":[{"@type":"ListItem","position":1,"name":"Home","item":"https:\/\/www.advvisioncenters.com\/"},{"@type":"ListItem","position":2,"name":"For Patients","item":"https:\/\/www.advvisioncenters.com\/for-patients\/"},{"@type":"ListItem","position":3,"name":"Financing Options"}]},{"@type":"WebSite","@id":"https:\/\/www.advvisioncenters.com\/#website","url":"https:\/\/www.advvisioncenters.com\/","name":"ADV Vision","description":"","publisher":{"@id":"https:\/\/www.advvisioncenters.com\/#organization"},"potentialAction":[{"@type":"SearchAction","target":{"@type":"EntryPoint","urlTemplate":"https:\/\/www.advvisioncenters.com\/?s={search_term_string}"},"query-input":{"@type":"PropertyValueSpecification","valueRequired":true,"valueName":"search_term_string"}}],"inLanguage":"es"},{"@type":"Organization","@id":"https:\/\/www.advvisioncenters.com\/#organization","name":"ADV Vision","url":"https:\/\/www.advvisioncenters.com\/","logo":{"@type":"ImageObject","inLanguage":"es","@id":"https:\/\/www.advvisioncenters.com\/#\/schema\/logo\/image\/","url":"https:\/\/www.advvisioncenters.com\/wp-content\/uploads\/adv-vision-logo.png","contentUrl":"https:\/\/www.advvisioncenters.com\/wp-content\/uploads\/adv-vision-logo.png","width":470,"height":120,"caption":"ADV Vision"},"image":{"@id":"https:\/\/www.advvisioncenters.com\/#\/schema\/logo\/image\/"}}]}},"taxonomy_info":[],"featured_image_src_large":false,"author_info":{"display_name":"onur","author_link":"https:\/\/www.advvisioncenters.com\/es\/blog\/author\/onur\/"},"comment_info":0,"_links":{"self":[{"href":"https:\/\/www.advvisioncenters.com\/es\/wp-json\/wp\/v2\/pages\/87","targetHints":{"allow":["GET"]}}],"collection":[{"href":"https:\/\/www.advvisioncenters.com\/es\/wp-json\/wp\/v2\/pages"}],"about":[{"href":"https:\/\/www.advvisioncenters.com\/es\/wp-json\/wp\/v2\/types\/page"}],"author":[{"embeddable":true,"href":"https:\/\/www.advvisioncenters.com\/es\/wp-json\/wp\/v2\/users\/1"}],"replies":[{"embeddable":true,"href":"https:\/\/www.advvisioncenters.com\/es\/wp-json\/wp\/v2\/comments?post=87"}],"version-history":[{"count":24,"href":"https:\/\/www.advvisioncenters.com\/es\/wp-json\/wp\/v2\/pages\/87\/revisions"}],"predecessor-version":[{"id":5543,"href":"https:\/\/www.advvisioncenters.com\/es\/wp-json\/wp\/v2\/pages\/87\/revisions\/5543"}],"up":[{"embeddable":true,"href":"https:\/\/www.advvisioncenters.com\/es\/wp-json\/wp\/v2\/pages\/40"}],"wp:attachment":[{"href":"https:\/\/www.advvisioncenters.com\/es\/wp-json\/wp\/v2\/media?parent=87"}],"wp:term":[{"taxonomy":"post_tag","embeddable":true,"href":"https:\/\/www.advvisioncenters.com\/es\/wp-json\/wp\/v2\/tags?post=87"}],"curies":[{"name":"wp","href":"https:\/\/api.w.org\/{rel}","templated":true}]}}