{"id":83,"date":"2022-05-03T16:52:12","date_gmt":"2022-05-03T20:52:12","guid":{"rendered":"http:\/\/demo.paceyemd.com.php73-37.phx1-1.websitetestlink.com\/?page_id=83"},"modified":"2025-06-26T10:15:04","modified_gmt":"2025-06-26T14:15:04","slug":"lasik-self-test","status":"publish","type":"page","link":"https:\/\/www.advvisioncenters.com\/es\/lasik-san-luis-obispo\/lasik-self-test\/","title":{"rendered":"Autoevaluaci\u00f3n LASIK"},"content":{"rendered":"<!-- forms.mdcompliant.com script begins here -->\n<script type=\"text\/javascript\" defer src=\"https:\/\/forms.mdcompliant.com\/embed\/6780549.js\" data-role=\"form\"><\/script>\n<!-- forms.mdcompliant.com script ends here -->","protected":false},"excerpt":{"rendered":"","protected":false},"author":1,"featured_media":0,"parent":61,"menu_order":0,"comment_status":"closed","ping_status":"closed","template":"","meta":{"_acf_changed":false,"_kad_blocks_custom_css":"","_kad_blocks_head_custom_js":"","_kad_blocks_body_custom_js":"","_kad_blocks_footer_custom_js":"","footnotes":""},"tags":[],"class_list":["post-83","page","type-page","status-publish","hentry"],"acf":[],"yoast_head":"<!-- This site is optimized with the Yoast SEO plugin v26.2 - https:\/\/yoast.com\/wordpress\/plugins\/seo\/ -->\n<title>LASIK Self-Test - ADV Vision Centers<\/title>\n<meta name=\"description\" content=\"Do you qualify as a candidate for LASIK? Complete the self-evaluation to determine which vision correction and refractive surgery procedure is right for you!\" \/>\n<meta name=\"robots\" content=\"index, follow, max-snippet:-1, max-image-preview:large, max-video-preview:-1\" \/>\n<link rel=\"canonical\" href=\"https:\/\/www.advvisioncenters.com\/es\/lasik-san-luis-obispo\/lasik-self-test\/\" \/>\n<meta property=\"og:locale\" content=\"es_MX\" \/>\n<meta property=\"og:type\" content=\"article\" \/>\n<meta property=\"og:title\" content=\"LASIK Self-Test - ADV Vision Centers\" \/>\n<meta property=\"og:description\" content=\"Do you qualify as a candidate for LASIK? Complete the self-evaluation to determine which vision correction and refractive surgery procedure is right for you!\" \/>\n<meta property=\"og:url\" content=\"https:\/\/www.advvisioncenters.com\/es\/lasik-san-luis-obispo\/lasik-self-test\/\" \/>\n<meta property=\"og:site_name\" content=\"ADV Vision\" \/>\n<meta property=\"article:modified_time\" content=\"2025-06-26T14:15:04+00:00\" \/>\n<meta property=\"og:image\" content=\"https:\/\/www.advvisioncenters.com\/wp-content\/uploads\/adv-vision-logo.png\" \/>\n\t<meta property=\"og:image:width\" content=\"470\" \/>\n\t<meta property=\"og:image:height\" content=\"120\" \/>\n\t<meta property=\"og:image:type\" content=\"image\/png\" \/>\n<meta name=\"twitter:card\" content=\"summary_large_image\" \/>\n<script type=\"application\/ld+json\" class=\"yoast-schema-graph\">{\"@context\":\"https:\/\/schema.org\",\"@graph\":[{\"@type\":\"WebPage\",\"@id\":\"https:\/\/www.advvisioncenters.com\/lasik-san-luis-obispo\/lasik-self-test\/\",\"url\":\"https:\/\/www.advvisioncenters.com\/lasik-san-luis-obispo\/lasik-self-test\/\",\"name\":\"LASIK Self-Test - ADV Vision Centers\",\"isPartOf\":{\"@id\":\"https:\/\/www.advvisioncenters.com\/#website\"},\"datePublished\":\"2022-05-03T20:52:12+00:00\",\"dateModified\":\"2025-06-26T14:15:04+00:00\",\"description\":\"Do you qualify as a candidate for LASIK? Complete the self-evaluation to determine which vision correction and refractive surgery procedure is right for you!\",\"breadcrumb\":{\"@id\":\"https:\/\/www.advvisioncenters.com\/lasik-san-luis-obispo\/lasik-self-test\/#breadcrumb\"},\"inLanguage\":\"es\",\"potentialAction\":[{\"@type\":\"ReadAction\",\"target\":[\"https:\/\/www.advvisioncenters.com\/lasik-san-luis-obispo\/lasik-self-test\/\"]}]},{\"@type\":\"BreadcrumbList\",\"@id\":\"https:\/\/www.advvisioncenters.com\/lasik-san-luis-obispo\/lasik-self-test\/#breadcrumb\",\"itemListElement\":[{\"@type\":\"ListItem\",\"position\":1,\"name\":\"Home\",\"item\":\"https:\/\/www.advvisioncenters.com\/\"},{\"@type\":\"ListItem\",\"position\":2,\"name\":\"LASIK\",\"item\":\"https:\/\/www.advvisioncenters.com\/lasik-san-luis-obispo\/\"},{\"@type\":\"ListItem\",\"position\":3,\"name\":\"LASIK Self-Test\"}]},{\"@type\":\"WebSite\",\"@id\":\"https:\/\/www.advvisioncenters.com\/#website\",\"url\":\"https:\/\/www.advvisioncenters.com\/\",\"name\":\"ADV Vision\",\"description\":\"\",\"publisher\":{\"@id\":\"https:\/\/www.advvisioncenters.com\/#organization\"},\"potentialAction\":[{\"@type\":\"SearchAction\",\"target\":{\"@type\":\"EntryPoint\",\"urlTemplate\":\"https:\/\/www.advvisioncenters.com\/?s={search_term_string}\"},\"query-input\":{\"@type\":\"PropertyValueSpecification\",\"valueRequired\":true,\"valueName\":\"search_term_string\"}}],\"inLanguage\":\"es\"},{\"@type\":\"Organization\",\"@id\":\"https:\/\/www.advvisioncenters.com\/#organization\",\"name\":\"ADV Vision\",\"url\":\"https:\/\/www.advvisioncenters.com\/\",\"logo\":{\"@type\":\"ImageObject\",\"inLanguage\":\"es\",\"@id\":\"https:\/\/www.advvisioncenters.com\/#\/schema\/logo\/image\/\",\"url\":\"https:\/\/www.advvisioncenters.com\/wp-content\/uploads\/adv-vision-logo.png\",\"contentUrl\":\"https:\/\/www.advvisioncenters.com\/wp-content\/uploads\/adv-vision-logo.png\",\"width\":470,\"height\":120,\"caption\":\"ADV Vision\"},\"image\":{\"@id\":\"https:\/\/www.advvisioncenters.com\/#\/schema\/logo\/image\/\"}}]}<\/script>\n<!-- \/ Yoast SEO plugin. -->","yoast_head_json":{"title":"Autoevaluaci\u00f3n LASIK - Centros de Visi\u00f3n ADV","description":"\u00bfRe\u00fanes los requisitos para ser candidato a LASIK? \u00a1Completa la autoevaluaci\u00f3n para determinar qu\u00e9 procedimiento de correcci\u00f3n de la visi\u00f3n y cirug\u00eda refractiva es el adecuado para ti!","robots":{"index":"index","follow":"follow","max-snippet":"max-snippet:-1","max-image-preview":"max-image-preview:large","max-video-preview":"max-video-preview:-1"},"canonical":"https:\/\/www.advvisioncenters.com\/es\/lasik-san-luis-obispo\/lasik-self-test\/","og_locale":"es_MX","og_type":"article","og_title":"LASIK Self-Test - ADV Vision Centers","og_description":"Do you qualify as a candidate for LASIK? Complete the self-evaluation to determine which vision correction and refractive surgery procedure is right for you!","og_url":"https:\/\/www.advvisioncenters.com\/es\/lasik-san-luis-obispo\/lasik-self-test\/","og_site_name":"ADV Vision","article_modified_time":"2025-06-26T14:15:04+00:00","og_image":[{"width":470,"height":120,"url":"https:\/\/www.advvisioncenters.com\/wp-content\/uploads\/adv-vision-logo.png","type":"image\/png"}],"twitter_card":"summary_large_image","schema":{"@context":"https:\/\/schema.org","@graph":[{"@type":"WebPage","@id":"https:\/\/www.advvisioncenters.com\/lasik-san-luis-obispo\/lasik-self-test\/","url":"https:\/\/www.advvisioncenters.com\/lasik-san-luis-obispo\/lasik-self-test\/","name":"Autoevaluaci\u00f3n LASIK - Centros de Visi\u00f3n ADV","isPartOf":{"@id":"https:\/\/www.advvisioncenters.com\/#website"},"datePublished":"2022-05-03T20:52:12+00:00","dateModified":"2025-06-26T14:15:04+00:00","description":"\u00bfRe\u00fanes los requisitos para ser candidato a LASIK? \u00a1Completa la autoevaluaci\u00f3n para determinar qu\u00e9 procedimiento de correcci\u00f3n de la visi\u00f3n y cirug\u00eda refractiva es el adecuado para ti!","breadcrumb":{"@id":"https:\/\/www.advvisioncenters.com\/lasik-san-luis-obispo\/lasik-self-test\/#breadcrumb"},"inLanguage":"es","potentialAction":[{"@type":"ReadAction","target":["https:\/\/www.advvisioncenters.com\/lasik-san-luis-obispo\/lasik-self-test\/"]}]},{"@type":"BreadcrumbList","@id":"https:\/\/www.advvisioncenters.com\/lasik-san-luis-obispo\/lasik-self-test\/#breadcrumb","itemListElement":[{"@type":"ListItem","position":1,"name":"Home","item":"https:\/\/www.advvisioncenters.com\/"},{"@type":"ListItem","position":2,"name":"LASIK","item":"https:\/\/www.advvisioncenters.com\/lasik-san-luis-obispo\/"},{"@type":"ListItem","position":3,"name":"LASIK Self-Test"}]},{"@type":"WebSite","@id":"https:\/\/www.advvisioncenters.com\/#website","url":"https:\/\/www.advvisioncenters.com\/","name":"ADV Vision","description":"","publisher":{"@id":"https:\/\/www.advvisioncenters.com\/#organization"},"potentialAction":[{"@type":"SearchAction","target":{"@type":"EntryPoint","urlTemplate":"https:\/\/www.advvisioncenters.com\/?s={search_term_string}"},"query-input":{"@type":"PropertyValueSpecification","valueRequired":true,"valueName":"search_term_string"}}],"inLanguage":"es"},{"@type":"Organization","@id":"https:\/\/www.advvisioncenters.com\/#organization","name":"ADV Vision","url":"https:\/\/www.advvisioncenters.com\/","logo":{"@type":"ImageObject","inLanguage":"es","@id":"https:\/\/www.advvisioncenters.com\/#\/schema\/logo\/image\/","url":"https:\/\/www.advvisioncenters.com\/wp-content\/uploads\/adv-vision-logo.png","contentUrl":"https:\/\/www.advvisioncenters.com\/wp-content\/uploads\/adv-vision-logo.png","width":470,"height":120,"caption":"ADV Vision"},"image":{"@id":"https:\/\/www.advvisioncenters.com\/#\/schema\/logo\/image\/"}}]}},"taxonomy_info":[],"featured_image_src_large":false,"author_info":{"display_name":"onur","author_link":"https:\/\/www.advvisioncenters.com\/es\/blog\/author\/onur\/"},"comment_info":0,"_links":{"self":[{"href":"https:\/\/www.advvisioncenters.com\/es\/wp-json\/wp\/v2\/pages\/83","targetHints":{"allow":["GET"]}}],"collection":[{"href":"https:\/\/www.advvisioncenters.com\/es\/wp-json\/wp\/v2\/pages"}],"about":[{"href":"https:\/\/www.advvisioncenters.com\/es\/wp-json\/wp\/v2\/types\/page"}],"author":[{"embeddable":true,"href":"https:\/\/www.advvisioncenters.com\/es\/wp-json\/wp\/v2\/users\/1"}],"replies":[{"embeddable":true,"href":"https:\/\/www.advvisioncenters.com\/es\/wp-json\/wp\/v2\/comments?post=83"}],"version-history":[{"count":12,"href":"https:\/\/www.advvisioncenters.com\/es\/wp-json\/wp\/v2\/pages\/83\/revisions"}],"predecessor-version":[{"id":4746,"href":"https:\/\/www.advvisioncenters.com\/es\/wp-json\/wp\/v2\/pages\/83\/revisions\/4746"}],"up":[{"embeddable":true,"href":"https:\/\/www.advvisioncenters.com\/es\/wp-json\/wp\/v2\/pages\/61"}],"wp:attachment":[{"href":"https:\/\/www.advvisioncenters.com\/es\/wp-json\/wp\/v2\/media?parent=83"}],"wp:term":[{"taxonomy":"post_tag","embeddable":true,"href":"https:\/\/www.advvisioncenters.com\/es\/wp-json\/wp\/v2\/tags?post=83"}],"curies":[{"name":"wp","href":"https:\/\/api.w.org\/{rel}","templated":true}]}}