{"id":73,"date":"2022-05-03T16:28:14","date_gmt":"2022-05-03T20:28:14","guid":{"rendered":"http:\/\/demo.paceyemd.com.php73-37.phx1-1.websitetestlink.com\/general-eye-exams\/"},"modified":"2025-10-15T15:54:26","modified_gmt":"2025-10-15T19:54:26","slug":"medical-eye-exams-treatment","status":"publish","type":"page","link":"https:\/\/www.advvisioncenters.com\/es\/medical-eye-exams-treatment\/","title":{"rendered":"Atenci\u00f3n m\u00e9dica oftalmol\u00f3gica en el centro de California"},"content":{"rendered":"<h2 class=\"wp-block-heading\">\u00bfQu\u00e9 es la atenci\u00f3n oftalmol\u00f3gica m\u00e9dica?&nbsp;<\/h2>\n\n\n\n<p>La atenci\u00f3n oftalmol\u00f3gica m\u00e9dica va m\u00e1s all\u00e1 de una prueba de visi\u00f3n est\u00e1ndar. Incluye una evaluaci\u00f3n m\u00e9dica completa de la salud ocular, la identificaci\u00f3n de enfermedades o anomal\u00edas y planes de tratamiento personalizados para preservar y proteger la visi\u00f3n.&nbsp;<\/p>\n\n\n\n<h2 class=\"wp-block-heading\">Nuestros servicios de atenci\u00f3n oftalmol\u00f3gica m\u00e9dica<\/h2>\n\n\n\n<p>Ofrecemos atenci\u00f3n oftalmol\u00f3gica completa para afecciones oculares comunes y complejas, incluyendo:&nbsp;<\/p>\n\n\n\n<ul class=\"wp-block-list\">\n<li>Ex\u00e1menes oculares m\u00e9dicos completos&nbsp;\n<ul class=\"wp-block-list\">\n<li>Evaluaciones integrales para detectar signos tempranos de enfermedades oculares y monitorear la salud ocular a largo plazo&nbsp;<\/li>\n<\/ul>\n<\/li>\n\n\n\n<li>Prueba de visi\u00f3n\n<ul class=\"wp-block-list\">\n<li>Evaluaci\u00f3n de la agudeza visual y la funci\u00f3n visual general<\/li>\n<\/ul>\n<\/li>\n\n\n\n<li>Evaluaciones corneales\n<ul class=\"wp-block-list\">\n<li>Diagn\u00f3stico y tratamiento de afecciones corneales, incluyendo queratitis, distrofias e irregularidades estructurales.&nbsp;<\/li>\n<\/ul>\n<\/li>\n\n\n\n<li>Tratamiento para el ojo seco y el enrojecimiento ocular\n<ul class=\"wp-block-list\">\n<li>Alivio para la irritaci\u00f3n cr\u00f3nica, el enrojecimiento y el desequilibrio de la pel\u00edcula lagrimal.&nbsp;<\/li>\n<\/ul>\n<\/li>\n\n\n\n<li>Manejo de la enfermedad ocular diab\u00e9tica&nbsp;\n<ul class=\"wp-block-list\">\n<li>Atenci\u00f3n continua para la retinopat\u00eda diab\u00e9tica y otras complicaciones relacionadas con la diabetes&nbsp;<\/li>\n<\/ul>\n<\/li>\n\n\n\n<li>Evaluaci\u00f3n de la degeneraci\u00f3n macular asociada a la edad (DMAE)&nbsp;\n<ul class=\"wp-block-list\">\n<li>Controlar y tratar la degeneraci\u00f3n macular relacionada con la edad para ralentizar su progresi\u00f3n y preservar la visi\u00f3n central.&nbsp;<\/li>\n<\/ul>\n<\/li>\n\n\n\n<li>Uve\u00edtis e inflamaciones oculares&nbsp;\n<ul class=\"wp-block-list\">\n<li>Diagn\u00f3stico y tratamiento precisos de afecciones oculares inflamatorias que pueden afectar la visi\u00f3n&nbsp;<\/li>\n<\/ul>\n<\/li>\n\n\n\n<li>Cuidado y tratamiento de la retina&nbsp;\n<ul class=\"wp-block-list\">\n<li>Manejo de afecciones retinianas como la DMAE, la retinopat\u00eda diab\u00e9tica y los trastornos vasculares de la retina&nbsp;<\/li>\n<\/ul>\n<\/li>\n\n\n\n<li>Infecciones corneales&nbsp;\n<ul class=\"wp-block-list\">\n<li>Tratamiento inmediato de las infecciones bacterianas, virales o f\u00fangicas para prevenir la p\u00e9rdida de visi\u00f3n.&nbsp;<\/li>\n<\/ul>\n<\/li>\n<\/ul>\n\n\n\n<div class=\"wp-block-buttons is-content-justification-center is-layout-flex wp-container-core-buttons-is-layout-16018d1d wp-block-buttons-is-layout-flex\">\n<div class=\"wp-block-button\"><a class=\"wp-block-button__link wp-element-button\" href=\"https:\/\/www.advvisioncenters.com\/es\/request-an-appointment\/\"><strong>Solicite un examen m\u00e9dico de la vista&nbsp;<\/strong><\/a><\/div>\n<\/div>\n\n\n\n<p>Si experimenta cambios en la visi\u00f3n, molestias o simplemente desea prevenir posibles problemas oculares, programe una cita con nuestro equipo de oftalmolog\u00eda hoy mismo. Nos enorgullece atender a pacientes en todo el pa\u00eds. <strong><a href=\"https:\/\/www.advvisioncenters.com\/es\/locations\/san-luis-obispo\/\">San Luis Obispo<\/a><\/strong>, <strong><a href=\"https:\/\/www.advvisioncenters.com\/es\/locations\/santa-maria\/\">Santa Mar\u00eda<\/a><\/strong>, y <strong><a href=\"https:\/\/www.advvisioncenters.com\/es\/locations\/paso-robles\/\">Paso Robles<\/a><\/strong>.<\/p>\n\n\n\n<style>\n.ctatemp10-section {\n  padding: 100px;\n  background-image: url('https:\/\/www.advvisioncenters.com\/wp-content\/uploads\/golf-course.jpg');\n  background-position: 50% 50%;\n  background-size: cover;\n  background-repeat: no-repeat;\n  font-family: Montserrat, sans-serif;\n}\n\n.temp10wrapper {\n  width: 100%;\n  max-width: 1600px;\n  min-height: 25px;\n}\n\n.temp10div {\n  width: 35%;\n  padding: 40px;\n  border-radius: 20px;\n  background-color: #fff;\n}\n\n.temp10-header {\n  margin-top: 0px;\n  margin-bottom: 15px;\n  color: #fff;\n}\n\n.temp10-para {\n  margin-bottom: 25px;\n  color: #fff;\n  font-size: 16px;\n  line-height: 22px;\n}\n\n.temp10-button {\n  padding-top: 10px;\n  padding-bottom: 10px;\n  border-radius: 10px;\n  background-color: #cee8ff;\n  color: #627e99;\n}\n\n.temp10-button:hover {\n  border-style: solid;\n  border-width: 2px;\n  border-color: #fff;\n  border-radius: 0px;\n  background-color: #627e99;\n  color: #fff;\n}\n\n.mobileonlyimage {\n  display: none;\n}\n\n@media screen and (max-width: 991px) {\n  .ctatemp10-section {\n    padding: 60px;\n  }\n\n  .temp10wrapper {\n    min-height: 10px;\n  }\n\n  .temp10div {\n    width: 50%;\n    padding: 30px;\n  }\n\n  .temp10-header {\n    margin-bottom: 10px;\n    font-size: 28px;\n    line-height: 30px;\n  }\n\n  .temp10-para {\n    margin-bottom: 20px;\n    line-height: 20px;\n  }\n\n  .mobileonlyimage {\n    display: none;\n  }\n}\n\n@media screen and (max-width: 767px) {\n  .ctatemp10-section {\n    padding: 30px;\n  }\n\n  .temp10div {\n    padding: 25px;\n  }\n\n  .temp10-header {\n    margin-bottom: 10px;\n    font-size: 22px;\n    line-height: 28px;\n  }\n\n  .temp10-para {\n    margin-bottom: 20px;\n  }\n\n  .mobileonlyimage {\n    display: none;\n  }\n}\n\n@media screen and (max-width: 479px) {\n  .ctatemp10-section {\n    padding: 0px;\n    background-image: none;\n    background-size: auto;\n    background-repeat: repeat;\n  }\n\n  .temp10wrapper {\n    background-color: #627f9a;\n  }\n\n  .temp10div {\n    display: -webkit-box;\n    display: -webkit-flex;\n    display: -ms-flexbox;\n    display: flex;\n    width: 100%;\n    padding: 25px;\n    -webkit-box-orient: vertical;\n    -webkit-box-direction: normal;\n    -webkit-flex-direction: column;\n    -ms-flex-direction: column;\n    flex-direction: column;\n    background-color: #627f9a;\n  }\n\n  .temp10-header {\n    margin-bottom: 10px;\n    font-size: 25px;\n    line-height: 30px;\n    text-align: left;\n  }\n\n  .temp10-para {\n    margin-bottom: 15px;\n    line-height: 25px;\n    text-align: left;\n  }\n\n  .temp10-button {\n    padding: 10px;\n    font-weight: 500;\n    text-align: center;\n  }\n\n  .mobileonlyimage {\n    display: block;\n  }\n}\n<\/style>\n\n\n\n  <div class=\"ctatemp10-section wf-section alignfull\">\n    <div class=\"temp10wrapper\">\n      <div class=\"temp10div\">\n        <h2>\u00bfQuieres saber m\u00e1s?<\/h2>\n        <p>Haz clic en el bot\u00f3n de abajo para solicitar una cita hoy mismo.<\/p>\n        <a href=\"https:\/\/www.advvisioncenters.com\/es\/request-an-appointment\/\" class=\"ui-button\">Agendar en L\u00ednea<\/a>\n      <\/div>\n    <\/div>\n  <\/div>\n\n\n\n<p><\/p>","protected":false},"excerpt":{"rendered":"<p>\u00bfQu\u00e9 es la atenci\u00f3n oftalmol\u00f3gica m\u00e9dica? La atenci\u00f3n oftalmol\u00f3gica m\u00e9dica va m\u00e1s all\u00e1 de un examen de la vista est\u00e1ndar. Incluye una evaluaci\u00f3n m\u00e9dica completa de la salud ocular, la identificaci\u00f3n de enfermedades o anomal\u00edas y planes de tratamiento personalizados para preservar y proteger su visi\u00f3n. Nuestros servicios de atenci\u00f3n oftalmol\u00f3gica m\u00e9dica: Ofrecemos atenci\u00f3n oftalmol\u00f3gica completa para problemas oculares comunes y complejos [\u2026]<\/p>","protected":false},"author":1,"featured_media":0,"parent":0,"menu_order":28,"comment_status":"closed","ping_status":"closed","template":"page-pillar.php","meta":{"_acf_changed":false,"_kad_blocks_custom_css":"","_kad_blocks_head_custom_js":"","_kad_blocks_body_custom_js":"","_kad_blocks_footer_custom_js":"","footnotes":""},"tags":[4],"class_list":["post-73","page","type-page","status-publish","hentry","tag-service"],"acf":[],"yoast_head":"<!-- This site is optimized with the Yoast SEO plugin v26.2 - https:\/\/yoast.com\/wordpress\/plugins\/seo\/ -->\n<title>Medical Eye Exams &amp; Treatment | Comprehensive Eye Care \u2013 ADV Vision<\/title>\n<meta name=\"description\" content=\"ADV Vision offers comprehensive medical eye exams and treatment for eye conditions such as dry eye, diabetic eye disease, macular degeneration, and more. Visit our ophthalmology clinics in San Luis Obispo, Santa Maria, or Paso Robles.\" \/>\n<meta name=\"robots\" content=\"index, follow, max-snippet:-1, max-image-preview:large, max-video-preview:-1\" \/>\n<link rel=\"canonical\" href=\"https:\/\/www.advvisioncenters.com\/es\/medical-eye-exams-treatment\/\" \/>\n<meta property=\"og:locale\" content=\"es_MX\" \/>\n<meta property=\"og:type\" content=\"article\" \/>\n<meta property=\"og:title\" content=\"Medical Eye Exams &amp; Treatment | Comprehensive Eye Care \u2013 ADV Vision\" \/>\n<meta property=\"og:description\" content=\"ADV Vision offers comprehensive medical eye exams and treatment for eye conditions such as dry eye, diabetic eye disease, macular degeneration, and more. Visit our ophthalmology clinics in San Luis Obispo, Santa Maria, or Paso Robles.\" \/>\n<meta property=\"og:url\" content=\"https:\/\/www.advvisioncenters.com\/es\/medical-eye-exams-treatment\/\" \/>\n<meta property=\"og:site_name\" content=\"ADV Vision\" \/>\n<meta property=\"article:modified_time\" content=\"2025-10-15T19:54:26+00:00\" \/>\n<meta property=\"og:image\" content=\"https:\/\/www.advvisioncenters.com\/wp-content\/uploads\/adv-vision-logo.png\" \/>\n\t<meta property=\"og:image:width\" content=\"470\" \/>\n\t<meta property=\"og:image:height\" content=\"120\" \/>\n\t<meta property=\"og:image:type\" content=\"image\/png\" \/>\n<meta name=\"twitter:card\" content=\"summary_large_image\" \/>\n<meta name=\"twitter:label1\" content=\"Tiempo de lectura\" \/>\n\t<meta name=\"twitter:data1\" content=\"3 minutos\" \/>\n<script type=\"application\/ld+json\" class=\"yoast-schema-graph\">{\"@context\":\"https:\/\/schema.org\",\"@graph\":[{\"@type\":\"WebPage\",\"@id\":\"https:\/\/www.advvisioncenters.com\/medical-eye-exams-treatment\/\",\"url\":\"https:\/\/www.advvisioncenters.com\/medical-eye-exams-treatment\/\",\"name\":\"Medical Eye Exams & Treatment | Comprehensive Eye Care \u2013 ADV Vision\",\"isPartOf\":{\"@id\":\"https:\/\/www.advvisioncenters.com\/#website\"},\"datePublished\":\"2022-05-03T20:28:14+00:00\",\"dateModified\":\"2025-10-15T19:54:26+00:00\",\"description\":\"ADV Vision offers comprehensive medical eye exams and treatment for eye conditions such as dry eye, diabetic eye disease, macular degeneration, and more. Visit our ophthalmology clinics in San Luis Obispo, Santa Maria, or Paso Robles.\",\"breadcrumb\":{\"@id\":\"https:\/\/www.advvisioncenters.com\/medical-eye-exams-treatment\/#breadcrumb\"},\"inLanguage\":\"es\",\"potentialAction\":[{\"@type\":\"ReadAction\",\"target\":[\"https:\/\/www.advvisioncenters.com\/medical-eye-exams-treatment\/\"]}]},{\"@type\":\"BreadcrumbList\",\"@id\":\"https:\/\/www.advvisioncenters.com\/medical-eye-exams-treatment\/#breadcrumb\",\"itemListElement\":[{\"@type\":\"ListItem\",\"position\":1,\"name\":\"Home\",\"item\":\"https:\/\/www.advvisioncenters.com\/\"},{\"@type\":\"ListItem\",\"position\":2,\"name\":\"Medical Eye Care in Central California\"}]},{\"@type\":\"WebSite\",\"@id\":\"https:\/\/www.advvisioncenters.com\/#website\",\"url\":\"https:\/\/www.advvisioncenters.com\/\",\"name\":\"ADV Vision\",\"description\":\"\",\"publisher\":{\"@id\":\"https:\/\/www.advvisioncenters.com\/#organization\"},\"potentialAction\":[{\"@type\":\"SearchAction\",\"target\":{\"@type\":\"EntryPoint\",\"urlTemplate\":\"https:\/\/www.advvisioncenters.com\/?s={search_term_string}\"},\"query-input\":{\"@type\":\"PropertyValueSpecification\",\"valueRequired\":true,\"valueName\":\"search_term_string\"}}],\"inLanguage\":\"es\"},{\"@type\":\"Organization\",\"@id\":\"https:\/\/www.advvisioncenters.com\/#organization\",\"name\":\"ADV Vision\",\"url\":\"https:\/\/www.advvisioncenters.com\/\",\"logo\":{\"@type\":\"ImageObject\",\"inLanguage\":\"es\",\"@id\":\"https:\/\/www.advvisioncenters.com\/#\/schema\/logo\/image\/\",\"url\":\"https:\/\/www.advvisioncenters.com\/wp-content\/uploads\/adv-vision-logo.png\",\"contentUrl\":\"https:\/\/www.advvisioncenters.com\/wp-content\/uploads\/adv-vision-logo.png\",\"width\":470,\"height\":120,\"caption\":\"ADV Vision\"},\"image\":{\"@id\":\"https:\/\/www.advvisioncenters.com\/#\/schema\/logo\/image\/\"}}]}<\/script>\n<!-- \/ Yoast SEO plugin. -->","yoast_head_json":{"title":"Ex\u00e1menes y tratamientos oftalmol\u00f3gicos | Cuidado integral de la vista \u2013 ADV Vision","description":"ADV Vision ofrece ex\u00e1menes oftalmol\u00f3gicos completos y tratamiento para afecciones oculares como ojo seco, retinopat\u00eda diab\u00e9tica, degeneraci\u00f3n macular y m\u00e1s. Visite nuestras cl\u00ednicas oftalmol\u00f3gicas en San Luis Obispo, Santa Maria o Paso Robles.","robots":{"index":"index","follow":"follow","max-snippet":"max-snippet:-1","max-image-preview":"max-image-preview:large","max-video-preview":"max-video-preview:-1"},"canonical":"https:\/\/www.advvisioncenters.com\/es\/medical-eye-exams-treatment\/","og_locale":"es_MX","og_type":"article","og_title":"Medical Eye Exams & Treatment | Comprehensive Eye Care \u2013 ADV Vision","og_description":"ADV Vision offers comprehensive medical eye exams and treatment for eye conditions such as dry eye, diabetic eye disease, macular degeneration, and more. Visit our ophthalmology clinics in San Luis Obispo, Santa Maria, or Paso Robles.","og_url":"https:\/\/www.advvisioncenters.com\/es\/medical-eye-exams-treatment\/","og_site_name":"ADV Vision","article_modified_time":"2025-10-15T19:54:26+00:00","og_image":[{"width":470,"height":120,"url":"https:\/\/www.advvisioncenters.com\/wp-content\/uploads\/adv-vision-logo.png","type":"image\/png"}],"twitter_card":"summary_large_image","twitter_misc":{"Tiempo de lectura":"3 minutos"},"schema":{"@context":"https:\/\/schema.org","@graph":[{"@type":"WebPage","@id":"https:\/\/www.advvisioncenters.com\/medical-eye-exams-treatment\/","url":"https:\/\/www.advvisioncenters.com\/medical-eye-exams-treatment\/","name":"Ex\u00e1menes y tratamientos oftalmol\u00f3gicos | Cuidado integral de la vista \u2013 ADV Vision","isPartOf":{"@id":"https:\/\/www.advvisioncenters.com\/#website"},"datePublished":"2022-05-03T20:28:14+00:00","dateModified":"2025-10-15T19:54:26+00:00","description":"ADV Vision ofrece ex\u00e1menes oftalmol\u00f3gicos completos y tratamiento para afecciones oculares como ojo seco, retinopat\u00eda diab\u00e9tica, degeneraci\u00f3n macular y m\u00e1s. Visite nuestras cl\u00ednicas oftalmol\u00f3gicas en San Luis Obispo, Santa Maria o Paso Robles.","breadcrumb":{"@id":"https:\/\/www.advvisioncenters.com\/medical-eye-exams-treatment\/#breadcrumb"},"inLanguage":"es","potentialAction":[{"@type":"ReadAction","target":["https:\/\/www.advvisioncenters.com\/medical-eye-exams-treatment\/"]}]},{"@type":"BreadcrumbList","@id":"https:\/\/www.advvisioncenters.com\/medical-eye-exams-treatment\/#breadcrumb","itemListElement":[{"@type":"ListItem","position":1,"name":"Home","item":"https:\/\/www.advvisioncenters.com\/"},{"@type":"ListItem","position":2,"name":"Medical Eye Care in Central California"}]},{"@type":"WebSite","@id":"https:\/\/www.advvisioncenters.com\/#website","url":"https:\/\/www.advvisioncenters.com\/","name":"ADV Vision","description":"","publisher":{"@id":"https:\/\/www.advvisioncenters.com\/#organization"},"potentialAction":[{"@type":"SearchAction","target":{"@type":"EntryPoint","urlTemplate":"https:\/\/www.advvisioncenters.com\/?s={search_term_string}"},"query-input":{"@type":"PropertyValueSpecification","valueRequired":true,"valueName":"search_term_string"}}],"inLanguage":"es"},{"@type":"Organization","@id":"https:\/\/www.advvisioncenters.com\/#organization","name":"ADV Vision","url":"https:\/\/www.advvisioncenters.com\/","logo":{"@type":"ImageObject","inLanguage":"es","@id":"https:\/\/www.advvisioncenters.com\/#\/schema\/logo\/image\/","url":"https:\/\/www.advvisioncenters.com\/wp-content\/uploads\/adv-vision-logo.png","contentUrl":"https:\/\/www.advvisioncenters.com\/wp-content\/uploads\/adv-vision-logo.png","width":470,"height":120,"caption":"ADV Vision"},"image":{"@id":"https:\/\/www.advvisioncenters.com\/#\/schema\/logo\/image\/"}}]}},"taxonomy_info":{"post_tag":[{"value":4,"label":"service"}]},"featured_image_src_large":false,"author_info":{"display_name":"onur","author_link":"https:\/\/www.advvisioncenters.com\/es\/blog\/author\/onur\/"},"comment_info":0,"_links":{"self":[{"href":"https:\/\/www.advvisioncenters.com\/es\/wp-json\/wp\/v2\/pages\/73","targetHints":{"allow":["GET"]}}],"collection":[{"href":"https:\/\/www.advvisioncenters.com\/es\/wp-json\/wp\/v2\/pages"}],"about":[{"href":"https:\/\/www.advvisioncenters.com\/es\/wp-json\/wp\/v2\/types\/page"}],"author":[{"embeddable":true,"href":"https:\/\/www.advvisioncenters.com\/es\/wp-json\/wp\/v2\/users\/1"}],"replies":[{"embeddable":true,"href":"https:\/\/www.advvisioncenters.com\/es\/wp-json\/wp\/v2\/comments?post=73"}],"version-history":[{"count":26,"href":"https:\/\/www.advvisioncenters.com\/es\/wp-json\/wp\/v2\/pages\/73\/revisions"}],"predecessor-version":[{"id":5621,"href":"https:\/\/www.advvisioncenters.com\/es\/wp-json\/wp\/v2\/pages\/73\/revisions\/5621"}],"wp:attachment":[{"href":"https:\/\/www.advvisioncenters.com\/es\/wp-json\/wp\/v2\/media?parent=73"}],"wp:term":[{"taxonomy":"post_tag","embeddable":true,"href":"https:\/\/www.advvisioncenters.com\/es\/wp-json\/wp\/v2\/tags?post=73"}],"curies":[{"name":"wp","href":"https:\/\/api.w.org\/{rel}","templated":true}]}}