{"id":5823,"date":"2026-03-13T10:13:18","date_gmt":"2026-03-13T14:13:18","guid":{"rendered":"https:\/\/www.advvisioncenters.com\/?page_id=5823"},"modified":"2026-03-13T10:15:38","modified_gmt":"2026-03-13T14:15:38","slug":"for-physicians","status":"publish","type":"page","link":"https:\/\/www.advvisioncenters.com\/es\/for-physicians\/","title":{"rendered":"Para m\u00e9dicos y pacientes remitentes"},"content":{"rendered":"<h2 class=\"wp-block-heading\">Recomiende o programe una cita para un paciente utilizando nuestras herramientas digitales.<\/h2>\n\n\n\n<p>El equipo de ADV Vision se enorgullece en anunciar que \u00a1hemos implementado un nuevo proceso de referencias digitales! Ahora tiene la capacidad de\u00a0<strong>Rem\u00edtanos a sus pacientes en un formato digital optimizado.<\/strong>\u2014y para citas seleccionadas, tambi\u00e9n puede\u00a0<strong>Programe la cita de su paciente directamente en l\u00ednea.<\/strong>.<\/p>\n\n\n\n<div class=\"wp-block-columns is-layout-flex wp-container-core-columns-is-layout-9d6595d7 wp-block-columns-is-layout-flex\">\n<div class=\"wp-block-column has-very-dark-gray-color has-text-color has-background has-link-color wp-elements-fb1da11c20353882125f9ab12275703d is-layout-flow wp-block-column-is-layout-flow\" style=\"background-color:#e4c865\">\n<h3 class=\"wp-block-heading has-text-align-center\">Programe su cita en l\u00ednea ahora: m\u00e9dico o paciente.<\/h3>\n\n\n\n<p class=\"has-text-align-center\">Reserve una cita directamente a trav\u00e9s de nuestro sistema de reservas en l\u00ednea seguro.<\/p>\n\n\n\n<ul class=\"wp-block-list\">\n<li>Consulta la disponibilidad de citas y elige una ubicaci\u00f3n.<\/li>\n\n\n\n<li>Seleccione sus preferencias de proveedor cuando est\u00e9n disponibles.<\/li>\n\n\n\n<li>Confirma los detalles de la cita al instante.<\/li>\n<\/ul>\n\n\n\n<script>\nlocData = [{value:\"null\",textContent:\"Select a location\"}\n, {value:6298,textContent:\"Paso Robles\"}\n, {value:6300,textContent:\"San Luis Obispo\"}\n, {value:6301,textContent:\"Santa Maria\"}\n]\nprovData = [{value:\"null\",textContent:\"Select a provider\"}\n, {value:\"6300\/69412\",textContent:\"Adam Abroms, MD\"}\n, {value:\"6300\/69413\",textContent:\"John B. Cotter, MD\"}\n, {value:\"6300\/69414\",textContent:\"Yanlei K. Wu, OD\"}\n]\n<\/script>\n<div id=\"nextpatient-widget-container\"><\/div>\n<script id=\"np-multi-widget\" src=\"https:\/\/nextpatient.co\/static\/misc\/multi-widget.js\" data-faaset=\"1\" data-faasite=\"advvisioncenters\"><\/script>\n<\/div>\n\n\n\n<div class=\"wp-block-column has-very-dark-gray-color has-text-color has-background has-link-color wp-elements-7d0e9574955d8737dc5638cd57a05b57 is-layout-flow wp-block-column-is-layout-flow\" style=\"background-color:#e4c865\">\n<h3 class=\"wp-block-heading has-text-align-center\">Recomiende a un paciente utilizando nuestro formulario de derivaci\u00f3n digital.<\/h3>\n\n\n\n<ul class=\"wp-block-list\">\n<li>No se requieren credenciales de inicio de sesi\u00f3n ni de registro.<\/li>\n\n\n\n<li>Formulario de derivaci\u00f3n r\u00e1pido y sencillo para los datos del m\u00e9dico remitente, la informaci\u00f3n del paciente y las preferencias del proveedor.<\/li>\n\n\n\n<li>Agregue notas cl\u00ednicas o detalles adicionales seg\u00fan sea necesario.<\/li>\n\n\n\n<li>La informaci\u00f3n del consultorio remitente se guarda para que las derivaciones futuras sean m\u00e1s r\u00e1pidas y sencillas.<\/li>\n<\/ul>\n\n\n\n<div class=\"wp-block-buttons is-content-justification-center is-layout-flex wp-container-core-buttons-is-layout-16018d1d wp-block-buttons-is-layout-flex\">\n<div class=\"wp-block-button\"><a class=\"wp-block-button__link has-text-align-center wp-element-button\" href=\"https:\/\/referrals.advvisioncenters.com\/\">Recomendar un paciente<\/a><\/div>\n<\/div>\n\n\n\n<p class=\"has-text-align-center\"><strong>\u00a1Mejor comunicaci\u00f3n!<\/strong><\/p>\n\n\n\n<ul class=\"wp-block-list\">\n<li>Los centros remitentes reciben una confirmaci\u00f3n por correo electr\u00f3nico inmediatamente despu\u00e9s de la presentaci\u00f3n.<\/li>\n\n\n\n<li>Se proporcionan actualizaciones de estado a lo largo de todo el proceso del paciente.<\/li>\n\n\n\n<li>Se le notificar\u00e1 cuando se haya contactado al paciente y cuando se haya programado una cita.<\/li>\n\n\n\n<li>Si nuestro equipo no puede completar la programaci\u00f3n, le enviaremos una notificaci\u00f3n con el motivo y los pasos a seguir.<\/li>\n<\/ul>\n<\/div>\n<\/div>\n\n\n\n<hr class=\"wp-block-separator has-alpha-channel-opacity\"\/>\n\n\n\n<h2 class=\"wp-block-heading\">Nos comprometemos a ayudar a sus pacientes a sentirse y verse lo mejor posible.<\/h2>\n\n\n\n<p>En ADV Vision, nos enorgullece colaborar con proveedores de referencia para brindar atenci\u00f3n oftalmol\u00f3gica de primer nivel a pacientes en toda la Costa Central. Nuestros m\u00e9dicos y personal est\u00e1n comprometidos a garantizar que cada paciente reciba atenci\u00f3n experta, compasiva y oportuna, desde la consulta hasta el tratamiento y el seguimiento. ADV Vision ofrece una amplia gama de servicios, que incluyen cirug\u00eda de cataratas, LASIK y correcci\u00f3n de la visi\u00f3n, atenci\u00f3n del glaucoma, servicios de c\u00f3rnea, atenci\u00f3n oftalmol\u00f3gica m\u00e9dica y atenci\u00f3n oftalmol\u00f3gica de emergencia, con ubicaciones en&nbsp;<strong>San Luis Obispo, Paso Robles y Santa Mar\u00eda<\/strong>.&nbsp;<\/p>\n\n\n\n<p>Para brindar un mejor servicio a nuestros socios remitentes, ADV Vision ahora ofrece un servicio dedicado.&nbsp;<strong>Coordinador de derivaciones<\/strong>&nbsp;Para agilizar la comunicaci\u00f3n y brindarle asistencia inmediata cuando m\u00e1s la necesite. Su llamada tendr\u00e1 prioridad para que nuestro equipo pueda ayudarle r\u00e1pidamente con:<\/p>\n\n\n\n<ul class=\"wp-block-list\">\n<li><strong>Programaci\u00f3n de citas para nuevos pacientes<\/strong>\u00a0<em>(Solo para m\u00e9dicos)<\/em><\/li>\n\n\n\n<li><strong>Cambios o cancelaciones de citas<\/strong><\/li>\n\n\n\n<li><strong>Coordinaci\u00f3n del seguimiento individualizado del paciente<\/strong><\/li>\n\n\n\n<li><strong>Preguntas relacionadas con los servicios, los proveedores o el acceso a la cl\u00ednica.<\/strong><\/li>\n<\/ul>\n\n\n\n<p>Nuestro objetivo es que cada proceso de derivaci\u00f3n sea fluido, eficiente y \u00e1gil, para que usted tenga la seguridad de que sus pacientes est\u00e1n en buenas manos.<\/p>\n\n\n\n<div class=\"wp-block-buttons is-layout-flex wp-block-buttons-is-layout-flex\">\n<div class=\"wp-block-button\"><a class=\"wp-block-button__link wp-element-button\" href=\"https:\/\/referrals.advvisioncenters.com\/\">\u00a1Recomiende un paciente ahora!<\/a><\/div>\n<\/div>","protected":false},"excerpt":{"rendered":"<p>Refer or Schedule a Patient Using Our Digital Tools The team at ADV Vision is proud to announce that we have a new digital referral process in place! You now have the capability to\u00a0refer your patients to us in a streamlined digital format\u2014and for select appointments, you may also\u00a0schedule your patient directly online. Schedule Online [&hellip;]<\/p>","protected":false},"author":2,"featured_media":0,"parent":0,"menu_order":0,"comment_status":"closed","ping_status":"closed","template":"","meta":{"_acf_changed":false,"_kad_blocks_custom_css":"","_kad_blocks_head_custom_js":"","_kad_blocks_body_custom_js":"","_kad_blocks_footer_custom_js":"","footnotes":""},"tags":[],"class_list":["post-5823","page","type-page","status-publish","hentry"],"acf":[],"yoast_head":"<!-- This site is optimized with the Yoast SEO plugin v26.2 - https:\/\/yoast.com\/wordpress\/plugins\/seo\/ -->\n<title>For Physicians And Referring Patients | ADV Vision<\/title>\n<meta name=\"description\" content=\"Refer patients to ADV Vision or schedule appointments quickly through our physician referral page and dedicated coordinator.\" \/>\n<meta name=\"robots\" content=\"index, follow, max-snippet:-1, max-image-preview:large, max-video-preview:-1\" \/>\n<link rel=\"canonical\" href=\"https:\/\/www.advvisioncenters.com\/es\/for-physicians\/\" \/>\n<meta property=\"og:locale\" content=\"es_MX\" \/>\n<meta property=\"og:type\" content=\"article\" \/>\n<meta property=\"og:title\" content=\"For Physicians And Referring Patients | ADV Vision\" \/>\n<meta property=\"og:description\" content=\"Refer patients to ADV Vision or schedule appointments quickly through our physician referral page and dedicated coordinator.\" \/>\n<meta property=\"og:url\" content=\"https:\/\/www.advvisioncenters.com\/es\/for-physicians\/\" \/>\n<meta property=\"og:site_name\" content=\"ADV Vision\" \/>\n<meta property=\"article:modified_time\" content=\"2026-03-13T14:15:38+00:00\" \/>\n<meta property=\"og:image\" content=\"https:\/\/www.advvisioncenters.com\/wp-content\/uploads\/adv-vision-logo.png\" \/>\n\t<meta property=\"og:image:width\" content=\"470\" \/>\n\t<meta property=\"og:image:height\" content=\"120\" \/>\n\t<meta property=\"og:image:type\" content=\"image\/png\" \/>\n<meta name=\"twitter:card\" content=\"summary_large_image\" \/>\n<meta name=\"twitter:label1\" content=\"Tiempo de lectura\" \/>\n\t<meta name=\"twitter:data1\" content=\"2 minutos\" \/>\n<script type=\"application\/ld+json\" class=\"yoast-schema-graph\">{\"@context\":\"https:\/\/schema.org\",\"@graph\":[{\"@type\":\"WebPage\",\"@id\":\"https:\/\/www.advvisioncenters.com\/for-physicians\/\",\"url\":\"https:\/\/www.advvisioncenters.com\/for-physicians\/\",\"name\":\"For Physicians And Referring Patients | ADV Vision\",\"isPartOf\":{\"@id\":\"https:\/\/www.advvisioncenters.com\/#website\"},\"datePublished\":\"2026-03-13T14:13:18+00:00\",\"dateModified\":\"2026-03-13T14:15:38+00:00\",\"description\":\"Refer patients to ADV Vision or schedule appointments quickly through our physician referral page and dedicated coordinator.\",\"breadcrumb\":{\"@id\":\"https:\/\/www.advvisioncenters.com\/for-physicians\/#breadcrumb\"},\"inLanguage\":\"es\",\"potentialAction\":[{\"@type\":\"ReadAction\",\"target\":[\"https:\/\/www.advvisioncenters.com\/for-physicians\/\"]}]},{\"@type\":\"BreadcrumbList\",\"@id\":\"https:\/\/www.advvisioncenters.com\/for-physicians\/#breadcrumb\",\"itemListElement\":[{\"@type\":\"ListItem\",\"position\":1,\"name\":\"Home\",\"item\":\"https:\/\/www.advvisioncenters.com\/\"},{\"@type\":\"ListItem\",\"position\":2,\"name\":\"For Physicians And Referring Patients\"}]},{\"@type\":\"WebSite\",\"@id\":\"https:\/\/www.advvisioncenters.com\/#website\",\"url\":\"https:\/\/www.advvisioncenters.com\/\",\"name\":\"ADV Vision\",\"description\":\"\",\"publisher\":{\"@id\":\"https:\/\/www.advvisioncenters.com\/#organization\"},\"potentialAction\":[{\"@type\":\"SearchAction\",\"target\":{\"@type\":\"EntryPoint\",\"urlTemplate\":\"https:\/\/www.advvisioncenters.com\/?s={search_term_string}\"},\"query-input\":{\"@type\":\"PropertyValueSpecification\",\"valueRequired\":true,\"valueName\":\"search_term_string\"}}],\"inLanguage\":\"es\"},{\"@type\":\"Organization\",\"@id\":\"https:\/\/www.advvisioncenters.com\/#organization\",\"name\":\"ADV Vision\",\"url\":\"https:\/\/www.advvisioncenters.com\/\",\"logo\":{\"@type\":\"ImageObject\",\"inLanguage\":\"es\",\"@id\":\"https:\/\/www.advvisioncenters.com\/#\/schema\/logo\/image\/\",\"url\":\"https:\/\/www.advvisioncenters.com\/wp-content\/uploads\/adv-vision-logo.png\",\"contentUrl\":\"https:\/\/www.advvisioncenters.com\/wp-content\/uploads\/adv-vision-logo.png\",\"width\":470,\"height\":120,\"caption\":\"ADV Vision\"},\"image\":{\"@id\":\"https:\/\/www.advvisioncenters.com\/#\/schema\/logo\/image\/\"}}]}<\/script>\n<!-- \/ Yoast SEO plugin. -->","yoast_head_json":{"title":"For Physicians And Referring Patients | ADV Vision","description":"Refer patients to ADV Vision or schedule appointments quickly through our physician referral page and dedicated coordinator.","robots":{"index":"index","follow":"follow","max-snippet":"max-snippet:-1","max-image-preview":"max-image-preview:large","max-video-preview":"max-video-preview:-1"},"canonical":"https:\/\/www.advvisioncenters.com\/es\/for-physicians\/","og_locale":"es_MX","og_type":"article","og_title":"For Physicians And Referring Patients | ADV Vision","og_description":"Refer patients to ADV Vision or schedule appointments quickly through our physician referral page and dedicated coordinator.","og_url":"https:\/\/www.advvisioncenters.com\/es\/for-physicians\/","og_site_name":"ADV Vision","article_modified_time":"2026-03-13T14:15:38+00:00","og_image":[{"width":470,"height":120,"url":"https:\/\/www.advvisioncenters.com\/wp-content\/uploads\/adv-vision-logo.png","type":"image\/png"}],"twitter_card":"summary_large_image","twitter_misc":{"Tiempo de lectura":"2 minutos"},"schema":{"@context":"https:\/\/schema.org","@graph":[{"@type":"WebPage","@id":"https:\/\/www.advvisioncenters.com\/for-physicians\/","url":"https:\/\/www.advvisioncenters.com\/for-physicians\/","name":"For Physicians And Referring Patients | ADV Vision","isPartOf":{"@id":"https:\/\/www.advvisioncenters.com\/#website"},"datePublished":"2026-03-13T14:13:18+00:00","dateModified":"2026-03-13T14:15:38+00:00","description":"Refer patients to ADV Vision or schedule appointments quickly through our physician referral page and dedicated coordinator.","breadcrumb":{"@id":"https:\/\/www.advvisioncenters.com\/for-physicians\/#breadcrumb"},"inLanguage":"es","potentialAction":[{"@type":"ReadAction","target":["https:\/\/www.advvisioncenters.com\/for-physicians\/"]}]},{"@type":"BreadcrumbList","@id":"https:\/\/www.advvisioncenters.com\/for-physicians\/#breadcrumb","itemListElement":[{"@type":"ListItem","position":1,"name":"Home","item":"https:\/\/www.advvisioncenters.com\/"},{"@type":"ListItem","position":2,"name":"For Physicians And Referring Patients"}]},{"@type":"WebSite","@id":"https:\/\/www.advvisioncenters.com\/#website","url":"https:\/\/www.advvisioncenters.com\/","name":"ADV Vision","description":"","publisher":{"@id":"https:\/\/www.advvisioncenters.com\/#organization"},"potentialAction":[{"@type":"SearchAction","target":{"@type":"EntryPoint","urlTemplate":"https:\/\/www.advvisioncenters.com\/?s={search_term_string}"},"query-input":{"@type":"PropertyValueSpecification","valueRequired":true,"valueName":"search_term_string"}}],"inLanguage":"es"},{"@type":"Organization","@id":"https:\/\/www.advvisioncenters.com\/#organization","name":"ADV Vision","url":"https:\/\/www.advvisioncenters.com\/","logo":{"@type":"ImageObject","inLanguage":"es","@id":"https:\/\/www.advvisioncenters.com\/#\/schema\/logo\/image\/","url":"https:\/\/www.advvisioncenters.com\/wp-content\/uploads\/adv-vision-logo.png","contentUrl":"https:\/\/www.advvisioncenters.com\/wp-content\/uploads\/adv-vision-logo.png","width":470,"height":120,"caption":"ADV Vision"},"image":{"@id":"https:\/\/www.advvisioncenters.com\/#\/schema\/logo\/image\/"}}]}},"taxonomy_info":[],"featured_image_src_large":false,"author_info":{"display_name":"glacialedits","author_link":"https:\/\/www.advvisioncenters.com\/es\/blog\/author\/glacialedits\/"},"comment_info":0,"_links":{"self":[{"href":"https:\/\/www.advvisioncenters.com\/es\/wp-json\/wp\/v2\/pages\/5823","targetHints":{"allow":["GET"]}}],"collection":[{"href":"https:\/\/www.advvisioncenters.com\/es\/wp-json\/wp\/v2\/pages"}],"about":[{"href":"https:\/\/www.advvisioncenters.com\/es\/wp-json\/wp\/v2\/types\/page"}],"author":[{"embeddable":true,"href":"https:\/\/www.advvisioncenters.com\/es\/wp-json\/wp\/v2\/users\/2"}],"replies":[{"embeddable":true,"href":"https:\/\/www.advvisioncenters.com\/es\/wp-json\/wp\/v2\/comments?post=5823"}],"version-history":[{"count":3,"href":"https:\/\/www.advvisioncenters.com\/es\/wp-json\/wp\/v2\/pages\/5823\/revisions"}],"predecessor-version":[{"id":5826,"href":"https:\/\/www.advvisioncenters.com\/es\/wp-json\/wp\/v2\/pages\/5823\/revisions\/5826"}],"wp:attachment":[{"href":"https:\/\/www.advvisioncenters.com\/es\/wp-json\/wp\/v2\/media?parent=5823"}],"wp:term":[{"taxonomy":"post_tag","embeddable":true,"href":"https:\/\/www.advvisioncenters.com\/es\/wp-json\/wp\/v2\/tags?post=5823"}],"curies":[{"name":"wp","href":"https:\/\/api.w.org\/{rel}","templated":true}]}}