{"id":5809,"date":"2026-02-27T12:07:40","date_gmt":"2026-02-27T17:07:40","guid":{"rendered":"https:\/\/www.advvisioncenters.com\/?page_id=5809"},"modified":"2026-02-27T12:09:40","modified_gmt":"2026-02-27T17:09:40","slug":"privacy-policy","status":"publish","type":"page","link":"https:\/\/www.advvisioncenters.com\/es\/privacy-policy\/","title":{"rendered":"pol\u00edtica de privacidad"},"content":{"rendered":"<p>Esta Pol\u00edtica de Privacidad describe c\u00f3mo&nbsp;<strong>Centro de visi\u00f3n ADV<\/strong>&nbsp;(\u201cADV\u201d, \u201cnosotros\u201d, \u201cnos\u201d o \u201cnuestro\u201d) recopila, utiliza, divulga y protege la informaci\u00f3n cuando usted visita nuestro sitio web, se comunica con nosotros, solicita una cita o se comunica con nosotros. ADV Vision Center est\u00e1 afiliado a&nbsp;<strong>Unifeye Vision Partners (UVP)<\/strong>.<\/p>\n\n\n\n<h2 class=\"wp-block-heading\">1) Informaci\u00f3n que recopilamos<\/h2>\n\n\n\n<p>Podemos recopilar las siguientes categor\u00edas de informaci\u00f3n:<\/p>\n\n\n\n<h3 class=\"wp-block-heading\"><strong>Informaci\u00f3n que usted nos proporciona<\/strong>:<\/h3>\n\n\n\n<ul class=\"wp-block-list\">\n<li>Datos de contacto (como nombre, correo electr\u00f3nico, n\u00famero de tel\u00e9fono, direcci\u00f3n)<\/li>\n\n\n\n<li>Informaci\u00f3n sobre citas y consultas que usted env\u00eda a trav\u00e9s de formularios o comunicaci\u00f3n telef\u00f3nica\/por correo electr\u00f3nico.<\/li>\n\n\n\n<li>Comunicaciones que nos env\u00edas (incluidos mensajes, preguntas y comentarios)<\/li>\n<\/ul>\n\n\n\n<h3 class=\"wp-block-heading\"><strong>Informaci\u00f3n recopilada autom\u00e1ticamente<\/strong>:<\/h3>\n\n\n\n<ul class=\"wp-block-list\">\n<li>Datos del dispositivo y de uso (direcci\u00f3n IP, tipo de navegador, identificadores del dispositivo, p\u00e1ginas visitadas, URL de referencia, ubicaci\u00f3n aproximada derivada de la IP y datos de interacci\u00f3n con el sitio web).<\/li>\n\n\n\n<li>Cookies y tecnolog\u00edas similares (v\u00e9ase \u201cCookies y seguimiento\u201d m\u00e1s abajo)<\/li>\n<\/ul>\n\n\n\n<h3 class=\"wp-block-heading\"><strong>Nota importante sobre la informaci\u00f3n sanitaria<\/strong>:<\/h3>\n\n\n\n<p>Este sitio web no est\u00e1 destinado a comunicaciones m\u00e9dicas de emergencia o urgentes. No env\u00ede informaci\u00f3n m\u00e9dica altamente sensible a trav\u00e9s de los formularios generales del sitio web a menos que el formulario lo solicite espec\u00edficamente para la coordinaci\u00f3n de la atenci\u00f3n. Si se trata de una emergencia, llame al\u00a0<strong>911<\/strong>.<\/p>\n\n\n\n<hr class=\"wp-block-separator has-alpha-channel-opacity\"\/>\n\n\n\n<h2 class=\"wp-block-heading\">2) C\u00f3mo utilizamos la informaci\u00f3n<\/h2>\n\n\n\n<p>Utilizamos la informaci\u00f3n para:<\/p>\n\n\n\n<ul class=\"wp-block-list\">\n<li>Responder a consultas y brindar servicio al cliente.<\/li>\n\n\n\n<li>Programar y gestionar citas y comunicaciones relacionadas.<\/li>\n\n\n\n<li>Enviar comunicaciones relacionadas con el servicio (confirmaciones de citas, recordatorios, actualizaciones, instrucciones de seguimiento).<\/li>\n\n\n\n<li>Mejorar y mantener nuestro sitio web y servicios (an\u00e1lisis, rendimiento, resoluci\u00f3n de problemas).<\/li>\n\n\n\n<li>Le proporcionaremos informaci\u00f3n relevante sobre nuestros servicios (y, si lo desea, comunicaciones de marketing).<\/li>\n\n\n\n<li>Detectar y prevenir el fraude, proteger la seguridad y cumplir con las obligaciones legales.<\/li>\n<\/ul>\n\n\n\n<hr class=\"wp-block-separator has-alpha-channel-opacity\"\/>\n\n\n\n<h2 class=\"wp-block-heading\">3) C\u00f3mo compartimos la informaci\u00f3n<\/h2>\n\n\n\n<p>Podemos compartir informaci\u00f3n en las siguientes circunstancias:<\/p>\n\n\n\n<ul class=\"wp-block-list\">\n<li><strong>Proveedores de servicios:<\/strong>\u00a0Con proveedores que nos ayudan a operar nuestro negocio (por ejemplo, alojamiento web, sistemas de citas, an\u00e1lisis de datos, plataformas de comunicaci\u00f3n). Estos proveedores solo est\u00e1n autorizados a usar la informaci\u00f3n para prestarnos servicios.<\/li>\n\n\n\n<li><strong>Entidades afiliadas:<\/strong>\u00a0Con entidades y pr\u00e1cticas afiliadas a UVP para fines operativos, administrativos y relacionados con el servicio.<\/li>\n\n\n\n<li><strong>Aspectos legales y de seguridad:<\/strong>\u00a0Para cumplir con las leyes, reglamentos, procesos legales o solicitudes gubernamentales aplicables; para proteger los derechos, la propiedad y la seguridad de ADV, nuestros pacientes u otros.<\/li>\n\n\n\n<li><strong>Transferencias de empresas:<\/strong>\u00a0En relaci\u00f3n con una fusi\u00f3n, adquisici\u00f3n, financiaci\u00f3n, reorganizaci\u00f3n o venta de activos.<\/li>\n<\/ul>\n\n\n\n<p>No vendemos su informaci\u00f3n personal en el sentido tradicional.<\/p>\n\n\n\n<hr class=\"wp-block-separator has-alpha-channel-opacity\"\/>\n\n\n\n<h2 class=\"wp-block-heading\">4) Privacidad y t\u00e9rminos de los mensajes de texto (SMS) (DCA \/ 10DLC)<\/h2>\n\n\n\n<p>Si opta por recibir mensajes de texto de&nbsp;<strong>Centro de visi\u00f3n ADV<\/strong>, Podemos enviarle mensajes SMS, como recordatorios de citas, actualizaciones de programaci\u00f3n, instrucciones posteriores a la visita, notificaciones relacionadas con el servicio y (si usted lo autoriza por separado) mensajes promocionales ocasionales.<\/p>\n\n\n\n<p><strong>Frecuencia de los mensajes:<\/strong>\u00a0La frecuencia de los mensajes puede variar.<br><strong>Tarifas de mensajes y datos:<\/strong>\u00a0Dependiendo de tu plan de telefon\u00eda m\u00f3vil, pueden aplicarse tarifas por mensajes y datos.<br><strong>Exclusi\u00f3n voluntaria:<\/strong>\u00a0Responder\u00a0<strong>DETENER<\/strong>\u00a0Puede darse de baja en cualquier momento.<br><strong>Ayuda:<\/strong>\u00a0Responder\u00a0<strong>AYUDA<\/strong>\u00a0Para obtener ayuda, o cont\u00e1ctenos en\u00a0<a href=\"tel:18057389352\"><strong>(805) 738-9352<\/strong>\u00a0<\/a>o\u00a0<strong><a>advinfo@doughertylaservision.com<\/a><\/strong>.<br><strong>Consentimiento voluntario:<\/strong>\u00a0No es necesario dar el consentimiento para recibir mensajes de texto para recibir atenci\u00f3n m\u00e9dica o servicios.<\/p>\n\n\n\n<h3 class=\"wp-block-heading\">Declaraci\u00f3n cr\u00edtica sobre la privacidad de los SMS<\/h3>\n\n\n\n<p><strong>Ning\u00fan dato de suscripci\u00f3n m\u00f3vil, consentimiento para SMS ni n\u00fameros de tel\u00e9fono recopilados para fines de SMS se compartir\u00e1 con terceros o afiliados con fines de marketing o promoci\u00f3n.<\/strong><br>Podemos compartir esta informaci\u00f3n.&nbsp;<strong>solo<\/strong>&nbsp;con los proveedores, proveedores de plataformas o agregadores necesarios para entregar comunicaciones SMS.<\/p>\n\n\n\n<hr class=\"wp-block-separator has-alpha-channel-opacity\"\/>\n\n\n\n<h2 class=\"wp-block-heading\">5) Cookies y tecnolog\u00edas de seguimiento<\/h2>\n\n\n\n<p>Utilizamos cookies y tecnolog\u00edas similares para el funcionamiento de nuestro sitio web, mejorar su funcionalidad, comprender su uso y optimizar su rendimiento. Puede controlar las cookies a trav\u00e9s de la configuraci\u00f3n de su navegador. Deshabilitarlas puede afectar algunas funciones del sitio web.<\/p>\n\n\n\n<p>Podemos utilizar herramientas de an\u00e1lisis (por ejemplo, an\u00e1lisis web) para ayudarnos a comprender c\u00f3mo los visitantes utilizan nuestro sitio y para mejorar nuestros servicios.<\/p>\n\n\n\n<hr class=\"wp-block-separator has-alpha-channel-opacity\"\/>\n\n\n\n<h2 class=\"wp-block-heading\">6) Tus opciones<\/h2>\n\n\n\n<p>Puedes:<\/p>\n\n\n\n<ul class=\"wp-block-list\">\n<li>Para dejar de recibir correos electr\u00f3nicos de marketing, utilice el enlace para cancelar la suscripci\u00f3n (si est\u00e1 disponible).<\/li>\n\n\n\n<li>Desactivar los SMS respondiendo\u00a0<strong>DETENER<\/strong><\/li>\n\n\n\n<li>Solicita ayuda respondiendo\u00a0<strong>AYUDA<\/strong><\/li>\n\n\n\n<li>Ajusta la configuraci\u00f3n de las cookies a trav\u00e9s de las preferencias de tu navegador.<\/li>\n<\/ul>\n\n\n\n<hr class=\"wp-block-separator has-alpha-channel-opacity\"\/>\n\n\n\n<h2 class=\"wp-block-heading\">7) Seguridad de los datos<\/h2>\n\n\n\n<p>Mantenemos medidas de seguridad administrativas, t\u00e9cnicas y f\u00edsicas razonables dise\u00f1adas para proteger su informaci\u00f3n. Ning\u00fan sistema de seguridad es perfecto y no podemos garantizar la seguridad absoluta.<\/p>\n\n\n\n<hr class=\"wp-block-separator has-alpha-channel-opacity\"\/>\n\n\n\n<h2 class=\"wp-block-heading\">8) Privacidad de los ni\u00f1os<\/h2>\n\n\n\n<p>Nuestro sitio web no est\u00e1 dirigido a menores de 13 a\u00f1os, y no recopilamos a sabiendas informaci\u00f3n personal de menores de 13 a\u00f1os a trav\u00e9s de este sitio web.<\/p>\n\n\n\n<hr class=\"wp-block-separator has-alpha-channel-opacity\"\/>\n\n\n\n<h2 class=\"wp-block-heading\">9) Retenci\u00f3n<\/h2>\n\n\n\n<p>Conservamos la informaci\u00f3n durante el tiempo que sea razonablemente necesario para cumplir con los fines descritos en esta Pol\u00edtica de Privacidad, cumplir con las obligaciones legales, resolver disputas y hacer cumplir nuestros acuerdos.<\/p>\n\n\n\n<hr class=\"wp-block-separator has-alpha-channel-opacity\"\/>\n\n\n\n<h2 class=\"wp-block-heading\">10) Aviso de privacidad de California (CCPA\/CPRA)<\/h2>\n\n\n\n<p>Si usted reside en California, puede tener ciertos derechos con respecto a su informaci\u00f3n personal, de conformidad con la ley aplicable. Estos pueden incluir el derecho a solicitar:<\/p>\n\n\n\n<ul class=\"wp-block-list\">\n<li>Acceso a las categor\u00edas y a los datos personales espec\u00edficos que hemos recopilado sobre usted.<\/li>\n\n\n\n<li>Eliminaci\u00f3n de informaci\u00f3n personal (con ciertas excepciones)<\/li>\n\n\n\n<li>Correcci\u00f3n de informaci\u00f3n personal inexacta<\/li>\n\n\n\n<li>Informaci\u00f3n sobre la divulgaci\u00f3n de informaci\u00f3n personal con fines comerciales.<\/li>\n\n\n\n<li>Si corresponde, opte por no participar en ciertos tipos de &quot;compartir&quot; informaci\u00f3n para publicidad conductual en contextos cruzados (seg\u00fan lo define la ley de California).<\/li>\n<\/ul>\n\n\n\n<p><strong>C\u00f3mo enviar una solicitud:<\/strong><br>Cont\u00e1ctanos en\u00a0<strong><a>advinfo@doughertylaservision.com<\/a><\/strong>\u00a0o llame\u00a0<strong>(<a href=\"tel:18057389352\">805) 738-9352<\/a><\/strong>. Es posible que necesitemos verificar su identidad antes de procesar su solicitud.<\/p>\n\n\n\n<p><strong>No discriminaci\u00f3n:<\/strong>&nbsp;No le discriminaremos por ejercer su derecho a la privacidad.<\/p>\n\n\n\n<p><strong>Nota por SMS:<\/strong>&nbsp;Nuestro&nbsp;<strong>Declaraci\u00f3n de privacidad de SMS<\/strong>&nbsp;Lo anterior se aplica a todos los usuarios, incluidos los residentes de California.&nbsp;<strong>Los datos proporcionados por los usuarios de dispositivos m\u00f3viles no se compartir\u00e1n con fines de marketing o promoci\u00f3n.<\/strong><\/p>\n\n\n\n<hr class=\"wp-block-separator has-alpha-channel-opacity\"\/>\n\n\n\n<h2 class=\"wp-block-heading\">11) Cambios a esta Pol\u00edtica de Privacidad<\/h2>\n\n\n\n<p>Podemos actualizar esta Pol\u00edtica de Privacidad peri\u00f3dicamente. La \u201cFecha de entrada en vigor\u201d que aparece arriba indica la \u00faltima fecha de revisi\u00f3n. El uso continuado del sitio web tras la publicaci\u00f3n de los cambios implica la aceptaci\u00f3n de la pol\u00edtica actualizada.<\/p>\n\n\n\n<hr class=\"wp-block-separator has-alpha-channel-opacity\"\/>\n\n\n\n<h2 class=\"wp-block-heading\">12) Cont\u00e1ctanos<\/h2>\n\n\n\n<p><strong>Centro de visi\u00f3n ADV<\/strong><br>Tel\u00e9fono:\u00a0<a href=\"tel:18057389352\"><strong>(805) 738-9352<\/strong><br><\/a>Correo electr\u00f3nico:\u00a0<strong><a>advinfo@doughertylaservision.com<\/a><\/strong><\/p>\n\n\n\n<p><\/p>","protected":false},"excerpt":{"rendered":"<p>This Privacy Policy describes how&nbsp;ADV Vision Center&nbsp;(\u201cADV,\u201d \u201cwe,\u201d \u201cus,\u201d or \u201cour\u201d) collects, uses, discloses, and safeguards information when you visit our website, contact us, request an appointment, or communicate with us. ADV Vision Center is affiliated with&nbsp;Unifeye Vision Partners (UVP). 1) Information We Collect We may collect the following categories of information: Information you provide [&hellip;]<\/p>","protected":false},"author":2,"featured_media":0,"parent":0,"menu_order":0,"comment_status":"closed","ping_status":"closed","template":"","meta":{"_acf_changed":false,"_kad_blocks_custom_css":"","_kad_blocks_head_custom_js":"","_kad_blocks_body_custom_js":"","_kad_blocks_footer_custom_js":"","footnotes":""},"tags":[],"class_list":["post-5809","page","type-page","status-publish","hentry"],"acf":[],"yoast_head":"<!-- This site is optimized with the Yoast SEO plugin v26.2 - https:\/\/yoast.com\/wordpress\/plugins\/seo\/ -->\n<title>Privacy Policy | ADV Vision Center<\/title>\n<meta name=\"description\" content=\"Review ADV Vision Center\u2019s Privacy Policy, including how we collect and use information, your California privacy rights, and SMS privacy disclosures (STOP\/HELP, message frequency, and data rates).\" \/>\n<meta name=\"robots\" content=\"index, follow, max-snippet:-1, max-image-preview:large, max-video-preview:-1\" \/>\n<link rel=\"canonical\" href=\"https:\/\/www.advvisioncenters.com\/es\/privacy-policy\/\" \/>\n<meta property=\"og:locale\" content=\"es_MX\" \/>\n<meta property=\"og:type\" content=\"article\" \/>\n<meta property=\"og:title\" content=\"Privacy Policy | ADV Vision Center\" \/>\n<meta property=\"og:description\" content=\"Review ADV Vision Center\u2019s Privacy Policy, including how we collect and use information, your California privacy rights, and SMS privacy disclosures (STOP\/HELP, message frequency, and data rates).\" \/>\n<meta property=\"og:url\" content=\"https:\/\/www.advvisioncenters.com\/es\/privacy-policy\/\" \/>\n<meta property=\"og:site_name\" content=\"ADV Vision\" \/>\n<meta property=\"article:modified_time\" content=\"2026-02-27T17:09:40+00:00\" \/>\n<meta property=\"og:image\" content=\"https:\/\/www.advvisioncenters.com\/wp-content\/uploads\/adv-vision-logo.png\" \/>\n\t<meta property=\"og:image:width\" content=\"470\" \/>\n\t<meta property=\"og:image:height\" content=\"120\" \/>\n\t<meta property=\"og:image:type\" content=\"image\/png\" \/>\n<meta name=\"twitter:card\" content=\"summary_large_image\" \/>\n<meta name=\"twitter:label1\" content=\"Tiempo de lectura\" \/>\n\t<meta name=\"twitter:data1\" content=\"4 minutos\" \/>\n<script type=\"application\/ld+json\" class=\"yoast-schema-graph\">{\"@context\":\"https:\/\/schema.org\",\"@graph\":[{\"@type\":\"WebPage\",\"@id\":\"https:\/\/www.advvisioncenters.com\/privacy-policy\/\",\"url\":\"https:\/\/www.advvisioncenters.com\/privacy-policy\/\",\"name\":\"Privacy Policy | ADV Vision Center\",\"isPartOf\":{\"@id\":\"https:\/\/www.advvisioncenters.com\/#website\"},\"datePublished\":\"2026-02-27T17:07:40+00:00\",\"dateModified\":\"2026-02-27T17:09:40+00:00\",\"description\":\"Review ADV Vision Center\u2019s Privacy Policy, including how we collect and use information, your California privacy rights, and SMS privacy disclosures (STOP\/HELP, message frequency, and data rates).\",\"breadcrumb\":{\"@id\":\"https:\/\/www.advvisioncenters.com\/privacy-policy\/#breadcrumb\"},\"inLanguage\":\"es\",\"potentialAction\":[{\"@type\":\"ReadAction\",\"target\":[\"https:\/\/www.advvisioncenters.com\/privacy-policy\/\"]}]},{\"@type\":\"BreadcrumbList\",\"@id\":\"https:\/\/www.advvisioncenters.com\/privacy-policy\/#breadcrumb\",\"itemListElement\":[{\"@type\":\"ListItem\",\"position\":1,\"name\":\"Home\",\"item\":\"https:\/\/www.advvisioncenters.com\/\"},{\"@type\":\"ListItem\",\"position\":2,\"name\":\"Privacy Policy\"}]},{\"@type\":\"WebSite\",\"@id\":\"https:\/\/www.advvisioncenters.com\/#website\",\"url\":\"https:\/\/www.advvisioncenters.com\/\",\"name\":\"ADV Vision\",\"description\":\"\",\"publisher\":{\"@id\":\"https:\/\/www.advvisioncenters.com\/#organization\"},\"potentialAction\":[{\"@type\":\"SearchAction\",\"target\":{\"@type\":\"EntryPoint\",\"urlTemplate\":\"https:\/\/www.advvisioncenters.com\/?s={search_term_string}\"},\"query-input\":{\"@type\":\"PropertyValueSpecification\",\"valueRequired\":true,\"valueName\":\"search_term_string\"}}],\"inLanguage\":\"es\"},{\"@type\":\"Organization\",\"@id\":\"https:\/\/www.advvisioncenters.com\/#organization\",\"name\":\"ADV Vision\",\"url\":\"https:\/\/www.advvisioncenters.com\/\",\"logo\":{\"@type\":\"ImageObject\",\"inLanguage\":\"es\",\"@id\":\"https:\/\/www.advvisioncenters.com\/#\/schema\/logo\/image\/\",\"url\":\"https:\/\/www.advvisioncenters.com\/wp-content\/uploads\/adv-vision-logo.png\",\"contentUrl\":\"https:\/\/www.advvisioncenters.com\/wp-content\/uploads\/adv-vision-logo.png\",\"width\":470,\"height\":120,\"caption\":\"ADV Vision\"},\"image\":{\"@id\":\"https:\/\/www.advvisioncenters.com\/#\/schema\/logo\/image\/\"}}]}<\/script>\n<!-- \/ Yoast SEO plugin. -->","yoast_head_json":{"title":"Privacy Policy | ADV Vision Center","description":"Review ADV Vision Center\u2019s Privacy Policy, including how we collect and use information, your California privacy rights, and SMS privacy disclosures (STOP\/HELP, message frequency, and data rates).","robots":{"index":"index","follow":"follow","max-snippet":"max-snippet:-1","max-image-preview":"max-image-preview:large","max-video-preview":"max-video-preview:-1"},"canonical":"https:\/\/www.advvisioncenters.com\/es\/privacy-policy\/","og_locale":"es_MX","og_type":"article","og_title":"Privacy Policy | ADV Vision Center","og_description":"Review ADV Vision Center\u2019s Privacy Policy, including how we collect and use information, your California privacy rights, and SMS privacy disclosures (STOP\/HELP, message frequency, and data rates).","og_url":"https:\/\/www.advvisioncenters.com\/es\/privacy-policy\/","og_site_name":"ADV Vision","article_modified_time":"2026-02-27T17:09:40+00:00","og_image":[{"width":470,"height":120,"url":"https:\/\/www.advvisioncenters.com\/wp-content\/uploads\/adv-vision-logo.png","type":"image\/png"}],"twitter_card":"summary_large_image","twitter_misc":{"Tiempo de lectura":"4 minutos"},"schema":{"@context":"https:\/\/schema.org","@graph":[{"@type":"WebPage","@id":"https:\/\/www.advvisioncenters.com\/privacy-policy\/","url":"https:\/\/www.advvisioncenters.com\/privacy-policy\/","name":"Privacy Policy | ADV Vision Center","isPartOf":{"@id":"https:\/\/www.advvisioncenters.com\/#website"},"datePublished":"2026-02-27T17:07:40+00:00","dateModified":"2026-02-27T17:09:40+00:00","description":"Review ADV Vision Center\u2019s Privacy Policy, including how we collect and use information, your California privacy rights, and SMS privacy disclosures (STOP\/HELP, message frequency, and data rates).","breadcrumb":{"@id":"https:\/\/www.advvisioncenters.com\/privacy-policy\/#breadcrumb"},"inLanguage":"es","potentialAction":[{"@type":"ReadAction","target":["https:\/\/www.advvisioncenters.com\/privacy-policy\/"]}]},{"@type":"BreadcrumbList","@id":"https:\/\/www.advvisioncenters.com\/privacy-policy\/#breadcrumb","itemListElement":[{"@type":"ListItem","position":1,"name":"Home","item":"https:\/\/www.advvisioncenters.com\/"},{"@type":"ListItem","position":2,"name":"Privacy Policy"}]},{"@type":"WebSite","@id":"https:\/\/www.advvisioncenters.com\/#website","url":"https:\/\/www.advvisioncenters.com\/","name":"ADV Vision","description":"","publisher":{"@id":"https:\/\/www.advvisioncenters.com\/#organization"},"potentialAction":[{"@type":"SearchAction","target":{"@type":"EntryPoint","urlTemplate":"https:\/\/www.advvisioncenters.com\/?s={search_term_string}"},"query-input":{"@type":"PropertyValueSpecification","valueRequired":true,"valueName":"search_term_string"}}],"inLanguage":"es"},{"@type":"Organization","@id":"https:\/\/www.advvisioncenters.com\/#organization","name":"ADV Vision","url":"https:\/\/www.advvisioncenters.com\/","logo":{"@type":"ImageObject","inLanguage":"es","@id":"https:\/\/www.advvisioncenters.com\/#\/schema\/logo\/image\/","url":"https:\/\/www.advvisioncenters.com\/wp-content\/uploads\/adv-vision-logo.png","contentUrl":"https:\/\/www.advvisioncenters.com\/wp-content\/uploads\/adv-vision-logo.png","width":470,"height":120,"caption":"ADV Vision"},"image":{"@id":"https:\/\/www.advvisioncenters.com\/#\/schema\/logo\/image\/"}}]}},"taxonomy_info":[],"featured_image_src_large":false,"author_info":{"display_name":"glacialedits","author_link":"https:\/\/www.advvisioncenters.com\/es\/blog\/author\/glacialedits\/"},"comment_info":0,"_links":{"self":[{"href":"https:\/\/www.advvisioncenters.com\/es\/wp-json\/wp\/v2\/pages\/5809","targetHints":{"allow":["GET"]}}],"collection":[{"href":"https:\/\/www.advvisioncenters.com\/es\/wp-json\/wp\/v2\/pages"}],"about":[{"href":"https:\/\/www.advvisioncenters.com\/es\/wp-json\/wp\/v2\/types\/page"}],"author":[{"embeddable":true,"href":"https:\/\/www.advvisioncenters.com\/es\/wp-json\/wp\/v2\/users\/2"}],"replies":[{"embeddable":true,"href":"https:\/\/www.advvisioncenters.com\/es\/wp-json\/wp\/v2\/comments?post=5809"}],"version-history":[{"count":1,"href":"https:\/\/www.advvisioncenters.com\/es\/wp-json\/wp\/v2\/pages\/5809\/revisions"}],"predecessor-version":[{"id":5810,"href":"https:\/\/www.advvisioncenters.com\/es\/wp-json\/wp\/v2\/pages\/5809\/revisions\/5810"}],"wp:attachment":[{"href":"https:\/\/www.advvisioncenters.com\/es\/wp-json\/wp\/v2\/media?parent=5809"}],"wp:term":[{"taxonomy":"post_tag","embeddable":true,"href":"https:\/\/www.advvisioncenters.com\/es\/wp-json\/wp\/v2\/tags?post=5809"}],"curies":[{"name":"wp","href":"https:\/\/api.w.org\/{rel}","templated":true}]}}