{"id":5550,"date":"2025-09-16T14:51:37","date_gmt":"2025-09-16T18:51:37","guid":{"rendered":"https:\/\/www.advvisioncenters.com\/?page_id=5550"},"modified":"2026-03-16T12:40:42","modified_gmt":"2026-03-16T16:40:42","slug":"book-online","status":"publish","type":"page","link":"https:\/\/www.advvisioncenters.com\/es\/book-online\/","title":{"rendered":"Solicita una cita o reserva ahora"},"content":{"rendered":"<h2 class=\"wp-block-heading\">Dos maneras sencillas de reservar tu cita en l\u00ednea<\/h2>\n\n\n\n<p>\u00a1Elige la opci\u00f3n que mejor se adapte a ti y programa tu cita en tan solo unos clics!<\/p>\n\n\n\n<div class=\"wp-block-columns is-layout-flex wp-container-core-columns-is-layout-9d6595d7 wp-block-columns-is-layout-flex\">\n<div class=\"wp-block-column is-layout-flow wp-block-column-is-layout-flow\">\n<h3 class=\"wp-block-heading has-text-align-center\"><strong><strong>Reserva instant\u00e1nea<\/strong><\/strong><\/h3>\n\n\n\n<p>Reserve su cita en cualquier momento con nuestro programador en l\u00ednea seguro, sin necesidad de llamar por tel\u00e9fono. <\/p>\n\n\n\n<p class=\"has-text-align-center\">Elige de forma r\u00e1pida y sencilla tu ubicaci\u00f3n y proveedor preferidos desde cualquier dispositivo.<\/p>\n\n\n\n<blockquote class=\"wp-block-quote is-layout-flow wp-block-quote-is-layout-flow\">\n<p><br><strong>Nota<\/strong>:Programe en l\u00ednea para <strong>Catarata<\/strong>, <strong>LASIK<\/strong>, <strong>Glaucoma<\/strong>, y <strong>Atenci\u00f3n m\u00e9dica general de los ojos<\/strong>.<\/p>\n<\/blockquote>\n\n\n\n<p>Para otros tipos de visitas, por favor llamar <a href=\"tel:18059875300\">(805) 987-5300<\/a> o completa nuestro <a href=\"#rapt\">Formulario de solicitud de cita<\/a>.<\/p>\n\n\n\n<script>\nlocData = [{value:\"null\",textContent:\"Select a location\"}\n, {value:6298,textContent:\"Paso Robles\"}\n, {value:6300,textContent:\"San Luis Obispo\"}\n, {value:6301,textContent:\"Santa Maria\"}\n]\nprovData = [{value:\"null\",textContent:\"Select a provider\"}\n, {value:\"6300\/69412\",textContent:\"Adam Abroms, MD\"}\n, {value:\"6300\/69413\",textContent:\"John B. Cotter, MD\"}\n, {value:\"6300\/69414\",textContent:\"Yanlei K. Wu, OD\"}\n]\n<\/script>\n<div id=\"nextpatient-widget-container\"><\/div>\n<script id=\"np-multi-widget\" src=\"https:\/\/nextpatient.co\/static\/misc\/multi-widget.js\" data-faaset=\"1\" data-faasite=\"advvisioncenters\"><\/script>\n<\/div>\n\n\n\n<div class=\"wp-block-column is-layout-flow wp-block-column-is-layout-flow\">\n<h3 class=\"wp-block-heading has-text-align-center\" id=\"rapt\"><strong>\u00bfPrefieres hablar con nosotros?<\/strong>&nbsp;<strong>Solicitar una cita<\/strong><\/h3>\n\n\n\n<p>Complete un breve formulario y nuestro equipo le devolver\u00e1 la llamada para responder cualquier pregunta y ayudarle a encontrar el horario de cita perfecto que se ajuste a su agenda.<\/p>\n\n\n\n<p class=\"has-text-align-center has-vivid-red-color has-text-color\"><strong>Por favor, no utilice este formulario para urgencias oculares. Si su consulta es urgente, llame a nuestras oficinas de inmediato.<\/strong> <\/p>\n\n\n\n<!-- forms.mdcompliant.com script begins here -->\n<script type=\"text\/javascript\" defer src=\"https:\/\/forms.mdcompliant.com\/embed\/6780540.js\" data-role=\"form\"><\/script>\n<!-- forms.mdcompliant.com script ends here -->\n<\/div>\n<\/div>\n\n\n\n<p><\/p>\n\n\n\n<p><\/p>","protected":false},"excerpt":{"rendered":"<p>Two Easy Ways to Book Your Appointment Online Choose the option that works best for you and get scheduled in just a few clicks! Instant Booking Book your appointment anytime with our secure online scheduler\u2014no phone call needed. Quickly and easily choose your preferred location and provider from any device. Note: Schedule Online for Cataract, [&hellip;]<\/p>","protected":false},"author":21,"featured_media":0,"parent":0,"menu_order":11,"comment_status":"closed","ping_status":"closed","template":"","meta":{"_acf_changed":false,"_kad_blocks_custom_css":"","_kad_blocks_head_custom_js":"","_kad_blocks_body_custom_js":"","_kad_blocks_footer_custom_js":"","footnotes":""},"tags":[],"class_list":["post-5550","page","type-page","status-publish","hentry"],"acf":[],"yoast_head":"<!-- This site is optimized with the Yoast SEO plugin v26.2 - https:\/\/yoast.com\/wordpress\/plugins\/seo\/ -->\n<title>Schedule Free Consultation - Laser Eye Surgery Consultation | ADV Vision<\/title>\n<meta name=\"description\" content=\"Want to learn more about laser eye surgery for vision correction? Use this form to request a free consultation at ADV Vision Centers today.\" \/>\n<meta name=\"robots\" content=\"index, follow, max-snippet:-1, max-image-preview:large, max-video-preview:-1\" \/>\n<link rel=\"canonical\" href=\"https:\/\/www.advvisioncenters.com\/es\/book-online\/\" \/>\n<meta property=\"og:locale\" content=\"es_MX\" \/>\n<meta property=\"og:type\" content=\"article\" \/>\n<meta property=\"og:title\" content=\"Schedule Free Consultation - Laser Eye Surgery Consultation | ADV Vision\" \/>\n<meta property=\"og:description\" content=\"Want to learn more about laser eye surgery for vision correction? Use this form to request a free consultation at ADV Vision Centers today.\" \/>\n<meta property=\"og:url\" content=\"https:\/\/www.advvisioncenters.com\/es\/book-online\/\" \/>\n<meta property=\"og:site_name\" content=\"ADV Vision\" \/>\n<meta property=\"article:modified_time\" content=\"2026-03-16T16:40:42+00:00\" \/>\n<meta property=\"og:image\" content=\"https:\/\/www.advvisioncenters.com\/wp-content\/uploads\/adv-vision-logo.png\" \/>\n\t<meta property=\"og:image:width\" content=\"470\" \/>\n\t<meta property=\"og:image:height\" content=\"120\" \/>\n\t<meta property=\"og:image:type\" content=\"image\/png\" \/>\n<meta name=\"twitter:card\" content=\"summary_large_image\" \/>\n<script type=\"application\/ld+json\" class=\"yoast-schema-graph\">{\"@context\":\"https:\/\/schema.org\",\"@graph\":[{\"@type\":\"WebPage\",\"@id\":\"https:\/\/www.advvisioncenters.com\/book-online\/\",\"url\":\"https:\/\/www.advvisioncenters.com\/book-online\/\",\"name\":\"Schedule Free Consultation - Laser Eye Surgery Consultation | ADV Vision\",\"isPartOf\":{\"@id\":\"https:\/\/www.advvisioncenters.com\/#website\"},\"datePublished\":\"2025-09-16T18:51:37+00:00\",\"dateModified\":\"2026-03-16T16:40:42+00:00\",\"description\":\"Want to learn more about laser eye surgery for vision correction? Use this form to request a free consultation at ADV Vision Centers today.\",\"breadcrumb\":{\"@id\":\"https:\/\/www.advvisioncenters.com\/book-online\/#breadcrumb\"},\"inLanguage\":\"es\",\"potentialAction\":[{\"@type\":\"ReadAction\",\"target\":[\"https:\/\/www.advvisioncenters.com\/book-online\/\"]}]},{\"@type\":\"BreadcrumbList\",\"@id\":\"https:\/\/www.advvisioncenters.com\/book-online\/#breadcrumb\",\"itemListElement\":[{\"@type\":\"ListItem\",\"position\":1,\"name\":\"Home\",\"item\":\"https:\/\/www.advvisioncenters.com\/\"},{\"@type\":\"ListItem\",\"position\":2,\"name\":\"Request an Appointment or Book Now\"}]},{\"@type\":\"WebSite\",\"@id\":\"https:\/\/www.advvisioncenters.com\/#website\",\"url\":\"https:\/\/www.advvisioncenters.com\/\",\"name\":\"ADV Vision\",\"description\":\"\",\"publisher\":{\"@id\":\"https:\/\/www.advvisioncenters.com\/#organization\"},\"potentialAction\":[{\"@type\":\"SearchAction\",\"target\":{\"@type\":\"EntryPoint\",\"urlTemplate\":\"https:\/\/www.advvisioncenters.com\/?s={search_term_string}\"},\"query-input\":{\"@type\":\"PropertyValueSpecification\",\"valueRequired\":true,\"valueName\":\"search_term_string\"}}],\"inLanguage\":\"es\"},{\"@type\":\"Organization\",\"@id\":\"https:\/\/www.advvisioncenters.com\/#organization\",\"name\":\"ADV Vision\",\"url\":\"https:\/\/www.advvisioncenters.com\/\",\"logo\":{\"@type\":\"ImageObject\",\"inLanguage\":\"es\",\"@id\":\"https:\/\/www.advvisioncenters.com\/#\/schema\/logo\/image\/\",\"url\":\"https:\/\/www.advvisioncenters.com\/wp-content\/uploads\/adv-vision-logo.png\",\"contentUrl\":\"https:\/\/www.advvisioncenters.com\/wp-content\/uploads\/adv-vision-logo.png\",\"width\":470,\"height\":120,\"caption\":\"ADV Vision\"},\"image\":{\"@id\":\"https:\/\/www.advvisioncenters.com\/#\/schema\/logo\/image\/\"}}]}<\/script>\n<!-- \/ Yoast SEO plugin. -->","yoast_head_json":{"title":"Solicite una consulta gratuita - Consulta sobre cirug\u00eda ocular l\u00e1ser | ADV Vision","description":"\u00bfDesea obtener m\u00e1s informaci\u00f3n sobre la cirug\u00eda l\u00e1ser ocular para la correcci\u00f3n de la visi\u00f3n? Utilice este formulario para solicitar hoy mismo una consulta gratuita en ADV Vision Centers.","robots":{"index":"index","follow":"follow","max-snippet":"max-snippet:-1","max-image-preview":"max-image-preview:large","max-video-preview":"max-video-preview:-1"},"canonical":"https:\/\/www.advvisioncenters.com\/es\/book-online\/","og_locale":"es_MX","og_type":"article","og_title":"Schedule Free Consultation - Laser Eye Surgery Consultation | ADV Vision","og_description":"Want to learn more about laser eye surgery for vision correction? Use this form to request a free consultation at ADV Vision Centers today.","og_url":"https:\/\/www.advvisioncenters.com\/es\/book-online\/","og_site_name":"ADV Vision","article_modified_time":"2026-03-16T16:40:42+00:00","og_image":[{"width":470,"height":120,"url":"https:\/\/www.advvisioncenters.com\/wp-content\/uploads\/adv-vision-logo.png","type":"image\/png"}],"twitter_card":"summary_large_image","schema":{"@context":"https:\/\/schema.org","@graph":[{"@type":"WebPage","@id":"https:\/\/www.advvisioncenters.com\/book-online\/","url":"https:\/\/www.advvisioncenters.com\/book-online\/","name":"Solicite una consulta gratuita - Consulta sobre cirug\u00eda ocular l\u00e1ser | ADV Vision","isPartOf":{"@id":"https:\/\/www.advvisioncenters.com\/#website"},"datePublished":"2025-09-16T18:51:37+00:00","dateModified":"2026-03-16T16:40:42+00:00","description":"\u00bfDesea obtener m\u00e1s informaci\u00f3n sobre la cirug\u00eda l\u00e1ser ocular para la correcci\u00f3n de la visi\u00f3n? Utilice este formulario para solicitar hoy mismo una consulta gratuita en ADV Vision Centers.","breadcrumb":{"@id":"https:\/\/www.advvisioncenters.com\/book-online\/#breadcrumb"},"inLanguage":"es","potentialAction":[{"@type":"ReadAction","target":["https:\/\/www.advvisioncenters.com\/book-online\/"]}]},{"@type":"BreadcrumbList","@id":"https:\/\/www.advvisioncenters.com\/book-online\/#breadcrumb","itemListElement":[{"@type":"ListItem","position":1,"name":"Home","item":"https:\/\/www.advvisioncenters.com\/"},{"@type":"ListItem","position":2,"name":"Request an Appointment or Book Now"}]},{"@type":"WebSite","@id":"https:\/\/www.advvisioncenters.com\/#website","url":"https:\/\/www.advvisioncenters.com\/","name":"ADV Vision","description":"","publisher":{"@id":"https:\/\/www.advvisioncenters.com\/#organization"},"potentialAction":[{"@type":"SearchAction","target":{"@type":"EntryPoint","urlTemplate":"https:\/\/www.advvisioncenters.com\/?s={search_term_string}"},"query-input":{"@type":"PropertyValueSpecification","valueRequired":true,"valueName":"search_term_string"}}],"inLanguage":"es"},{"@type":"Organization","@id":"https:\/\/www.advvisioncenters.com\/#organization","name":"ADV Vision","url":"https:\/\/www.advvisioncenters.com\/","logo":{"@type":"ImageObject","inLanguage":"es","@id":"https:\/\/www.advvisioncenters.com\/#\/schema\/logo\/image\/","url":"https:\/\/www.advvisioncenters.com\/wp-content\/uploads\/adv-vision-logo.png","contentUrl":"https:\/\/www.advvisioncenters.com\/wp-content\/uploads\/adv-vision-logo.png","width":470,"height":120,"caption":"ADV Vision"},"image":{"@id":"https:\/\/www.advvisioncenters.com\/#\/schema\/logo\/image\/"}}]}},"taxonomy_info":[],"featured_image_src_large":false,"author_info":{"display_name":"Aarchit Raj","author_link":"https:\/\/www.advvisioncenters.com\/es\/blog\/author\/aarchit-raj\/"},"comment_info":0,"_links":{"self":[{"href":"https:\/\/www.advvisioncenters.com\/es\/wp-json\/wp\/v2\/pages\/5550","targetHints":{"allow":["GET"]}}],"collection":[{"href":"https:\/\/www.advvisioncenters.com\/es\/wp-json\/wp\/v2\/pages"}],"about":[{"href":"https:\/\/www.advvisioncenters.com\/es\/wp-json\/wp\/v2\/types\/page"}],"author":[{"embeddable":true,"href":"https:\/\/www.advvisioncenters.com\/es\/wp-json\/wp\/v2\/users\/21"}],"replies":[{"embeddable":true,"href":"https:\/\/www.advvisioncenters.com\/es\/wp-json\/wp\/v2\/comments?post=5550"}],"version-history":[{"count":6,"href":"https:\/\/www.advvisioncenters.com\/es\/wp-json\/wp\/v2\/pages\/5550\/revisions"}],"predecessor-version":[{"id":5829,"href":"https:\/\/www.advvisioncenters.com\/es\/wp-json\/wp\/v2\/pages\/5550\/revisions\/5829"}],"wp:attachment":[{"href":"https:\/\/www.advvisioncenters.com\/es\/wp-json\/wp\/v2\/media?parent=5550"}],"wp:term":[{"taxonomy":"post_tag","embeddable":true,"href":"https:\/\/www.advvisioncenters.com\/es\/wp-json\/wp\/v2\/tags?post=5550"}],"curies":[{"name":"wp","href":"https:\/\/api.w.org\/{rel}","templated":true}]}}