{"id":4893,"date":"2025-07-10T20:25:19","date_gmt":"2025-07-11T00:25:19","guid":{"rendered":"https:\/\/adv.paceyemd.com\/?page_id=4893"},"modified":"2025-07-30T17:43:24","modified_gmt":"2025-07-30T21:43:24","slug":"dr-urvi-patel-o-d","status":"publish","type":"page","link":"https:\/\/www.advvisioncenters.com\/es\/dr-urvi-patel-o-d\/","title":{"rendered":"Urvi Patel, OD."},"content":{"rendered":"<style>.wp-block-kadence-spacer.kt-block-spacer-4893_ad38ba-fc .kt-block-spacer{height:60px;}.wp-block-kadence-spacer.kt-block-spacer-4893_ad38ba-fc .kt-divider{border-top-width:1px;height:1px;border-top-color:#313131;width:100%;border-top-style:solid;}<\/style>\n<div class=\"wp-block-kadence-spacer aligncenter kt-block-spacer-4893_ad38ba-fc\"><div class=\"kt-block-spacer kt-block-spacer-halign-center\"><hr class=\"kt-divider\"\/><\/div><\/div>\n\n\n\n<div class=\"wp-block-columns is-layout-flex wp-container-core-columns-is-layout-9d6595d7 wp-block-columns-is-layout-flex\">\n<div class=\"wp-block-column is-layout-flow wp-block-column-is-layout-flow\" style=\"flex-basis:66.66%\">\n<p>\u201cUsaba gafas y lentes de contacto desde los 8 a\u00f1os y ten\u00eda mucha miop\u00eda, por lo que depend\u00eda totalmente de la correcci\u00f3n visual para funcionar, conducir y trabajar. Las gafas eran pesadas e inc\u00f3modas de usar, y las lentes de contacto me resecaban e irritaban los ojos con el tiempo, lo cual era frustrante.<\/p>\n\n\n\n<p>Conoc\u00eda y hab\u00eda trabajado con el Dr. Abroms durante unos 5 a\u00f1os cuando me somet\u00ed a la cirug\u00eda LASIK y hab\u00eda visto los resultados de otros pacientes en cirug\u00edas de cataratas, pterigi\u00f3n, estrabismo y refractiva, por lo que hab\u00eda desarrollado una s\u00f3lida relaci\u00f3n profesional con \u00e9l y confiaba en su habilidad y capacidades quir\u00fargicas.<\/p>\n\n\n\n<p>Tras la cirug\u00eda, poder trabajar y desenvolverme sin depender de gafas ni lentes de contacto fue muy liberador y reconfortante. Lo primero que not\u00e9 fue la claridad a los pocos d\u00edas de la recuperaci\u00f3n, \u00a1fue incre\u00edble!\u201d&nbsp;<\/p>\n\n\n\n<p><strong><em>\u2013 Urvi Patel, OD.<\/em><\/strong><\/p>\n<\/div>\n\n\n\n<div class=\"wp-block-column is-layout-flow wp-block-column-is-layout-flow\" style=\"flex-basis:33.33%\">\n<figure class=\"wp-block-image size-full\"><img decoding=\"async\" width=\"550\" height=\"437\" src=\"https:\/\/www.advvisioncenters.com\/wp-content\/uploads\/Dr.-Urvi-Patel.jpg\" alt=\"\" class=\"wp-image-4894\" srcset=\"https:\/\/www.advvisioncenters.com\/wp-content\/uploads\/Dr.-Urvi-Patel.jpg 550w, https:\/\/www.advvisioncenters.com\/wp-content\/uploads\/Dr.-Urvi-Patel-300x238.jpg 300w, https:\/\/www.advvisioncenters.com\/wp-content\/uploads\/Dr.-Urvi-Patel-270x215.jpg 270w\" sizes=\"(max-width: 550px) 100vw, 550px\" \/><\/figure>\n<\/div>\n<\/div>","protected":false},"excerpt":{"rendered":"<p>\u201cUsaba gafas y lentes de contacto desde los 8 a\u00f1os y ten\u00eda mucha miop\u00eda, as\u00ed que depend\u00eda totalmente de la correcci\u00f3n visual para funcionar, conducir y trabajar. Las gafas eran pesadas e inc\u00f3modas, y las lentes de contacto me resecaban e irritaban los ojos con el tiempo, lo cual era frustrante. Ten\u00eda [\u2026]<\/p>","protected":false},"author":1,"featured_media":0,"parent":0,"menu_order":0,"comment_status":"closed","ping_status":"closed","template":"","meta":{"_acf_changed":false,"_kad_blocks_custom_css":"","_kad_blocks_head_custom_js":"","_kad_blocks_body_custom_js":"","_kad_blocks_footer_custom_js":"","footnotes":""},"tags":[],"class_list":["post-4893","page","type-page","status-publish","hentry"],"acf":[],"yoast_head":"<!-- This site is optimized with the Yoast SEO plugin v26.2 - https:\/\/yoast.com\/wordpress\/plugins\/seo\/ -->\n<title>Urvi Patel, O.D. | ADV Vision<\/title>\n<meta name=\"description\" content=\"Learn more about ADV Vision, our eye surgery center in California, where we offer eye care optometry and corrective laser vision services.\" \/>\n<meta name=\"robots\" content=\"index, follow, max-snippet:-1, max-image-preview:large, max-video-preview:-1\" \/>\n<link rel=\"canonical\" href=\"https:\/\/www.advvisioncenters.com\/es\/dr-urvi-patel-o-d\/\" \/>\n<meta property=\"og:locale\" content=\"es_MX\" \/>\n<meta property=\"og:type\" content=\"article\" \/>\n<meta property=\"og:title\" content=\"Urvi Patel, O.D. | ADV Vision\" \/>\n<meta property=\"og:description\" content=\"Learn more about ADV Vision, our eye surgery center in California, where we offer eye care optometry and corrective laser vision services.\" \/>\n<meta property=\"og:url\" content=\"https:\/\/www.advvisioncenters.com\/es\/dr-urvi-patel-o-d\/\" \/>\n<meta property=\"og:site_name\" content=\"ADV Vision\" \/>\n<meta property=\"article:modified_time\" content=\"2025-07-30T21:43:24+00:00\" \/>\n<meta property=\"og:image\" content=\"https:\/\/www.advvisioncenters.com\/wp-content\/uploads\/Dr.-Urvi-Patel.jpg\" \/>\n\t<meta property=\"og:image:width\" content=\"550\" \/>\n\t<meta property=\"og:image:height\" content=\"437\" \/>\n\t<meta property=\"og:image:type\" content=\"image\/jpeg\" \/>\n<meta name=\"twitter:card\" content=\"summary_large_image\" \/>\n<meta name=\"twitter:label1\" content=\"Tiempo de lectura\" \/>\n\t<meta name=\"twitter:data1\" content=\"1 minuto\" \/>\n<script type=\"application\/ld+json\" class=\"yoast-schema-graph\">{\"@context\":\"https:\/\/schema.org\",\"@graph\":[{\"@type\":\"WebPage\",\"@id\":\"https:\/\/www.advvisioncenters.com\/dr-urvi-patel-o-d\/\",\"url\":\"https:\/\/www.advvisioncenters.com\/dr-urvi-patel-o-d\/\",\"name\":\"Urvi Patel, O.D. | ADV Vision\",\"isPartOf\":{\"@id\":\"https:\/\/www.advvisioncenters.com\/#website\"},\"primaryImageOfPage\":{\"@id\":\"https:\/\/www.advvisioncenters.com\/dr-urvi-patel-o-d\/#primaryimage\"},\"image\":{\"@id\":\"https:\/\/www.advvisioncenters.com\/dr-urvi-patel-o-d\/#primaryimage\"},\"thumbnailUrl\":\"https:\/\/www.advvisioncenters.com\/wp-content\/uploads\/Dr.-Urvi-Patel.jpg\",\"datePublished\":\"2025-07-11T00:25:19+00:00\",\"dateModified\":\"2025-07-30T21:43:24+00:00\",\"description\":\"Learn more about ADV Vision, our eye surgery center in California, where we offer eye care optometry and corrective laser vision services.\",\"breadcrumb\":{\"@id\":\"https:\/\/www.advvisioncenters.com\/dr-urvi-patel-o-d\/#breadcrumb\"},\"inLanguage\":\"es\",\"potentialAction\":[{\"@type\":\"ReadAction\",\"target\":[\"https:\/\/www.advvisioncenters.com\/dr-urvi-patel-o-d\/\"]}]},{\"@type\":\"ImageObject\",\"inLanguage\":\"es\",\"@id\":\"https:\/\/www.advvisioncenters.com\/dr-urvi-patel-o-d\/#primaryimage\",\"url\":\"https:\/\/www.advvisioncenters.com\/wp-content\/uploads\/Dr.-Urvi-Patel.jpg\",\"contentUrl\":\"https:\/\/www.advvisioncenters.com\/wp-content\/uploads\/Dr.-Urvi-Patel.jpg\"},{\"@type\":\"BreadcrumbList\",\"@id\":\"https:\/\/www.advvisioncenters.com\/dr-urvi-patel-o-d\/#breadcrumb\",\"itemListElement\":[{\"@type\":\"ListItem\",\"position\":1,\"name\":\"Home\",\"item\":\"https:\/\/www.advvisioncenters.com\/\"},{\"@type\":\"ListItem\",\"position\":2,\"name\":\"Urvi Patel, O.D.\"}]},{\"@type\":\"WebSite\",\"@id\":\"https:\/\/www.advvisioncenters.com\/#website\",\"url\":\"https:\/\/www.advvisioncenters.com\/\",\"name\":\"ADV Vision\",\"description\":\"\",\"publisher\":{\"@id\":\"https:\/\/www.advvisioncenters.com\/#organization\"},\"potentialAction\":[{\"@type\":\"SearchAction\",\"target\":{\"@type\":\"EntryPoint\",\"urlTemplate\":\"https:\/\/www.advvisioncenters.com\/?s={search_term_string}\"},\"query-input\":{\"@type\":\"PropertyValueSpecification\",\"valueRequired\":true,\"valueName\":\"search_term_string\"}}],\"inLanguage\":\"es\"},{\"@type\":\"Organization\",\"@id\":\"https:\/\/www.advvisioncenters.com\/#organization\",\"name\":\"ADV Vision\",\"url\":\"https:\/\/www.advvisioncenters.com\/\",\"logo\":{\"@type\":\"ImageObject\",\"inLanguage\":\"es\",\"@id\":\"https:\/\/www.advvisioncenters.com\/#\/schema\/logo\/image\/\",\"url\":\"https:\/\/www.advvisioncenters.com\/wp-content\/uploads\/adv-vision-logo.png\",\"contentUrl\":\"https:\/\/www.advvisioncenters.com\/wp-content\/uploads\/adv-vision-logo.png\",\"width\":470,\"height\":120,\"caption\":\"ADV Vision\"},\"image\":{\"@id\":\"https:\/\/www.advvisioncenters.com\/#\/schema\/logo\/image\/\"}}]}<\/script>\n<!-- \/ Yoast SEO plugin. -->","yoast_head_json":{"title":"Urvi Patel, OD | ADV Vision","description":"Conozca m\u00e1s sobre ADV Vision, nuestro centro de cirug\u00eda ocular en California, donde ofrecemos servicios de optometr\u00eda y correcci\u00f3n de la visi\u00f3n con l\u00e1ser.","robots":{"index":"index","follow":"follow","max-snippet":"max-snippet:-1","max-image-preview":"max-image-preview:large","max-video-preview":"max-video-preview:-1"},"canonical":"https:\/\/www.advvisioncenters.com\/es\/dr-urvi-patel-o-d\/","og_locale":"es_MX","og_type":"article","og_title":"Urvi Patel, O.D. | ADV Vision","og_description":"Learn more about ADV Vision, our eye surgery center in California, where we offer eye care optometry and corrective laser vision services.","og_url":"https:\/\/www.advvisioncenters.com\/es\/dr-urvi-patel-o-d\/","og_site_name":"ADV Vision","article_modified_time":"2025-07-30T21:43:24+00:00","og_image":[{"width":550,"height":437,"url":"https:\/\/www.advvisioncenters.com\/wp-content\/uploads\/Dr.-Urvi-Patel.jpg","type":"image\/jpeg"}],"twitter_card":"summary_large_image","twitter_misc":{"Tiempo de lectura":"1 minuto"},"schema":{"@context":"https:\/\/schema.org","@graph":[{"@type":"WebPage","@id":"https:\/\/www.advvisioncenters.com\/dr-urvi-patel-o-d\/","url":"https:\/\/www.advvisioncenters.com\/dr-urvi-patel-o-d\/","name":"Urvi Patel, OD | ADV Vision","isPartOf":{"@id":"https:\/\/www.advvisioncenters.com\/#website"},"primaryImageOfPage":{"@id":"https:\/\/www.advvisioncenters.com\/dr-urvi-patel-o-d\/#primaryimage"},"image":{"@id":"https:\/\/www.advvisioncenters.com\/dr-urvi-patel-o-d\/#primaryimage"},"thumbnailUrl":"https:\/\/www.advvisioncenters.com\/wp-content\/uploads\/Dr.-Urvi-Patel.jpg","datePublished":"2025-07-11T00:25:19+00:00","dateModified":"2025-07-30T21:43:24+00:00","description":"Conozca m\u00e1s sobre ADV Vision, nuestro centro de cirug\u00eda ocular en California, donde ofrecemos servicios de optometr\u00eda y correcci\u00f3n de la visi\u00f3n con l\u00e1ser.","breadcrumb":{"@id":"https:\/\/www.advvisioncenters.com\/dr-urvi-patel-o-d\/#breadcrumb"},"inLanguage":"es","potentialAction":[{"@type":"ReadAction","target":["https:\/\/www.advvisioncenters.com\/dr-urvi-patel-o-d\/"]}]},{"@type":"ImageObject","inLanguage":"es","@id":"https:\/\/www.advvisioncenters.com\/dr-urvi-patel-o-d\/#primaryimage","url":"https:\/\/www.advvisioncenters.com\/wp-content\/uploads\/Dr.-Urvi-Patel.jpg","contentUrl":"https:\/\/www.advvisioncenters.com\/wp-content\/uploads\/Dr.-Urvi-Patel.jpg"},{"@type":"BreadcrumbList","@id":"https:\/\/www.advvisioncenters.com\/dr-urvi-patel-o-d\/#breadcrumb","itemListElement":[{"@type":"ListItem","position":1,"name":"Home","item":"https:\/\/www.advvisioncenters.com\/"},{"@type":"ListItem","position":2,"name":"Urvi Patel, O.D."}]},{"@type":"WebSite","@id":"https:\/\/www.advvisioncenters.com\/#website","url":"https:\/\/www.advvisioncenters.com\/","name":"ADV Vision","description":"","publisher":{"@id":"https:\/\/www.advvisioncenters.com\/#organization"},"potentialAction":[{"@type":"SearchAction","target":{"@type":"EntryPoint","urlTemplate":"https:\/\/www.advvisioncenters.com\/?s={search_term_string}"},"query-input":{"@type":"PropertyValueSpecification","valueRequired":true,"valueName":"search_term_string"}}],"inLanguage":"es"},{"@type":"Organization","@id":"https:\/\/www.advvisioncenters.com\/#organization","name":"ADV Vision","url":"https:\/\/www.advvisioncenters.com\/","logo":{"@type":"ImageObject","inLanguage":"es","@id":"https:\/\/www.advvisioncenters.com\/#\/schema\/logo\/image\/","url":"https:\/\/www.advvisioncenters.com\/wp-content\/uploads\/adv-vision-logo.png","contentUrl":"https:\/\/www.advvisioncenters.com\/wp-content\/uploads\/adv-vision-logo.png","width":470,"height":120,"caption":"ADV Vision"},"image":{"@id":"https:\/\/www.advvisioncenters.com\/#\/schema\/logo\/image\/"}}]}},"taxonomy_info":[],"featured_image_src_large":false,"author_info":{"display_name":"onur","author_link":"https:\/\/www.advvisioncenters.com\/es\/blog\/author\/onur\/"},"comment_info":0,"_links":{"self":[{"href":"https:\/\/www.advvisioncenters.com\/es\/wp-json\/wp\/v2\/pages\/4893","targetHints":{"allow":["GET"]}}],"collection":[{"href":"https:\/\/www.advvisioncenters.com\/es\/wp-json\/wp\/v2\/pages"}],"about":[{"href":"https:\/\/www.advvisioncenters.com\/es\/wp-json\/wp\/v2\/types\/page"}],"author":[{"embeddable":true,"href":"https:\/\/www.advvisioncenters.com\/es\/wp-json\/wp\/v2\/users\/1"}],"replies":[{"embeddable":true,"href":"https:\/\/www.advvisioncenters.com\/es\/wp-json\/wp\/v2\/comments?post=4893"}],"version-history":[{"count":2,"href":"https:\/\/www.advvisioncenters.com\/es\/wp-json\/wp\/v2\/pages\/4893\/revisions"}],"predecessor-version":[{"id":5147,"href":"https:\/\/www.advvisioncenters.com\/es\/wp-json\/wp\/v2\/pages\/4893\/revisions\/5147"}],"wp:attachment":[{"href":"https:\/\/www.advvisioncenters.com\/es\/wp-json\/wp\/v2\/media?parent=4893"}],"wp:term":[{"taxonomy":"post_tag","embeddable":true,"href":"https:\/\/www.advvisioncenters.com\/es\/wp-json\/wp\/v2\/tags?post=4893"}],"curies":[{"name":"wp","href":"https:\/\/api.w.org\/{rel}","templated":true}]}}