{"id":4554,"date":"2025-04-04T12:55:42","date_gmt":"2025-04-04T16:55:42","guid":{"rendered":"https:\/\/www.paceyemd.com\/?page_id=4554"},"modified":"2025-07-11T16:54:52","modified_gmt":"2025-07-11T20:54:52","slug":"terms-and-conditions","status":"publish","type":"page","link":"https:\/\/www.advvisioncenters.com\/es\/terms-and-conditions\/","title":{"rendered":"T\u00e9rminos y condiciones"},"content":{"rendered":"<p>Al inscribirse en el&nbsp;<strong>ADV Vision<\/strong>&nbsp;Al suscribirte al programa de alertas m\u00f3viles, aceptas recibir mensajes de texto sobre tu atenci\u00f3n oftalmol\u00f3gica, pr\u00f3ximas citas, ofertas promocionales y actualizaciones importantes. Consulta los t\u00e9rminos a continuaci\u00f3n para obtener m\u00e1s informaci\u00f3n sobre la frecuencia de los mensajes, los costos y tus derechos de privacidad.&nbsp;<\/p>\n\n\n\n<h3 class=\"wp-block-heading\"><strong>1. Tipos de mensajes SMS que puede recibir<\/strong><\/h3>\n\n\n\n<p>Enviamos una variedad de alertas m\u00f3viles dise\u00f1adas para mantenerte informado y comprometido con el cuidado de tu salud ocular:&nbsp;<\/p>\n\n\n\n<ul class=\"wp-block-list\">\n<li><strong>Recordatorios de citas<\/strong> \u2013 Mant\u00e9ngase al d\u00eda con las pr\u00f3ximas visitas y la atenci\u00f3n de seguimiento.&nbsp;<\/li>\n\n\n\n<li><strong>Notificaciones de servicio<\/strong> \u2013 Actualizaciones importantes sobre horarios de oficina, procedimientos o cambios en las pol\u00edticas.&nbsp;<\/li>\n\n\n\n<li><strong>Ofertas promocionales<\/strong> \u2013 Obt\u00e9n descuentos exclusivos, invitaciones a eventos y promociones de temporada.&nbsp;<\/li>\n<\/ul>\n\n\n\n<h3 class=\"wp-block-heading\"><strong>2. Frecuencia de los mensajes<\/strong><\/h3>\n\n\n\n<ul class=\"wp-block-list\">\n<li>Dependiendo de los servicios que utilice y su nivel de interacci\u00f3n, recibir\u00e1 varios mensajes al mes.&nbsp;<\/li>\n\n\n\n<li>La frecuencia puede aumentar durante los per\u00edodos promocionales o las notificaciones de servicio urgentes.&nbsp;<\/li>\n<\/ul>\n\n\n\n<h3 class=\"wp-block-heading\"><strong>3. Tarifas de mensajes y datos<\/strong><\/h3>\n\n\n\n<ul class=\"wp-block-list\">\n<li>Pueden aplicarse tarifas est\u00e1ndar de mensajes y datos seg\u00fan su operador m\u00f3vil.&nbsp;<\/li>\n\n\n\n<li>Consulta con tu proveedor de servicios para obtener detalles sobre tu plan de SMS y los posibles cargos.&nbsp;<\/li>\n<\/ul>\n\n\n\n<h3 class=\"wp-block-heading\"><strong>4. C\u00f3mo darse de baja o solicitar ayuda<\/strong><\/h3>\n\n\n\n<ul class=\"wp-block-list\">\n<li><strong>Cancela tu suscripci\u00f3n en cualquier momento:<\/strong> Responda STOP para darse de baja de todos los mensajes.&nbsp;<\/li>\n\n\n\n<li><strong>Pausar promociones:<\/strong> Responda PAUSE para dejar de recibir mensajes promocionales y continuar recibiendo recordatorios de citas.&nbsp;<\/li>\n\n\n\n<li><strong>\u00bfNecesitas ayuda? Responde con AYUDA o cont\u00e1ctanos directamente:<\/strong>&nbsp;\n<ul class=\"wp-block-list\">\n<li>Tel\u00e9fono: <a href=\"http:\/\/8059875300\">(805) 987-5300\u00a0<\/a><\/li>\n\n\n\n<li>Correo electr\u00f3nico: <a href=\"mailto:advinfo@doughertylaservision.com\" target=\"_blank\" rel=\"noreferrer noopener\">advinfo@doughertylaservision.com<\/a><\/li>\n<\/ul>\n<\/li>\n<\/ul>\n\n\n\n<h3 class=\"wp-block-heading\"><strong>5. Privacidad y protecci\u00f3n de datos<\/strong><\/h3>\n\n\n\n<ul class=\"wp-block-list\">\n<li>Su privacidad es nuestra prioridad. Tratamos toda la informaci\u00f3n personal de acuerdo con nuestra Pol\u00edtica de Privacidad, que describe c\u00f3mo se recopilan, utilizan y protegen sus datos.<\/li>\n<\/ul>\n\n\n\n<h3 class=\"wp-block-heading\"><strong>6. Consentimiento voluntario<\/strong><\/h3>\n\n\n\n<ul class=\"wp-block-list\">\n<li>Suscribirse a las alertas por SMS es totalmente opcional y no es necesario para recibir servicios ni realizar compras.&nbsp;<\/li>\n\n\n\n<li>Puede revocar su consentimiento en cualquier momento utilizando los m\u00e9todos de exclusi\u00f3n voluntaria enumerados anteriormente.&nbsp;<\/li>\n<\/ul>\n\n\n\n<h3 class=\"wp-block-heading\"><strong>7. Actualizaciones de t\u00e9rminos<\/strong><\/h3>\n\n\n\n<ul class=\"wp-block-list\">\n<li>ADV Vision se reserva el derecho de actualizar estos t\u00e9rminos en cualquier momento. Los cambios se reflejar\u00e1n en esta p\u00e1gina y podr\u00e1n comunicarse por SMS. La participaci\u00f3n continua implica la aceptaci\u00f3n de los t\u00e9rminos revisados.<\/li>\n<\/ul>\n\n\n\n<h3 class=\"wp-block-heading\"><strong>8. Exenci\u00f3n de responsabilidad<\/strong>s<\/h3>\n\n\n\n<ul class=\"wp-block-list\">\n<li>Las compa\u00f1\u00edas de telefon\u00eda m\u00f3vil no se hacen responsables de los mensajes retrasados o no entregados.&nbsp;<\/li>\n\n\n\n<li>Los usuarios son responsables de cualquier cargo que les cobre su operador debido a la participaci\u00f3n en el servicio de SMS.&nbsp;<\/li>\n\n\n\n<li>ADV Vision no se hace responsable de las limitaciones o cargos de su proveedor de servicios m\u00f3viles.&nbsp;<\/li>\n<\/ul>","protected":false},"excerpt":{"rendered":"<p>Al inscribirte en el programa de alertas m\u00f3viles de ADV Vision, aceptas recibir mensajes de texto sobre tu cuidado ocular, pr\u00f3ximas citas, ofertas promocionales y actualizaciones importantes. Consulta los t\u00e9rminos a continuaci\u00f3n para obtener detalles sobre la frecuencia de los mensajes, los costos y tus derechos de privacidad. 1. Tipos de mensajes SMS que puedes recibir Enviamos una variedad de alertas m\u00f3viles dise\u00f1adas [\u2026]<\/p>","protected":false},"author":9,"featured_media":0,"parent":0,"menu_order":0,"comment_status":"closed","ping_status":"closed","template":"","meta":{"_acf_changed":false,"_kad_blocks_custom_css":"","_kad_blocks_head_custom_js":"","_kad_blocks_body_custom_js":"","_kad_blocks_footer_custom_js":"","footnotes":""},"tags":[],"class_list":["post-4554","page","type-page","status-publish","hentry"],"acf":[],"yoast_head":"<!-- This site is optimized with the Yoast SEO plugin v26.2 - https:\/\/yoast.com\/wordpress\/plugins\/seo\/ -->\n<title>Terms and Conditions | ADV Vision<\/title>\n<meta name=\"description\" content=\"Review the Terms of Service for Pacific Eye Surgeons SMS alerts. Learn about message types, frequency, opt-out options and our privacy practices.\" \/>\n<meta name=\"robots\" content=\"index, follow, max-snippet:-1, max-image-preview:large, max-video-preview:-1\" \/>\n<link rel=\"canonical\" href=\"https:\/\/www.advvisioncenters.com\/es\/terms-and-conditions\/\" \/>\n<meta property=\"og:locale\" content=\"es_MX\" \/>\n<meta property=\"og:type\" content=\"article\" \/>\n<meta property=\"og:title\" content=\"Terms and Conditions | ADV Vision\" \/>\n<meta property=\"og:description\" content=\"Review the Terms of Service for Pacific Eye Surgeons SMS alerts. Learn about message types, frequency, opt-out options and our privacy practices.\" \/>\n<meta property=\"og:url\" content=\"https:\/\/www.advvisioncenters.com\/es\/terms-and-conditions\/\" \/>\n<meta property=\"og:site_name\" content=\"ADV Vision\" \/>\n<meta property=\"article:modified_time\" content=\"2025-07-11T20:54:52+00:00\" \/>\n<meta property=\"og:image\" content=\"https:\/\/www.advvisioncenters.com\/wp-content\/uploads\/adv-vision-logo.png\" \/>\n\t<meta property=\"og:image:width\" content=\"470\" \/>\n\t<meta property=\"og:image:height\" content=\"120\" \/>\n\t<meta property=\"og:image:type\" content=\"image\/png\" \/>\n<meta name=\"twitter:card\" content=\"summary_large_image\" \/>\n<meta name=\"twitter:label1\" content=\"Tiempo de lectura\" \/>\n\t<meta name=\"twitter:data1\" content=\"2 minutos\" \/>\n<script type=\"application\/ld+json\" class=\"yoast-schema-graph\">{\"@context\":\"https:\/\/schema.org\",\"@graph\":[{\"@type\":\"WebPage\",\"@id\":\"https:\/\/www.advvisioncenters.com\/terms-and-conditions\/\",\"url\":\"https:\/\/www.advvisioncenters.com\/terms-and-conditions\/\",\"name\":\"Terms and Conditions | ADV Vision\",\"isPartOf\":{\"@id\":\"https:\/\/www.advvisioncenters.com\/#website\"},\"datePublished\":\"2025-04-04T16:55:42+00:00\",\"dateModified\":\"2025-07-11T20:54:52+00:00\",\"description\":\"Review the Terms of Service for Pacific Eye Surgeons SMS alerts. Learn about message types, frequency, opt-out options and our privacy practices.\",\"breadcrumb\":{\"@id\":\"https:\/\/www.advvisioncenters.com\/terms-and-conditions\/#breadcrumb\"},\"inLanguage\":\"es\",\"potentialAction\":[{\"@type\":\"ReadAction\",\"target\":[\"https:\/\/www.advvisioncenters.com\/terms-and-conditions\/\"]}]},{\"@type\":\"BreadcrumbList\",\"@id\":\"https:\/\/www.advvisioncenters.com\/terms-and-conditions\/#breadcrumb\",\"itemListElement\":[{\"@type\":\"ListItem\",\"position\":1,\"name\":\"Home\",\"item\":\"https:\/\/www.advvisioncenters.com\/\"},{\"@type\":\"ListItem\",\"position\":2,\"name\":\"Terms and Conditions\"}]},{\"@type\":\"WebSite\",\"@id\":\"https:\/\/www.advvisioncenters.com\/#website\",\"url\":\"https:\/\/www.advvisioncenters.com\/\",\"name\":\"ADV Vision\",\"description\":\"\",\"publisher\":{\"@id\":\"https:\/\/www.advvisioncenters.com\/#organization\"},\"potentialAction\":[{\"@type\":\"SearchAction\",\"target\":{\"@type\":\"EntryPoint\",\"urlTemplate\":\"https:\/\/www.advvisioncenters.com\/?s={search_term_string}\"},\"query-input\":{\"@type\":\"PropertyValueSpecification\",\"valueRequired\":true,\"valueName\":\"search_term_string\"}}],\"inLanguage\":\"es\"},{\"@type\":\"Organization\",\"@id\":\"https:\/\/www.advvisioncenters.com\/#organization\",\"name\":\"ADV Vision\",\"url\":\"https:\/\/www.advvisioncenters.com\/\",\"logo\":{\"@type\":\"ImageObject\",\"inLanguage\":\"es\",\"@id\":\"https:\/\/www.advvisioncenters.com\/#\/schema\/logo\/image\/\",\"url\":\"https:\/\/www.advvisioncenters.com\/wp-content\/uploads\/adv-vision-logo.png\",\"contentUrl\":\"https:\/\/www.advvisioncenters.com\/wp-content\/uploads\/adv-vision-logo.png\",\"width\":470,\"height\":120,\"caption\":\"ADV Vision\"},\"image\":{\"@id\":\"https:\/\/www.advvisioncenters.com\/#\/schema\/logo\/image\/\"}}]}<\/script>\n<!-- \/ Yoast SEO plugin. -->","yoast_head_json":{"title":"T\u00e9rminos y condiciones | ADV Vision","description":"Revise los T\u00e9rminos de Servicio para las alertas SMS de Pacific Eye Surgeons. Conozca los tipos de mensajes, la frecuencia, las opciones para darse de baja y nuestras pr\u00e1cticas de privacidad.","robots":{"index":"index","follow":"follow","max-snippet":"max-snippet:-1","max-image-preview":"max-image-preview:large","max-video-preview":"max-video-preview:-1"},"canonical":"https:\/\/www.advvisioncenters.com\/es\/terms-and-conditions\/","og_locale":"es_MX","og_type":"article","og_title":"Terms and Conditions | ADV Vision","og_description":"Review the Terms of Service for Pacific Eye Surgeons SMS alerts. Learn about message types, frequency, opt-out options and our privacy practices.","og_url":"https:\/\/www.advvisioncenters.com\/es\/terms-and-conditions\/","og_site_name":"ADV Vision","article_modified_time":"2025-07-11T20:54:52+00:00","og_image":[{"width":470,"height":120,"url":"https:\/\/www.advvisioncenters.com\/wp-content\/uploads\/adv-vision-logo.png","type":"image\/png"}],"twitter_card":"summary_large_image","twitter_misc":{"Tiempo de lectura":"2 minutos"},"schema":{"@context":"https:\/\/schema.org","@graph":[{"@type":"WebPage","@id":"https:\/\/www.advvisioncenters.com\/terms-and-conditions\/","url":"https:\/\/www.advvisioncenters.com\/terms-and-conditions\/","name":"T\u00e9rminos y condiciones | ADV Vision","isPartOf":{"@id":"https:\/\/www.advvisioncenters.com\/#website"},"datePublished":"2025-04-04T16:55:42+00:00","dateModified":"2025-07-11T20:54:52+00:00","description":"Revise los T\u00e9rminos de Servicio para las alertas SMS de Pacific Eye Surgeons. Conozca los tipos de mensajes, la frecuencia, las opciones para darse de baja y nuestras pr\u00e1cticas de privacidad.","breadcrumb":{"@id":"https:\/\/www.advvisioncenters.com\/terms-and-conditions\/#breadcrumb"},"inLanguage":"es","potentialAction":[{"@type":"ReadAction","target":["https:\/\/www.advvisioncenters.com\/terms-and-conditions\/"]}]},{"@type":"BreadcrumbList","@id":"https:\/\/www.advvisioncenters.com\/terms-and-conditions\/#breadcrumb","itemListElement":[{"@type":"ListItem","position":1,"name":"Home","item":"https:\/\/www.advvisioncenters.com\/"},{"@type":"ListItem","position":2,"name":"Terms and Conditions"}]},{"@type":"WebSite","@id":"https:\/\/www.advvisioncenters.com\/#website","url":"https:\/\/www.advvisioncenters.com\/","name":"ADV Vision","description":"","publisher":{"@id":"https:\/\/www.advvisioncenters.com\/#organization"},"potentialAction":[{"@type":"SearchAction","target":{"@type":"EntryPoint","urlTemplate":"https:\/\/www.advvisioncenters.com\/?s={search_term_string}"},"query-input":{"@type":"PropertyValueSpecification","valueRequired":true,"valueName":"search_term_string"}}],"inLanguage":"es"},{"@type":"Organization","@id":"https:\/\/www.advvisioncenters.com\/#organization","name":"ADV Vision","url":"https:\/\/www.advvisioncenters.com\/","logo":{"@type":"ImageObject","inLanguage":"es","@id":"https:\/\/www.advvisioncenters.com\/#\/schema\/logo\/image\/","url":"https:\/\/www.advvisioncenters.com\/wp-content\/uploads\/adv-vision-logo.png","contentUrl":"https:\/\/www.advvisioncenters.com\/wp-content\/uploads\/adv-vision-logo.png","width":470,"height":120,"caption":"ADV Vision"},"image":{"@id":"https:\/\/www.advvisioncenters.com\/#\/schema\/logo\/image\/"}}]}},"taxonomy_info":[],"featured_image_src_large":false,"author_info":{"display_name":"Becky.Lowe@uvpeye.com","author_link":"https:\/\/www.advvisioncenters.com\/es\/blog\/author\/becky-loweuvpeye-com\/"},"comment_info":0,"_links":{"self":[{"href":"https:\/\/www.advvisioncenters.com\/es\/wp-json\/wp\/v2\/pages\/4554","targetHints":{"allow":["GET"]}}],"collection":[{"href":"https:\/\/www.advvisioncenters.com\/es\/wp-json\/wp\/v2\/pages"}],"about":[{"href":"https:\/\/www.advvisioncenters.com\/es\/wp-json\/wp\/v2\/types\/page"}],"author":[{"embeddable":true,"href":"https:\/\/www.advvisioncenters.com\/es\/wp-json\/wp\/v2\/users\/9"}],"replies":[{"embeddable":true,"href":"https:\/\/www.advvisioncenters.com\/es\/wp-json\/wp\/v2\/comments?post=4554"}],"version-history":[{"count":3,"href":"https:\/\/www.advvisioncenters.com\/es\/wp-json\/wp\/v2\/pages\/4554\/revisions"}],"predecessor-version":[{"id":4955,"href":"https:\/\/www.advvisioncenters.com\/es\/wp-json\/wp\/v2\/pages\/4554\/revisions\/4955"}],"wp:attachment":[{"href":"https:\/\/www.advvisioncenters.com\/es\/wp-json\/wp\/v2\/media?parent=4554"}],"wp:term":[{"taxonomy":"post_tag","embeddable":true,"href":"https:\/\/www.advvisioncenters.com\/es\/wp-json\/wp\/v2\/tags?post=4554"}],"curies":[{"name":"wp","href":"https:\/\/api.w.org\/{rel}","templated":true}]}}