{"id":4024,"date":"2024-07-08T11:36:24","date_gmt":"2024-07-08T15:36:24","guid":{"rendered":"https:\/\/www.paceyemd.com\/?page_id=4024"},"modified":"2025-08-05T09:23:06","modified_gmt":"2025-08-05T13:23:06","slug":"lst-alternatives","status":"publish","type":"page","link":"https:\/\/www.advvisioncenters.com\/es\/lst-alternatives\/","title":{"rendered":"Alternativas LST"},"content":{"rendered":"<div class=\"wp-block-image\">\n<figure class=\"aligncenter size-large\"><img decoding=\"async\" src=\"https:\/\/cdn-12c7.kxcdn.com\/images\/glacial_com\/poor-candidate-new.gif\" alt=\"Chart showing test results, indicating a different vision correction procedure may be a better option for you.\"\/><\/figure><\/div>\n\n\n<h2 class=\"wp-block-heading has-text-align-center\">Resultados de la autoevaluaci\u00f3n<\/h2>\n\n\n\n<p class=\"has-text-align-left\">Gracias por completar nuestro autotest LASIK. Seg\u00fan sus respuestas, parece que no es un buen candidato para la cirug\u00eda LASIK; sin embargo, seg\u00fan sus resultados, otro tipo de cirug\u00eda de correcci\u00f3n de la visi\u00f3n podr\u00eda ser m\u00e1s adecuado para sus necesidades.<\/p>\n\n\n\n<h2 class=\"wp-block-heading has-text-align-left\">\u00bfQu\u00e9 sigue?<\/h2>\n\n\n\n<p>El siguiente paso en su proceso es visitar nuestra oficina para una consulta integral. Durante esta visita, nuestro equipo de expertos realizar\u00e1 evaluaciones detalladas para confirmar si usted es candidato\/a y conversar sobre opciones de tratamiento personalizadas que se ajusten a sus necesidades visuales.<\/p>\n\n\n\n<div class=\"wp-block-buttons is-content-justification-center is-layout-flex wp-container-core-buttons-is-layout-16018d1d wp-block-buttons-is-layout-flex\">\n<div class=\"wp-block-button\"><a class=\"wp-block-button__link wp-element-button\" href=\"https:\/\/www.advvisioncenters.com\/es\/request-an-appointment\/\"><strong>Programe una cita<\/strong><\/a><\/div>\n\n\n\n<div class=\"wp-block-button\"><a class=\"wp-block-button__link wp-element-button\" href=\"tel:8059875300\"><strong>do<\/strong>Todos nosotros<\/a><\/div>\n<\/div>\n\n\n\n<h2 class=\"wp-block-heading\">\u00bfPor qu\u00e9 elegir ADV Vision?<\/h2>\n\n\n\n<p>En ADV Vision, combinamos tecnolog\u00eda de vanguardia, cirujanos experimentados y atenci\u00f3n personalizada para ofrecer resultados excepcionales. Su visi\u00f3n es \u00fanica y estamos aqu\u00ed para brindarle la mejor soluci\u00f3n.<\/p>","protected":false},"excerpt":{"rendered":"<p>Resultados de la autoevaluaci\u00f3n. Gracias por completar nuestra autoevaluaci\u00f3n LASIK. Seg\u00fan sus respuestas, parece que podr\u00eda no ser un buen candidato para la cirug\u00eda LASIK; sin embargo, seg\u00fan sus resultados, otro tipo de cirug\u00eda de correcci\u00f3n de la visi\u00f3n podr\u00eda ajustarse mejor a sus necesidades. \u00bfQu\u00e9 sigue? El siguiente paso es [\u2026]<\/p>","protected":false},"author":2,"featured_media":0,"parent":0,"menu_order":0,"comment_status":"closed","ping_status":"closed","template":"","meta":{"_acf_changed":false,"_kad_blocks_custom_css":"","_kad_blocks_head_custom_js":"","_kad_blocks_body_custom_js":"","_kad_blocks_footer_custom_js":"","footnotes":""},"tags":[],"class_list":["post-4024","page","type-page","status-publish","hentry"],"acf":[],"yoast_head":"<!-- This site is optimized with the Yoast SEO plugin v26.2 - https:\/\/yoast.com\/wordpress\/plugins\/seo\/ -->\n<title>LST Alternatives | ADV Vision<\/title>\n<meta name=\"description\" content=\"Learn more about ADV Vision Centers, our eye surgery center in California, where we offer eye care optometry and corrective laser vision services.\" \/>\n<meta name=\"robots\" content=\"index, follow, max-snippet:-1, max-image-preview:large, max-video-preview:-1\" \/>\n<link rel=\"canonical\" href=\"https:\/\/www.advvisioncenters.com\/es\/lst-alternatives\/\" \/>\n<meta property=\"og:locale\" content=\"es_MX\" \/>\n<meta property=\"og:type\" content=\"article\" \/>\n<meta property=\"og:title\" content=\"LST Alternatives | ADV Vision\" \/>\n<meta property=\"og:description\" content=\"Learn more about ADV Vision Centers, our eye surgery center in California, where we offer eye care optometry and corrective laser vision services.\" \/>\n<meta property=\"og:url\" content=\"https:\/\/www.advvisioncenters.com\/es\/lst-alternatives\/\" \/>\n<meta property=\"og:site_name\" content=\"ADV Vision\" \/>\n<meta property=\"article:modified_time\" content=\"2025-08-05T13:23:06+00:00\" \/>\n<meta property=\"og:image\" content=\"https:\/\/cdn-12c7.kxcdn.com\/images\/glacial_com\/poor-candidate-new.gif\" \/>\n<meta name=\"twitter:card\" content=\"summary_large_image\" \/>\n<meta name=\"twitter:label1\" content=\"Tiempo de lectura\" \/>\n\t<meta name=\"twitter:data1\" content=\"1 minuto\" \/>\n<script type=\"application\/ld+json\" class=\"yoast-schema-graph\">{\"@context\":\"https:\/\/schema.org\",\"@graph\":[{\"@type\":\"WebPage\",\"@id\":\"https:\/\/www.advvisioncenters.com\/lst-alternatives\/\",\"url\":\"https:\/\/www.advvisioncenters.com\/lst-alternatives\/\",\"name\":\"LST Alternatives | ADV Vision\",\"isPartOf\":{\"@id\":\"https:\/\/www.advvisioncenters.com\/#website\"},\"primaryImageOfPage\":{\"@id\":\"https:\/\/www.advvisioncenters.com\/lst-alternatives\/#primaryimage\"},\"image\":{\"@id\":\"https:\/\/www.advvisioncenters.com\/lst-alternatives\/#primaryimage\"},\"thumbnailUrl\":\"https:\/\/cdn-12c7.kxcdn.com\/images\/glacial_com\/poor-candidate-new.gif\",\"datePublished\":\"2024-07-08T15:36:24+00:00\",\"dateModified\":\"2025-08-05T13:23:06+00:00\",\"description\":\"Learn more about ADV Vision Centers, our eye surgery center in California, where we offer eye care optometry and corrective laser vision services.\",\"breadcrumb\":{\"@id\":\"https:\/\/www.advvisioncenters.com\/lst-alternatives\/#breadcrumb\"},\"inLanguage\":\"es\",\"potentialAction\":[{\"@type\":\"ReadAction\",\"target\":[\"https:\/\/www.advvisioncenters.com\/lst-alternatives\/\"]}]},{\"@type\":\"ImageObject\",\"inLanguage\":\"es\",\"@id\":\"https:\/\/www.advvisioncenters.com\/lst-alternatives\/#primaryimage\",\"url\":\"https:\/\/cdn-12c7.kxcdn.com\/images\/glacial_com\/poor-candidate-new.gif\",\"contentUrl\":\"https:\/\/cdn-12c7.kxcdn.com\/images\/glacial_com\/poor-candidate-new.gif\"},{\"@type\":\"BreadcrumbList\",\"@id\":\"https:\/\/www.advvisioncenters.com\/lst-alternatives\/#breadcrumb\",\"itemListElement\":[{\"@type\":\"ListItem\",\"position\":1,\"name\":\"Home\",\"item\":\"https:\/\/www.advvisioncenters.com\/\"},{\"@type\":\"ListItem\",\"position\":2,\"name\":\"LST Alternatives\"}]},{\"@type\":\"WebSite\",\"@id\":\"https:\/\/www.advvisioncenters.com\/#website\",\"url\":\"https:\/\/www.advvisioncenters.com\/\",\"name\":\"ADV Vision\",\"description\":\"\",\"publisher\":{\"@id\":\"https:\/\/www.advvisioncenters.com\/#organization\"},\"potentialAction\":[{\"@type\":\"SearchAction\",\"target\":{\"@type\":\"EntryPoint\",\"urlTemplate\":\"https:\/\/www.advvisioncenters.com\/?s={search_term_string}\"},\"query-input\":{\"@type\":\"PropertyValueSpecification\",\"valueRequired\":true,\"valueName\":\"search_term_string\"}}],\"inLanguage\":\"es\"},{\"@type\":\"Organization\",\"@id\":\"https:\/\/www.advvisioncenters.com\/#organization\",\"name\":\"ADV Vision\",\"url\":\"https:\/\/www.advvisioncenters.com\/\",\"logo\":{\"@type\":\"ImageObject\",\"inLanguage\":\"es\",\"@id\":\"https:\/\/www.advvisioncenters.com\/#\/schema\/logo\/image\/\",\"url\":\"https:\/\/www.advvisioncenters.com\/wp-content\/uploads\/adv-vision-logo.png\",\"contentUrl\":\"https:\/\/www.advvisioncenters.com\/wp-content\/uploads\/adv-vision-logo.png\",\"width\":470,\"height\":120,\"caption\":\"ADV Vision\"},\"image\":{\"@id\":\"https:\/\/www.advvisioncenters.com\/#\/schema\/logo\/image\/\"}}]}<\/script>\n<!-- \/ Yoast SEO plugin. -->","yoast_head_json":{"title":"Alternativas LST | ADV Vision","description":"Conozca m\u00e1s sobre ADV Vision Centers, nuestro centro de cirug\u00eda ocular en California, donde ofrecemos servicios de optometr\u00eda y correcci\u00f3n visual con l\u00e1ser.","robots":{"index":"index","follow":"follow","max-snippet":"max-snippet:-1","max-image-preview":"max-image-preview:large","max-video-preview":"max-video-preview:-1"},"canonical":"https:\/\/www.advvisioncenters.com\/es\/lst-alternatives\/","og_locale":"es_MX","og_type":"article","og_title":"LST Alternatives | ADV Vision","og_description":"Learn more about ADV Vision Centers, our eye surgery center in California, where we offer eye care optometry and corrective laser vision services.","og_url":"https:\/\/www.advvisioncenters.com\/es\/lst-alternatives\/","og_site_name":"ADV Vision","article_modified_time":"2025-08-05T13:23:06+00:00","og_image":[{"url":"https:\/\/cdn-12c7.kxcdn.com\/images\/glacial_com\/poor-candidate-new.gif","type":"","width":"","height":""}],"twitter_card":"summary_large_image","twitter_misc":{"Tiempo de lectura":"1 minuto"},"schema":{"@context":"https:\/\/schema.org","@graph":[{"@type":"WebPage","@id":"https:\/\/www.advvisioncenters.com\/lst-alternatives\/","url":"https:\/\/www.advvisioncenters.com\/lst-alternatives\/","name":"Alternativas LST | ADV Vision","isPartOf":{"@id":"https:\/\/www.advvisioncenters.com\/#website"},"primaryImageOfPage":{"@id":"https:\/\/www.advvisioncenters.com\/lst-alternatives\/#primaryimage"},"image":{"@id":"https:\/\/www.advvisioncenters.com\/lst-alternatives\/#primaryimage"},"thumbnailUrl":"https:\/\/cdn-12c7.kxcdn.com\/images\/glacial_com\/poor-candidate-new.gif","datePublished":"2024-07-08T15:36:24+00:00","dateModified":"2025-08-05T13:23:06+00:00","description":"Conozca m\u00e1s sobre ADV Vision Centers, nuestro centro de cirug\u00eda ocular en California, donde ofrecemos servicios de optometr\u00eda y correcci\u00f3n visual con l\u00e1ser.","breadcrumb":{"@id":"https:\/\/www.advvisioncenters.com\/lst-alternatives\/#breadcrumb"},"inLanguage":"es","potentialAction":[{"@type":"ReadAction","target":["https:\/\/www.advvisioncenters.com\/lst-alternatives\/"]}]},{"@type":"ImageObject","inLanguage":"es","@id":"https:\/\/www.advvisioncenters.com\/lst-alternatives\/#primaryimage","url":"https:\/\/cdn-12c7.kxcdn.com\/images\/glacial_com\/poor-candidate-new.gif","contentUrl":"https:\/\/cdn-12c7.kxcdn.com\/images\/glacial_com\/poor-candidate-new.gif"},{"@type":"BreadcrumbList","@id":"https:\/\/www.advvisioncenters.com\/lst-alternatives\/#breadcrumb","itemListElement":[{"@type":"ListItem","position":1,"name":"Home","item":"https:\/\/www.advvisioncenters.com\/"},{"@type":"ListItem","position":2,"name":"LST Alternatives"}]},{"@type":"WebSite","@id":"https:\/\/www.advvisioncenters.com\/#website","url":"https:\/\/www.advvisioncenters.com\/","name":"ADV Vision","description":"","publisher":{"@id":"https:\/\/www.advvisioncenters.com\/#organization"},"potentialAction":[{"@type":"SearchAction","target":{"@type":"EntryPoint","urlTemplate":"https:\/\/www.advvisioncenters.com\/?s={search_term_string}"},"query-input":{"@type":"PropertyValueSpecification","valueRequired":true,"valueName":"search_term_string"}}],"inLanguage":"es"},{"@type":"Organization","@id":"https:\/\/www.advvisioncenters.com\/#organization","name":"ADV Vision","url":"https:\/\/www.advvisioncenters.com\/","logo":{"@type":"ImageObject","inLanguage":"es","@id":"https:\/\/www.advvisioncenters.com\/#\/schema\/logo\/image\/","url":"https:\/\/www.advvisioncenters.com\/wp-content\/uploads\/adv-vision-logo.png","contentUrl":"https:\/\/www.advvisioncenters.com\/wp-content\/uploads\/adv-vision-logo.png","width":470,"height":120,"caption":"ADV Vision"},"image":{"@id":"https:\/\/www.advvisioncenters.com\/#\/schema\/logo\/image\/"}}]}},"taxonomy_info":[],"featured_image_src_large":false,"author_info":{"display_name":"glacialedits","author_link":"https:\/\/www.advvisioncenters.com\/es\/blog\/author\/glacialedits\/"},"comment_info":0,"_links":{"self":[{"href":"https:\/\/www.advvisioncenters.com\/es\/wp-json\/wp\/v2\/pages\/4024","targetHints":{"allow":["GET"]}}],"collection":[{"href":"https:\/\/www.advvisioncenters.com\/es\/wp-json\/wp\/v2\/pages"}],"about":[{"href":"https:\/\/www.advvisioncenters.com\/es\/wp-json\/wp\/v2\/types\/page"}],"author":[{"embeddable":true,"href":"https:\/\/www.advvisioncenters.com\/es\/wp-json\/wp\/v2\/users\/2"}],"replies":[{"embeddable":true,"href":"https:\/\/www.advvisioncenters.com\/es\/wp-json\/wp\/v2\/comments?post=4024"}],"version-history":[{"count":7,"href":"https:\/\/www.advvisioncenters.com\/es\/wp-json\/wp\/v2\/pages\/4024\/revisions"}],"predecessor-version":[{"id":5176,"href":"https:\/\/www.advvisioncenters.com\/es\/wp-json\/wp\/v2\/pages\/4024\/revisions\/5176"}],"wp:attachment":[{"href":"https:\/\/www.advvisioncenters.com\/es\/wp-json\/wp\/v2\/media?parent=4024"}],"wp:term":[{"taxonomy":"post_tag","embeddable":true,"href":"https:\/\/www.advvisioncenters.com\/es\/wp-json\/wp\/v2\/tags?post=4024"}],"curies":[{"name":"wp","href":"https:\/\/api.w.org\/{rel}","templated":true}]}}