{"id":4021,"date":"2024-07-08T11:32:17","date_gmt":"2024-07-08T15:32:17","guid":{"rendered":"https:\/\/www.paceyemd.com\/?page_id=4021"},"modified":"2025-08-05T09:13:13","modified_gmt":"2025-08-05T13:13:13","slug":"lst-candidate","status":"publish","type":"page","link":"https:\/\/www.advvisioncenters.com\/es\/lst-candidate\/","title":{"rendered":"Resultados de la autoevaluaci\u00f3n LASIK: \u00a1Usted es candidato!"},"content":{"rendered":"<h2 class=\"wp-block-heading has-text-align-center\">\u00a1Felicidades!<\/h2>\n\n\n\n<div style=\"text-align: center;\"><img decoding=\"async\" class=\"aligncenter size-full\" src=\"https:\/\/cdn-12c7.kxcdn.com\/images\/glacial_com\/good-candidate.png\" alt=\"Good Candidate for LASIK\" \/><\/div>\n\n\n\n<h3 class=\"wp-block-heading has-text-align-center\">Usted es un buen candidato para la cirug\u00eda.<\/h3>\n\n\n\n<p class=\"has-text-align-center\">Gracias por completar nuestro autotest LASIK. Seg\u00fan sus respuestas,&nbsp;<strong>La cirug\u00eda LASIK podr\u00eda ser una excelente opci\u00f3n para usted.<\/strong>&nbsp;para lograr una visi\u00f3n m\u00e1s clara.<\/p>\n\n\n\n<h2 class=\"wp-block-heading\">\u00bfQu\u00e9 sigue?<\/h2>\n\n\n\n<p>El siguiente paso en su proceso LASIK es visitar nuestra cl\u00ednica para una consulta integral. Durante esta visita, nuestro equipo de expertos realizar\u00e1 evaluaciones detalladas para confirmar si usted es candidato y le explicar\u00e1 las opciones de tratamiento personalizadas seg\u00fan sus necesidades visuales.<\/p>\n\n\n\n<div class=\"wp-block-buttons is-content-justification-center is-layout-flex wp-container-core-buttons-is-layout-16018d1d wp-block-buttons-is-layout-flex\">\n<div class=\"wp-block-button\"><a class=\"wp-block-button__link wp-element-button\" href=\"https:\/\/www.advvisioncenters.com\/es\/request-an-appointment\/\">Solicitar cita<\/a><\/div>\n\n\n\n<div class=\"wp-block-button\"><a class=\"wp-block-button__link wp-element-button\" href=\"https:\/\/www.advvisioncenters.com\/es\/lasik-san-luis-obispo\/\">Obtenga m\u00e1s informaci\u00f3n sobre LASIK<\/a><\/div>\n<\/div>\n\n\n\n<h2 class=\"wp-block-heading\">Nos pondremos en contacto<\/h2>\n\n\n\n<p>Uno de los miembros de nuestro equipo se pondr\u00e1 en contacto con usted pr\u00f3ximamente para revisar los resultados de su autodiagn\u00f3stico y ayudarle a programar su consulta. Si tiene alguna pregunta o desea reservar su consulta cuanto antes, no dude en llamarnos al\u00a0<a href=\"tel:8059875300\">(805) 987-5300<\/a>.<\/p>\n\n\n\n<h2 class=\"wp-block-heading\">Su visi\u00f3n, nuestra prioridad<\/h2>\n\n\n\n<p>En ADV Vision, nos dedicamos a ayudarle a lograr la mejor visi\u00f3n posible con tecnolog\u00eda LASIK avanzada y una atenci\u00f3n personalizada. Obtenga m\u00e1s informaci\u00f3n sobre nuestros servicios visitando&nbsp;<a href=\"https:\/\/www.advvisioncenters.com\/es\/\">nuestro sitio web<\/a>.<\/p>","protected":false},"excerpt":{"rendered":"<p>\u00a1Enhorabuena! Eres un buen candidato para la cirug\u00eda. Gracias por completar nuestro autotest LASIK. Seg\u00fan tus respuestas, la cirug\u00eda LASIK podr\u00eda ser una excelente opci\u00f3n para que logres una visi\u00f3n m\u00e1s n\u00edtida. \u00bfQu\u00e9 sigue? El siguiente paso en tu proceso LASIK es visitar nuestra cl\u00ednica para una consulta completa. Durante esta visita, nuestro equipo de expertos [\u2026]<\/p>","protected":false},"author":2,"featured_media":0,"parent":0,"menu_order":0,"comment_status":"closed","ping_status":"closed","template":"","meta":{"_acf_changed":false,"_kad_blocks_custom_css":"","_kad_blocks_head_custom_js":"","_kad_blocks_body_custom_js":"","_kad_blocks_footer_custom_js":"","footnotes":""},"tags":[],"class_list":["post-4021","page","type-page","status-publish","hentry"],"acf":[],"yoast_head":"<!-- This site is optimized with the Yoast SEO plugin v26.2 - https:\/\/yoast.com\/wordpress\/plugins\/seo\/ -->\n<title>LASIK Self-Test Results - You Are a Candidate! | ADV Vision<\/title>\n<meta name=\"description\" content=\"Learn more about ADV Vision Centers, our eye surgery center in California, where we offer eye care optometry and corrective laser vision services.\" \/>\n<meta name=\"robots\" content=\"index, follow, max-snippet:-1, max-image-preview:large, max-video-preview:-1\" \/>\n<link rel=\"canonical\" href=\"https:\/\/www.advvisioncenters.com\/es\/lst-candidate\/\" \/>\n<meta property=\"og:locale\" content=\"es_MX\" \/>\n<meta property=\"og:type\" content=\"article\" \/>\n<meta property=\"og:title\" content=\"LASIK Self-Test Results - You Are a Candidate! | ADV Vision\" \/>\n<meta property=\"og:description\" content=\"Learn more about ADV Vision Centers, our eye surgery center in California, where we offer eye care optometry and corrective laser vision services.\" \/>\n<meta property=\"og:url\" content=\"https:\/\/www.advvisioncenters.com\/es\/lst-candidate\/\" \/>\n<meta property=\"og:site_name\" content=\"ADV Vision\" \/>\n<meta property=\"article:modified_time\" content=\"2025-08-05T13:13:13+00:00\" \/>\n<meta property=\"og:image\" content=\"https:\/\/cdn-12c7.kxcdn.com\/images\/glacial_com\/good-candidate.png\" \/>\n<meta name=\"twitter:card\" content=\"summary_large_image\" \/>\n<meta name=\"twitter:label1\" content=\"Tiempo de lectura\" \/>\n\t<meta name=\"twitter:data1\" content=\"1 minuto\" \/>\n<script type=\"application\/ld+json\" class=\"yoast-schema-graph\">{\"@context\":\"https:\/\/schema.org\",\"@graph\":[{\"@type\":\"WebPage\",\"@id\":\"https:\/\/www.advvisioncenters.com\/lst-candidate\/\",\"url\":\"https:\/\/www.advvisioncenters.com\/lst-candidate\/\",\"name\":\"LASIK Self-Test Results - You Are a Candidate! | ADV Vision\",\"isPartOf\":{\"@id\":\"https:\/\/www.advvisioncenters.com\/#website\"},\"primaryImageOfPage\":{\"@id\":\"https:\/\/www.advvisioncenters.com\/lst-candidate\/#primaryimage\"},\"image\":{\"@id\":\"https:\/\/www.advvisioncenters.com\/lst-candidate\/#primaryimage\"},\"thumbnailUrl\":\"https:\/\/cdn-12c7.kxcdn.com\/images\/glacial_com\/good-candidate.png\",\"datePublished\":\"2024-07-08T15:32:17+00:00\",\"dateModified\":\"2025-08-05T13:13:13+00:00\",\"description\":\"Learn more about ADV Vision Centers, our eye surgery center in California, where we offer eye care optometry and corrective laser vision services.\",\"breadcrumb\":{\"@id\":\"https:\/\/www.advvisioncenters.com\/lst-candidate\/#breadcrumb\"},\"inLanguage\":\"es\",\"potentialAction\":[{\"@type\":\"ReadAction\",\"target\":[\"https:\/\/www.advvisioncenters.com\/lst-candidate\/\"]}]},{\"@type\":\"ImageObject\",\"inLanguage\":\"es\",\"@id\":\"https:\/\/www.advvisioncenters.com\/lst-candidate\/#primaryimage\",\"url\":\"https:\/\/cdn-12c7.kxcdn.com\/images\/glacial_com\/good-candidate.png\",\"contentUrl\":\"https:\/\/cdn-12c7.kxcdn.com\/images\/glacial_com\/good-candidate.png\"},{\"@type\":\"BreadcrumbList\",\"@id\":\"https:\/\/www.advvisioncenters.com\/lst-candidate\/#breadcrumb\",\"itemListElement\":[{\"@type\":\"ListItem\",\"position\":1,\"name\":\"Home\",\"item\":\"https:\/\/www.advvisioncenters.com\/\"},{\"@type\":\"ListItem\",\"position\":2,\"name\":\"LASIK Self-Test Results &#8211; You Are a Candidate!\"}]},{\"@type\":\"WebSite\",\"@id\":\"https:\/\/www.advvisioncenters.com\/#website\",\"url\":\"https:\/\/www.advvisioncenters.com\/\",\"name\":\"ADV Vision\",\"description\":\"\",\"publisher\":{\"@id\":\"https:\/\/www.advvisioncenters.com\/#organization\"},\"potentialAction\":[{\"@type\":\"SearchAction\",\"target\":{\"@type\":\"EntryPoint\",\"urlTemplate\":\"https:\/\/www.advvisioncenters.com\/?s={search_term_string}\"},\"query-input\":{\"@type\":\"PropertyValueSpecification\",\"valueRequired\":true,\"valueName\":\"search_term_string\"}}],\"inLanguage\":\"es\"},{\"@type\":\"Organization\",\"@id\":\"https:\/\/www.advvisioncenters.com\/#organization\",\"name\":\"ADV Vision\",\"url\":\"https:\/\/www.advvisioncenters.com\/\",\"logo\":{\"@type\":\"ImageObject\",\"inLanguage\":\"es\",\"@id\":\"https:\/\/www.advvisioncenters.com\/#\/schema\/logo\/image\/\",\"url\":\"https:\/\/www.advvisioncenters.com\/wp-content\/uploads\/adv-vision-logo.png\",\"contentUrl\":\"https:\/\/www.advvisioncenters.com\/wp-content\/uploads\/adv-vision-logo.png\",\"width\":470,\"height\":120,\"caption\":\"ADV Vision\"},\"image\":{\"@id\":\"https:\/\/www.advvisioncenters.com\/#\/schema\/logo\/image\/\"}}]}<\/script>\n<!-- \/ Yoast SEO plugin. -->","yoast_head_json":{"title":"Resultados de la autoevaluaci\u00f3n LASIK: \u00a1Eres candidato! | ADV Vision","description":"Conozca m\u00e1s sobre ADV Vision Centers, nuestro centro de cirug\u00eda ocular en California, donde ofrecemos servicios de optometr\u00eda y correcci\u00f3n visual con l\u00e1ser.","robots":{"index":"index","follow":"follow","max-snippet":"max-snippet:-1","max-image-preview":"max-image-preview:large","max-video-preview":"max-video-preview:-1"},"canonical":"https:\/\/www.advvisioncenters.com\/es\/lst-candidate\/","og_locale":"es_MX","og_type":"article","og_title":"LASIK Self-Test Results - You Are a Candidate! | ADV Vision","og_description":"Learn more about ADV Vision Centers, our eye surgery center in California, where we offer eye care optometry and corrective laser vision services.","og_url":"https:\/\/www.advvisioncenters.com\/es\/lst-candidate\/","og_site_name":"ADV Vision","article_modified_time":"2025-08-05T13:13:13+00:00","og_image":[{"url":"https:\/\/cdn-12c7.kxcdn.com\/images\/glacial_com\/good-candidate.png","type":"","width":"","height":""}],"twitter_card":"summary_large_image","twitter_misc":{"Tiempo de lectura":"1 minuto"},"schema":{"@context":"https:\/\/schema.org","@graph":[{"@type":"WebPage","@id":"https:\/\/www.advvisioncenters.com\/lst-candidate\/","url":"https:\/\/www.advvisioncenters.com\/lst-candidate\/","name":"Resultados de la autoevaluaci\u00f3n LASIK: \u00a1Eres candidato! | ADV Vision","isPartOf":{"@id":"https:\/\/www.advvisioncenters.com\/#website"},"primaryImageOfPage":{"@id":"https:\/\/www.advvisioncenters.com\/lst-candidate\/#primaryimage"},"image":{"@id":"https:\/\/www.advvisioncenters.com\/lst-candidate\/#primaryimage"},"thumbnailUrl":"https:\/\/cdn-12c7.kxcdn.com\/images\/glacial_com\/good-candidate.png","datePublished":"2024-07-08T15:32:17+00:00","dateModified":"2025-08-05T13:13:13+00:00","description":"Conozca m\u00e1s sobre ADV Vision Centers, nuestro centro de cirug\u00eda ocular en California, donde ofrecemos servicios de optometr\u00eda y correcci\u00f3n visual con l\u00e1ser.","breadcrumb":{"@id":"https:\/\/www.advvisioncenters.com\/lst-candidate\/#breadcrumb"},"inLanguage":"es","potentialAction":[{"@type":"ReadAction","target":["https:\/\/www.advvisioncenters.com\/lst-candidate\/"]}]},{"@type":"ImageObject","inLanguage":"es","@id":"https:\/\/www.advvisioncenters.com\/lst-candidate\/#primaryimage","url":"https:\/\/cdn-12c7.kxcdn.com\/images\/glacial_com\/good-candidate.png","contentUrl":"https:\/\/cdn-12c7.kxcdn.com\/images\/glacial_com\/good-candidate.png"},{"@type":"BreadcrumbList","@id":"https:\/\/www.advvisioncenters.com\/lst-candidate\/#breadcrumb","itemListElement":[{"@type":"ListItem","position":1,"name":"Home","item":"https:\/\/www.advvisioncenters.com\/"},{"@type":"ListItem","position":2,"name":"LASIK Self-Test Results &#8211; You Are a Candidate!"}]},{"@type":"WebSite","@id":"https:\/\/www.advvisioncenters.com\/#website","url":"https:\/\/www.advvisioncenters.com\/","name":"ADV Vision","description":"","publisher":{"@id":"https:\/\/www.advvisioncenters.com\/#organization"},"potentialAction":[{"@type":"SearchAction","target":{"@type":"EntryPoint","urlTemplate":"https:\/\/www.advvisioncenters.com\/?s={search_term_string}"},"query-input":{"@type":"PropertyValueSpecification","valueRequired":true,"valueName":"search_term_string"}}],"inLanguage":"es"},{"@type":"Organization","@id":"https:\/\/www.advvisioncenters.com\/#organization","name":"ADV Vision","url":"https:\/\/www.advvisioncenters.com\/","logo":{"@type":"ImageObject","inLanguage":"es","@id":"https:\/\/www.advvisioncenters.com\/#\/schema\/logo\/image\/","url":"https:\/\/www.advvisioncenters.com\/wp-content\/uploads\/adv-vision-logo.png","contentUrl":"https:\/\/www.advvisioncenters.com\/wp-content\/uploads\/adv-vision-logo.png","width":470,"height":120,"caption":"ADV Vision"},"image":{"@id":"https:\/\/www.advvisioncenters.com\/#\/schema\/logo\/image\/"}}]}},"taxonomy_info":[],"featured_image_src_large":false,"author_info":{"display_name":"glacialedits","author_link":"https:\/\/www.advvisioncenters.com\/es\/blog\/author\/glacialedits\/"},"comment_info":0,"_links":{"self":[{"href":"https:\/\/www.advvisioncenters.com\/es\/wp-json\/wp\/v2\/pages\/4021","targetHints":{"allow":["GET"]}}],"collection":[{"href":"https:\/\/www.advvisioncenters.com\/es\/wp-json\/wp\/v2\/pages"}],"about":[{"href":"https:\/\/www.advvisioncenters.com\/es\/wp-json\/wp\/v2\/types\/page"}],"author":[{"embeddable":true,"href":"https:\/\/www.advvisioncenters.com\/es\/wp-json\/wp\/v2\/users\/2"}],"replies":[{"embeddable":true,"href":"https:\/\/www.advvisioncenters.com\/es\/wp-json\/wp\/v2\/comments?post=4021"}],"version-history":[{"count":6,"href":"https:\/\/www.advvisioncenters.com\/es\/wp-json\/wp\/v2\/pages\/4021\/revisions"}],"predecessor-version":[{"id":5170,"href":"https:\/\/www.advvisioncenters.com\/es\/wp-json\/wp\/v2\/pages\/4021\/revisions\/5170"}],"wp:attachment":[{"href":"https:\/\/www.advvisioncenters.com\/es\/wp-json\/wp\/v2\/media?parent=4021"}],"wp:term":[{"taxonomy":"post_tag","embeddable":true,"href":"https:\/\/www.advvisioncenters.com\/es\/wp-json\/wp\/v2\/tags?post=4021"}],"curies":[{"name":"wp","href":"https:\/\/api.w.org\/{rel}","templated":true}]}}