{"id":3955,"date":"2024-05-31T10:02:33","date_gmt":"2024-05-31T14:02:33","guid":{"rendered":"https:\/\/www.paceyemd.com\/?page_id=3955"},"modified":"2025-09-04T13:44:03","modified_gmt":"2025-09-04T17:44:03","slug":"get-ready","status":"publish","type":"page","link":"https:\/\/www.advvisioncenters.com\/es\/thank-you\/get-ready\/","title":{"rendered":"\u00a1Prepararse!"},"content":{"rendered":"<p>Gracias por contactarnos para consultar los precios de LASIK. Entendemos que someterse a una cirug\u00eda LASIK es una decisi\u00f3n importante y agradecemos la oportunidad de brindarle informaci\u00f3n que le ayude a tomar una decisi\u00f3n informada.<\/p>\n\n\n\n<h2 class=\"wp-block-heading\">El costo de LASIK<\/h2>\n\n\n\n<p>\u00a1No dejes que el coste te impida vivir una vida sin gafas ni lentillas! <\/p>\n\n\n\n<p><em>\u00bfSab\u00edas que puedes obtener correcci\u00f3n de la visi\u00f3n l\u00e1ser por tan solo $108 al mes? <\/em><\/p>\n\n\n\n<p>ADV Vision ofrece ex\u00e1menes LASIK gratuitos a pacientes que cumplen con los requisitos. Contamos con opciones accesibles para financiar su procedimiento LASIK, como <strong><a href=\"https:\/\/www.advvisioncenters.com\/es\/for-patients\/financing\/\">Alfae\u00f3n<\/a><\/strong>. Una vez aprobadas, ambas ofrecen la flexibilidad de realizar el procedimiento cuando le convenga y luego realizar pagos que se ajusten a su presupuesto mensual.<\/p>\n\n\n\n<h2 class=\"wp-block-heading\">\u00bfQu\u00e9 suceder\u00e1 despu\u00e9s?<\/h2>\n\n\n\n<p>Nuestro equipo se dedica a brindarle una atenci\u00f3n personalizada adaptada a sus necesidades individuales. En breve, uno de nuestros coordinadores de LASIK se comunicar\u00e1 con usted para conversar sobre su consulta. Con gusto responder\u00e1 a todas sus preguntas y programar\u00e1 su consulta de LASIK, que es la mejor manera de determinar si usted es candidato. <\/p>\n\n\n\n<p>La visi\u00f3n de cada persona es diferente. Nuestro equipo de cirujanos de c\u00f3rnea, con formaci\u00f3n especializada, est\u00e1 preparado para brindarle la visi\u00f3n personalizada que usted merece. D\u00e9 el siguiente paso. <a href=\"https:\/\/www.advvisioncenters.com\/es\/request-an-appointment\/\">Programar una consulta LASIK<\/a> Para obtener m\u00e1s informaci\u00f3n.<\/p>\n\n\n\n<p>Mientras tanto, le invitamos a explorar nuestro sitio web para obtener m\u00e1s informaci\u00f3n sobre la cirug\u00eda LASIK., <a href=\"https:\/\/www.advvisioncenters.com\/es\/eye-doctor\/\">nuestro equipo<\/a>, y testimonios de pacientes. Tambi\u00e9n puedes seguirnos en <a href=\"https:\/\/www.facebook.com\/PacEyeMD\/\">redes sociales<\/a> Para estar al d\u00eda de las \u00faltimas noticias y ofertas especiales.<\/p>","protected":false},"excerpt":{"rendered":"<p>Gracias por contactarnos para preguntar sobre los precios de LASIK. Entendemos que someterse a una cirug\u00eda LASIK es una decisi\u00f3n importante y agradecemos la oportunidad de brindarle informaci\u00f3n para ayudarle a tomar una decisi\u00f3n informada. El costo de LASIK. No permita que el costo le impida vivir una vida sin [\u2026]<\/p>","protected":false},"author":2,"featured_media":0,"parent":10,"menu_order":0,"comment_status":"closed","ping_status":"closed","template":"","meta":{"_acf_changed":false,"_kad_blocks_custom_css":"","_kad_blocks_head_custom_js":"","_kad_blocks_body_custom_js":"","_kad_blocks_footer_custom_js":"","footnotes":""},"tags":[],"class_list":["post-3955","page","type-page","status-publish","hentry"],"acf":[],"yoast_head":"<!-- This site is optimized with the Yoast SEO plugin v26.2 - https:\/\/yoast.com\/wordpress\/plugins\/seo\/ -->\n<title>Get Ready! | ADV Vision<\/title>\n<meta name=\"description\" content=\"Learn more about ADV Vision Centers, our eye surgery center in California, where we offer eye care optometry and corrective laser vision services.\" \/>\n<meta name=\"robots\" content=\"index, follow, max-snippet:-1, max-image-preview:large, max-video-preview:-1\" \/>\n<link rel=\"canonical\" href=\"https:\/\/www.advvisioncenters.com\/es\/thank-you\/get-ready\/\" \/>\n<meta property=\"og:locale\" content=\"es_MX\" \/>\n<meta property=\"og:type\" content=\"article\" \/>\n<meta property=\"og:title\" content=\"Get Ready! | ADV Vision\" \/>\n<meta property=\"og:description\" content=\"Learn more about ADV Vision Centers, our eye surgery center in California, where we offer eye care optometry and corrective laser vision services.\" \/>\n<meta property=\"og:url\" content=\"https:\/\/www.advvisioncenters.com\/es\/thank-you\/get-ready\/\" \/>\n<meta property=\"og:site_name\" content=\"ADV Vision\" \/>\n<meta property=\"article:modified_time\" content=\"2025-09-04T17:44:03+00:00\" \/>\n<meta property=\"og:image\" content=\"https:\/\/www.advvisioncenters.com\/wp-content\/uploads\/adv-vision-logo.png\" \/>\n\t<meta property=\"og:image:width\" content=\"470\" \/>\n\t<meta property=\"og:image:height\" content=\"120\" \/>\n\t<meta property=\"og:image:type\" content=\"image\/png\" \/>\n<meta name=\"twitter:card\" content=\"summary_large_image\" \/>\n<meta name=\"twitter:label1\" content=\"Tiempo de lectura\" \/>\n\t<meta name=\"twitter:data1\" content=\"1 minuto\" \/>\n<script type=\"application\/ld+json\" class=\"yoast-schema-graph\">{\"@context\":\"https:\/\/schema.org\",\"@graph\":[{\"@type\":\"WebPage\",\"@id\":\"https:\/\/www.advvisioncenters.com\/thank-you\/get-ready\/\",\"url\":\"https:\/\/www.advvisioncenters.com\/thank-you\/get-ready\/\",\"name\":\"Get Ready! | ADV Vision\",\"isPartOf\":{\"@id\":\"https:\/\/www.advvisioncenters.com\/#website\"},\"datePublished\":\"2024-05-31T14:02:33+00:00\",\"dateModified\":\"2025-09-04T17:44:03+00:00\",\"description\":\"Learn more about ADV Vision Centers, our eye surgery center in California, where we offer eye care optometry and corrective laser vision services.\",\"breadcrumb\":{\"@id\":\"https:\/\/www.advvisioncenters.com\/thank-you\/get-ready\/#breadcrumb\"},\"inLanguage\":\"es\",\"potentialAction\":[{\"@type\":\"ReadAction\",\"target\":[\"https:\/\/www.advvisioncenters.com\/thank-you\/get-ready\/\"]}]},{\"@type\":\"BreadcrumbList\",\"@id\":\"https:\/\/www.advvisioncenters.com\/thank-you\/get-ready\/#breadcrumb\",\"itemListElement\":[{\"@type\":\"ListItem\",\"position\":1,\"name\":\"Home\",\"item\":\"https:\/\/www.advvisioncenters.com\/\"},{\"@type\":\"ListItem\",\"position\":2,\"name\":\"Thank You\",\"item\":\"https:\/\/www.advvisioncenters.com\/thank-you\/\"},{\"@type\":\"ListItem\",\"position\":3,\"name\":\"Get Ready!\"}]},{\"@type\":\"WebSite\",\"@id\":\"https:\/\/www.advvisioncenters.com\/#website\",\"url\":\"https:\/\/www.advvisioncenters.com\/\",\"name\":\"ADV Vision\",\"description\":\"\",\"publisher\":{\"@id\":\"https:\/\/www.advvisioncenters.com\/#organization\"},\"potentialAction\":[{\"@type\":\"SearchAction\",\"target\":{\"@type\":\"EntryPoint\",\"urlTemplate\":\"https:\/\/www.advvisioncenters.com\/?s={search_term_string}\"},\"query-input\":{\"@type\":\"PropertyValueSpecification\",\"valueRequired\":true,\"valueName\":\"search_term_string\"}}],\"inLanguage\":\"es\"},{\"@type\":\"Organization\",\"@id\":\"https:\/\/www.advvisioncenters.com\/#organization\",\"name\":\"ADV Vision\",\"url\":\"https:\/\/www.advvisioncenters.com\/\",\"logo\":{\"@type\":\"ImageObject\",\"inLanguage\":\"es\",\"@id\":\"https:\/\/www.advvisioncenters.com\/#\/schema\/logo\/image\/\",\"url\":\"https:\/\/www.advvisioncenters.com\/wp-content\/uploads\/adv-vision-logo.png\",\"contentUrl\":\"https:\/\/www.advvisioncenters.com\/wp-content\/uploads\/adv-vision-logo.png\",\"width\":470,\"height\":120,\"caption\":\"ADV Vision\"},\"image\":{\"@id\":\"https:\/\/www.advvisioncenters.com\/#\/schema\/logo\/image\/\"}}]}<\/script>\n<!-- \/ Yoast SEO plugin. -->","yoast_head_json":{"title":"\u00a1Prep\u00e1rate! | ADV Vision","description":"Conozca m\u00e1s sobre ADV Vision Centers, nuestro centro de cirug\u00eda ocular en California, donde ofrecemos servicios de optometr\u00eda y correcci\u00f3n visual con l\u00e1ser.","robots":{"index":"index","follow":"follow","max-snippet":"max-snippet:-1","max-image-preview":"max-image-preview:large","max-video-preview":"max-video-preview:-1"},"canonical":"https:\/\/www.advvisioncenters.com\/es\/thank-you\/get-ready\/","og_locale":"es_MX","og_type":"article","og_title":"Get Ready! | ADV Vision","og_description":"Learn more about ADV Vision Centers, our eye surgery center in California, where we offer eye care optometry and corrective laser vision services.","og_url":"https:\/\/www.advvisioncenters.com\/es\/thank-you\/get-ready\/","og_site_name":"ADV Vision","article_modified_time":"2025-09-04T17:44:03+00:00","og_image":[{"width":470,"height":120,"url":"https:\/\/www.advvisioncenters.com\/wp-content\/uploads\/adv-vision-logo.png","type":"image\/png"}],"twitter_card":"summary_large_image","twitter_misc":{"Tiempo de lectura":"1 minuto"},"schema":{"@context":"https:\/\/schema.org","@graph":[{"@type":"WebPage","@id":"https:\/\/www.advvisioncenters.com\/thank-you\/get-ready\/","url":"https:\/\/www.advvisioncenters.com\/thank-you\/get-ready\/","name":"\u00a1Prep\u00e1rate! | ADV Vision","isPartOf":{"@id":"https:\/\/www.advvisioncenters.com\/#website"},"datePublished":"2024-05-31T14:02:33+00:00","dateModified":"2025-09-04T17:44:03+00:00","description":"Conozca m\u00e1s sobre ADV Vision Centers, nuestro centro de cirug\u00eda ocular en California, donde ofrecemos servicios de optometr\u00eda y correcci\u00f3n visual con l\u00e1ser.","breadcrumb":{"@id":"https:\/\/www.advvisioncenters.com\/thank-you\/get-ready\/#breadcrumb"},"inLanguage":"es","potentialAction":[{"@type":"ReadAction","target":["https:\/\/www.advvisioncenters.com\/thank-you\/get-ready\/"]}]},{"@type":"BreadcrumbList","@id":"https:\/\/www.advvisioncenters.com\/thank-you\/get-ready\/#breadcrumb","itemListElement":[{"@type":"ListItem","position":1,"name":"Home","item":"https:\/\/www.advvisioncenters.com\/"},{"@type":"ListItem","position":2,"name":"Thank You","item":"https:\/\/www.advvisioncenters.com\/thank-you\/"},{"@type":"ListItem","position":3,"name":"Get Ready!"}]},{"@type":"WebSite","@id":"https:\/\/www.advvisioncenters.com\/#website","url":"https:\/\/www.advvisioncenters.com\/","name":"ADV Vision","description":"","publisher":{"@id":"https:\/\/www.advvisioncenters.com\/#organization"},"potentialAction":[{"@type":"SearchAction","target":{"@type":"EntryPoint","urlTemplate":"https:\/\/www.advvisioncenters.com\/?s={search_term_string}"},"query-input":{"@type":"PropertyValueSpecification","valueRequired":true,"valueName":"search_term_string"}}],"inLanguage":"es"},{"@type":"Organization","@id":"https:\/\/www.advvisioncenters.com\/#organization","name":"ADV Vision","url":"https:\/\/www.advvisioncenters.com\/","logo":{"@type":"ImageObject","inLanguage":"es","@id":"https:\/\/www.advvisioncenters.com\/#\/schema\/logo\/image\/","url":"https:\/\/www.advvisioncenters.com\/wp-content\/uploads\/adv-vision-logo.png","contentUrl":"https:\/\/www.advvisioncenters.com\/wp-content\/uploads\/adv-vision-logo.png","width":470,"height":120,"caption":"ADV Vision"},"image":{"@id":"https:\/\/www.advvisioncenters.com\/#\/schema\/logo\/image\/"}}]}},"taxonomy_info":[],"featured_image_src_large":false,"author_info":{"display_name":"glacialedits","author_link":"https:\/\/www.advvisioncenters.com\/es\/blog\/author\/glacialedits\/"},"comment_info":0,"_links":{"self":[{"href":"https:\/\/www.advvisioncenters.com\/es\/wp-json\/wp\/v2\/pages\/3955","targetHints":{"allow":["GET"]}}],"collection":[{"href":"https:\/\/www.advvisioncenters.com\/es\/wp-json\/wp\/v2\/pages"}],"about":[{"href":"https:\/\/www.advvisioncenters.com\/es\/wp-json\/wp\/v2\/types\/page"}],"author":[{"embeddable":true,"href":"https:\/\/www.advvisioncenters.com\/es\/wp-json\/wp\/v2\/users\/2"}],"replies":[{"embeddable":true,"href":"https:\/\/www.advvisioncenters.com\/es\/wp-json\/wp\/v2\/comments?post=3955"}],"version-history":[{"count":2,"href":"https:\/\/www.advvisioncenters.com\/es\/wp-json\/wp\/v2\/pages\/3955\/revisions"}],"predecessor-version":[{"id":5539,"href":"https:\/\/www.advvisioncenters.com\/es\/wp-json\/wp\/v2\/pages\/3955\/revisions\/5539"}],"up":[{"embeddable":true,"href":"https:\/\/www.advvisioncenters.com\/es\/wp-json\/wp\/v2\/pages\/10"}],"wp:attachment":[{"href":"https:\/\/www.advvisioncenters.com\/es\/wp-json\/wp\/v2\/media?parent=3955"}],"wp:term":[{"taxonomy":"post_tag","embeddable":true,"href":"https:\/\/www.advvisioncenters.com\/es\/wp-json\/wp\/v2\/tags?post=3955"}],"curies":[{"name":"wp","href":"https:\/\/api.w.org\/{rel}","templated":true}]}}