{"id":3807,"date":"2024-04-04T12:10:59","date_gmt":"2024-04-04T16:10:59","guid":{"rendered":"https:\/\/www.paceyemd.com\/?page_id=3807"},"modified":"2025-07-07T08:24:56","modified_gmt":"2025-07-07T12:24:56","slug":"lasik-pricing","status":"publish","type":"page","link":"https:\/\/www.advvisioncenters.com\/es\/lasik-san-luis-obispo\/lasik-pricing\/","title":{"rendered":"Obt\u00e9n precios de LASIK"},"content":{"rendered":"<h2 class=\"wp-block-heading\" style=\"text-transform:capitalize\"><strong><strong><strong><strong>Complete el siguiente formulario para solicitar un presupuesto de LASIK.<\/strong><\/strong><\/strong><\/strong><\/h2>\n\n\n\n<!-- forms.mdcompliant.com script begins here -->\n<script type=\"text\/javascript\" defer src=\"https:\/\/forms.mdcompliant.com\/embed\/6842588.js\" data-role=\"form\"><\/script>\n<!-- forms.mdcompliant.com script ends here -->","protected":false},"excerpt":{"rendered":"<p>Complete el siguiente formulario para solicitar un presupuesto de LASIK.<\/p>","protected":false},"author":2,"featured_media":0,"parent":61,"menu_order":4,"comment_status":"closed","ping_status":"closed","template":"","meta":{"_acf_changed":false,"_kad_blocks_custom_css":"","_kad_blocks_head_custom_js":"","_kad_blocks_body_custom_js":"","_kad_blocks_footer_custom_js":"","footnotes":""},"tags":[],"class_list":["post-3807","page","type-page","status-publish","hentry"],"acf":[],"yoast_head":"<!-- This site is optimized with the Yoast SEO plugin v26.2 - https:\/\/yoast.com\/wordpress\/plugins\/seo\/ -->\n<title>Get LASIK Pricing 2026 | ADV Vision<\/title>\n<meta name=\"description\" content=\"Learn more about ADV Vision Centers, our eye surgery center in California, where we offer eye care optometry and corrective laser vision services.\" \/>\n<meta name=\"robots\" content=\"index, follow, max-snippet:-1, max-image-preview:large, max-video-preview:-1\" \/>\n<link rel=\"canonical\" href=\"https:\/\/www.advvisioncenters.com\/es\/lasik-san-luis-obispo\/lasik-pricing\/\" \/>\n<meta property=\"og:locale\" content=\"es_MX\" \/>\n<meta property=\"og:type\" content=\"article\" \/>\n<meta property=\"og:title\" content=\"Get LASIK Pricing 2026 | ADV Vision\" \/>\n<meta property=\"og:description\" content=\"Learn more about ADV Vision Centers, our eye surgery center in California, where we offer eye care optometry and corrective laser vision services.\" \/>\n<meta property=\"og:url\" content=\"https:\/\/www.advvisioncenters.com\/es\/lasik-san-luis-obispo\/lasik-pricing\/\" \/>\n<meta property=\"og:site_name\" content=\"ADV Vision\" \/>\n<meta property=\"article:modified_time\" content=\"2025-07-07T12:24:56+00:00\" \/>\n<meta property=\"og:image\" content=\"https:\/\/www.advvisioncenters.com\/wp-content\/uploads\/adv-vision-logo.png\" \/>\n\t<meta property=\"og:image:width\" content=\"470\" \/>\n\t<meta property=\"og:image:height\" content=\"120\" \/>\n\t<meta property=\"og:image:type\" content=\"image\/png\" \/>\n<meta name=\"twitter:card\" content=\"summary_large_image\" \/>\n<script type=\"application\/ld+json\" class=\"yoast-schema-graph\">{\"@context\":\"https:\/\/schema.org\",\"@graph\":[{\"@type\":\"WebPage\",\"@id\":\"https:\/\/www.advvisioncenters.com\/lasik-san-luis-obispo\/lasik-pricing\/\",\"url\":\"https:\/\/www.advvisioncenters.com\/lasik-san-luis-obispo\/lasik-pricing\/\",\"name\":\"Get LASIK Pricing 2026 | ADV Vision\",\"isPartOf\":{\"@id\":\"https:\/\/www.advvisioncenters.com\/#website\"},\"datePublished\":\"2024-04-04T16:10:59+00:00\",\"dateModified\":\"2025-07-07T12:24:56+00:00\",\"description\":\"Learn more about ADV Vision Centers, our eye surgery center in California, where we offer eye care optometry and corrective laser vision services.\",\"breadcrumb\":{\"@id\":\"https:\/\/www.advvisioncenters.com\/lasik-san-luis-obispo\/lasik-pricing\/#breadcrumb\"},\"inLanguage\":\"es\",\"potentialAction\":[{\"@type\":\"ReadAction\",\"target\":[\"https:\/\/www.advvisioncenters.com\/lasik-san-luis-obispo\/lasik-pricing\/\"]}]},{\"@type\":\"BreadcrumbList\",\"@id\":\"https:\/\/www.advvisioncenters.com\/lasik-san-luis-obispo\/lasik-pricing\/#breadcrumb\",\"itemListElement\":[{\"@type\":\"ListItem\",\"position\":1,\"name\":\"Home\",\"item\":\"https:\/\/www.advvisioncenters.com\/\"},{\"@type\":\"ListItem\",\"position\":2,\"name\":\"LASIK\",\"item\":\"https:\/\/www.advvisioncenters.com\/lasik-san-luis-obispo\/\"},{\"@type\":\"ListItem\",\"position\":3,\"name\":\"Get LASIK Pricing\"}]},{\"@type\":\"WebSite\",\"@id\":\"https:\/\/www.advvisioncenters.com\/#website\",\"url\":\"https:\/\/www.advvisioncenters.com\/\",\"name\":\"ADV Vision\",\"description\":\"\",\"publisher\":{\"@id\":\"https:\/\/www.advvisioncenters.com\/#organization\"},\"potentialAction\":[{\"@type\":\"SearchAction\",\"target\":{\"@type\":\"EntryPoint\",\"urlTemplate\":\"https:\/\/www.advvisioncenters.com\/?s={search_term_string}\"},\"query-input\":{\"@type\":\"PropertyValueSpecification\",\"valueRequired\":true,\"valueName\":\"search_term_string\"}}],\"inLanguage\":\"es\"},{\"@type\":\"Organization\",\"@id\":\"https:\/\/www.advvisioncenters.com\/#organization\",\"name\":\"ADV Vision\",\"url\":\"https:\/\/www.advvisioncenters.com\/\",\"logo\":{\"@type\":\"ImageObject\",\"inLanguage\":\"es\",\"@id\":\"https:\/\/www.advvisioncenters.com\/#\/schema\/logo\/image\/\",\"url\":\"https:\/\/www.advvisioncenters.com\/wp-content\/uploads\/adv-vision-logo.png\",\"contentUrl\":\"https:\/\/www.advvisioncenters.com\/wp-content\/uploads\/adv-vision-logo.png\",\"width\":470,\"height\":120,\"caption\":\"ADV Vision\"},\"image\":{\"@id\":\"https:\/\/www.advvisioncenters.com\/#\/schema\/logo\/image\/\"}}]}<\/script>\n<!-- \/ Yoast SEO plugin. -->","yoast_head_json":{"title":"Obtenga precios de LASIK para 2026 | ADV Vision","description":"Conozca m\u00e1s sobre ADV Vision Centers, nuestro centro de cirug\u00eda ocular en California, donde ofrecemos servicios de optometr\u00eda y correcci\u00f3n visual con l\u00e1ser.","robots":{"index":"index","follow":"follow","max-snippet":"max-snippet:-1","max-image-preview":"max-image-preview:large","max-video-preview":"max-video-preview:-1"},"canonical":"https:\/\/www.advvisioncenters.com\/es\/lasik-san-luis-obispo\/lasik-pricing\/","og_locale":"es_MX","og_type":"article","og_title":"Get LASIK Pricing 2026 | ADV Vision","og_description":"Learn more about ADV Vision Centers, our eye surgery center in California, where we offer eye care optometry and corrective laser vision services.","og_url":"https:\/\/www.advvisioncenters.com\/es\/lasik-san-luis-obispo\/lasik-pricing\/","og_site_name":"ADV Vision","article_modified_time":"2025-07-07T12:24:56+00:00","og_image":[{"width":470,"height":120,"url":"https:\/\/www.advvisioncenters.com\/wp-content\/uploads\/adv-vision-logo.png","type":"image\/png"}],"twitter_card":"summary_large_image","schema":{"@context":"https:\/\/schema.org","@graph":[{"@type":"WebPage","@id":"https:\/\/www.advvisioncenters.com\/lasik-san-luis-obispo\/lasik-pricing\/","url":"https:\/\/www.advvisioncenters.com\/lasik-san-luis-obispo\/lasik-pricing\/","name":"Obtenga precios de LASIK para 2026 | ADV Vision","isPartOf":{"@id":"https:\/\/www.advvisioncenters.com\/#website"},"datePublished":"2024-04-04T16:10:59+00:00","dateModified":"2025-07-07T12:24:56+00:00","description":"Conozca m\u00e1s sobre ADV Vision Centers, nuestro centro de cirug\u00eda ocular en California, donde ofrecemos servicios de optometr\u00eda y correcci\u00f3n visual con l\u00e1ser.","breadcrumb":{"@id":"https:\/\/www.advvisioncenters.com\/lasik-san-luis-obispo\/lasik-pricing\/#breadcrumb"},"inLanguage":"es","potentialAction":[{"@type":"ReadAction","target":["https:\/\/www.advvisioncenters.com\/lasik-san-luis-obispo\/lasik-pricing\/"]}]},{"@type":"BreadcrumbList","@id":"https:\/\/www.advvisioncenters.com\/lasik-san-luis-obispo\/lasik-pricing\/#breadcrumb","itemListElement":[{"@type":"ListItem","position":1,"name":"Home","item":"https:\/\/www.advvisioncenters.com\/"},{"@type":"ListItem","position":2,"name":"LASIK","item":"https:\/\/www.advvisioncenters.com\/lasik-san-luis-obispo\/"},{"@type":"ListItem","position":3,"name":"Get LASIK Pricing"}]},{"@type":"WebSite","@id":"https:\/\/www.advvisioncenters.com\/#website","url":"https:\/\/www.advvisioncenters.com\/","name":"ADV Vision","description":"","publisher":{"@id":"https:\/\/www.advvisioncenters.com\/#organization"},"potentialAction":[{"@type":"SearchAction","target":{"@type":"EntryPoint","urlTemplate":"https:\/\/www.advvisioncenters.com\/?s={search_term_string}"},"query-input":{"@type":"PropertyValueSpecification","valueRequired":true,"valueName":"search_term_string"}}],"inLanguage":"es"},{"@type":"Organization","@id":"https:\/\/www.advvisioncenters.com\/#organization","name":"ADV Vision","url":"https:\/\/www.advvisioncenters.com\/","logo":{"@type":"ImageObject","inLanguage":"es","@id":"https:\/\/www.advvisioncenters.com\/#\/schema\/logo\/image\/","url":"https:\/\/www.advvisioncenters.com\/wp-content\/uploads\/adv-vision-logo.png","contentUrl":"https:\/\/www.advvisioncenters.com\/wp-content\/uploads\/adv-vision-logo.png","width":470,"height":120,"caption":"ADV Vision"},"image":{"@id":"https:\/\/www.advvisioncenters.com\/#\/schema\/logo\/image\/"}}]}},"taxonomy_info":[],"featured_image_src_large":false,"author_info":{"display_name":"glacialedits","author_link":"https:\/\/www.advvisioncenters.com\/es\/blog\/author\/glacialedits\/"},"comment_info":0,"_links":{"self":[{"href":"https:\/\/www.advvisioncenters.com\/es\/wp-json\/wp\/v2\/pages\/3807","targetHints":{"allow":["GET"]}}],"collection":[{"href":"https:\/\/www.advvisioncenters.com\/es\/wp-json\/wp\/v2\/pages"}],"about":[{"href":"https:\/\/www.advvisioncenters.com\/es\/wp-json\/wp\/v2\/types\/page"}],"author":[{"embeddable":true,"href":"https:\/\/www.advvisioncenters.com\/es\/wp-json\/wp\/v2\/users\/2"}],"replies":[{"embeddable":true,"href":"https:\/\/www.advvisioncenters.com\/es\/wp-json\/wp\/v2\/comments?post=3807"}],"version-history":[{"count":6,"href":"https:\/\/www.advvisioncenters.com\/es\/wp-json\/wp\/v2\/pages\/3807\/revisions"}],"predecessor-version":[{"id":4768,"href":"https:\/\/www.advvisioncenters.com\/es\/wp-json\/wp\/v2\/pages\/3807\/revisions\/4768"}],"up":[{"embeddable":true,"href":"https:\/\/www.advvisioncenters.com\/es\/wp-json\/wp\/v2\/pages\/61"}],"wp:attachment":[{"href":"https:\/\/www.advvisioncenters.com\/es\/wp-json\/wp\/v2\/media?parent=3807"}],"wp:term":[{"taxonomy":"post_tag","embeddable":true,"href":"https:\/\/www.advvisioncenters.com\/es\/wp-json\/wp\/v2\/tags?post=3807"}],"curies":[{"name":"wp","href":"https:\/\/api.w.org\/{rel}","templated":true}]}}