{"id":38,"date":"2022-05-03T15:54:36","date_gmt":"2022-05-03T19:54:36","guid":{"rendered":"http:\/\/demo.paceyemd.com.php73-37.phx1-1.websitetestlink.com\/specialties\/"},"modified":"2025-06-26T10:05:05","modified_gmt":"2025-06-26T14:05:05","slug":"services","status":"publish","type":"page","link":"https:\/\/www.advvisioncenters.com\/es\/services\/","title":{"rendered":"Servicios"},"content":{"rendered":"","protected":false},"excerpt":{"rendered":"","protected":false},"author":1,"featured_media":0,"parent":0,"menu_order":19,"comment_status":"closed","ping_status":"closed","template":"","meta":{"_acf_changed":false,"_kad_blocks_custom_css":"","_kad_blocks_head_custom_js":"","_kad_blocks_body_custom_js":"","_kad_blocks_footer_custom_js":"","footnotes":""},"tags":[],"class_list":["post-38","page","type-page","status-publish","hentry"],"acf":[],"yoast_head":"<!-- This site is optimized with the Yoast SEO plugin v26.2 - https:\/\/yoast.com\/wordpress\/plugins\/seo\/ -->\n<title>LASIK, Cataract, and Laser Eye Surgery Services | ADV Vision<\/title>\n<meta name=\"description\" content=\"ADV Vision Centers is an eye care &amp; surgery center offering PRK, cataract surgery, glaucoma surgery, LASIK, ICL, RLE, and more in San Luis Obispo County.\" \/>\n<meta name=\"robots\" content=\"index, follow, max-snippet:-1, max-image-preview:large, max-video-preview:-1\" \/>\n<link rel=\"canonical\" href=\"https:\/\/www.advvisioncenters.com\/es\/services\/\" \/>\n<meta property=\"og:locale\" content=\"es_MX\" \/>\n<meta property=\"og:type\" content=\"article\" \/>\n<meta property=\"og:title\" content=\"LASIK, Cataract, and Laser Eye Surgery Services | ADV Vision\" \/>\n<meta property=\"og:description\" content=\"ADV Vision Centers is an eye care &amp; surgery center offering PRK, cataract surgery, glaucoma surgery, LASIK, ICL, RLE, and more in San Luis Obispo County.\" \/>\n<meta property=\"og:url\" content=\"https:\/\/www.advvisioncenters.com\/es\/services\/\" \/>\n<meta property=\"og:site_name\" content=\"ADV Vision\" \/>\n<meta property=\"article:modified_time\" content=\"2025-06-26T14:05:05+00:00\" \/>\n<meta property=\"og:image\" content=\"https:\/\/www.advvisioncenters.com\/wp-content\/uploads\/adv-vision-logo.png\" \/>\n\t<meta property=\"og:image:width\" content=\"470\" \/>\n\t<meta property=\"og:image:height\" content=\"120\" \/>\n\t<meta property=\"og:image:type\" content=\"image\/png\" \/>\n<meta name=\"twitter:card\" content=\"summary_large_image\" \/>\n<script type=\"application\/ld+json\" class=\"yoast-schema-graph\">{\"@context\":\"https:\/\/schema.org\",\"@graph\":[{\"@type\":\"WebPage\",\"@id\":\"https:\/\/www.advvisioncenters.com\/services\/\",\"url\":\"https:\/\/www.advvisioncenters.com\/services\/\",\"name\":\"LASIK, Cataract, and Laser Eye Surgery Services | ADV Vision\",\"isPartOf\":{\"@id\":\"https:\/\/www.advvisioncenters.com\/#website\"},\"datePublished\":\"2022-05-03T19:54:36+00:00\",\"dateModified\":\"2025-06-26T14:05:05+00:00\",\"description\":\"ADV Vision Centers is an eye care & surgery center offering PRK, cataract surgery, glaucoma surgery, LASIK, ICL, RLE, and more in San Luis Obispo County.\",\"breadcrumb\":{\"@id\":\"https:\/\/www.advvisioncenters.com\/services\/#breadcrumb\"},\"inLanguage\":\"es\",\"potentialAction\":[{\"@type\":\"ReadAction\",\"target\":[\"https:\/\/www.advvisioncenters.com\/services\/\"]}]},{\"@type\":\"BreadcrumbList\",\"@id\":\"https:\/\/www.advvisioncenters.com\/services\/#breadcrumb\",\"itemListElement\":[{\"@type\":\"ListItem\",\"position\":1,\"name\":\"Home\",\"item\":\"https:\/\/www.advvisioncenters.com\/\"},{\"@type\":\"ListItem\",\"position\":2,\"name\":\"Services\"}]},{\"@type\":\"WebSite\",\"@id\":\"https:\/\/www.advvisioncenters.com\/#website\",\"url\":\"https:\/\/www.advvisioncenters.com\/\",\"name\":\"ADV Vision\",\"description\":\"\",\"publisher\":{\"@id\":\"https:\/\/www.advvisioncenters.com\/#organization\"},\"potentialAction\":[{\"@type\":\"SearchAction\",\"target\":{\"@type\":\"EntryPoint\",\"urlTemplate\":\"https:\/\/www.advvisioncenters.com\/?s={search_term_string}\"},\"query-input\":{\"@type\":\"PropertyValueSpecification\",\"valueRequired\":true,\"valueName\":\"search_term_string\"}}],\"inLanguage\":\"es\"},{\"@type\":\"Organization\",\"@id\":\"https:\/\/www.advvisioncenters.com\/#organization\",\"name\":\"ADV Vision\",\"url\":\"https:\/\/www.advvisioncenters.com\/\",\"logo\":{\"@type\":\"ImageObject\",\"inLanguage\":\"es\",\"@id\":\"https:\/\/www.advvisioncenters.com\/#\/schema\/logo\/image\/\",\"url\":\"https:\/\/www.advvisioncenters.com\/wp-content\/uploads\/adv-vision-logo.png\",\"contentUrl\":\"https:\/\/www.advvisioncenters.com\/wp-content\/uploads\/adv-vision-logo.png\",\"width\":470,\"height\":120,\"caption\":\"ADV Vision\"},\"image\":{\"@id\":\"https:\/\/www.advvisioncenters.com\/#\/schema\/logo\/image\/\"}}]}<\/script>\n<!-- \/ Yoast SEO plugin. -->","yoast_head_json":{"title":"Servicios de cirug\u00eda ocular LASIK, de cataratas y l\u00e1ser | ADV Vision","description":"ADV Vision Centers es un centro de atenci\u00f3n y cirug\u00eda ocular que ofrece PRK, cirug\u00eda de cataratas, cirug\u00eda de glaucoma, LASIK, ICL, RLE y m\u00e1s en el condado de San Luis Obispo.","robots":{"index":"index","follow":"follow","max-snippet":"max-snippet:-1","max-image-preview":"max-image-preview:large","max-video-preview":"max-video-preview:-1"},"canonical":"https:\/\/www.advvisioncenters.com\/es\/services\/","og_locale":"es_MX","og_type":"article","og_title":"LASIK, Cataract, and Laser Eye Surgery Services | ADV Vision","og_description":"ADV Vision Centers is an eye care & surgery center offering PRK, cataract surgery, glaucoma surgery, LASIK, ICL, RLE, and more in San Luis Obispo County.","og_url":"https:\/\/www.advvisioncenters.com\/es\/services\/","og_site_name":"ADV Vision","article_modified_time":"2025-06-26T14:05:05+00:00","og_image":[{"width":470,"height":120,"url":"https:\/\/www.advvisioncenters.com\/wp-content\/uploads\/adv-vision-logo.png","type":"image\/png"}],"twitter_card":"summary_large_image","schema":{"@context":"https:\/\/schema.org","@graph":[{"@type":"WebPage","@id":"https:\/\/www.advvisioncenters.com\/services\/","url":"https:\/\/www.advvisioncenters.com\/services\/","name":"Servicios de cirug\u00eda ocular LASIK, de cataratas y l\u00e1ser | ADV Vision","isPartOf":{"@id":"https:\/\/www.advvisioncenters.com\/#website"},"datePublished":"2022-05-03T19:54:36+00:00","dateModified":"2025-06-26T14:05:05+00:00","description":"ADV Vision Centers es un centro de atenci\u00f3n y cirug\u00eda ocular que ofrece PRK, cirug\u00eda de cataratas, cirug\u00eda de glaucoma, LASIK, ICL, RLE y m\u00e1s en el condado de San Luis Obispo.","breadcrumb":{"@id":"https:\/\/www.advvisioncenters.com\/services\/#breadcrumb"},"inLanguage":"es","potentialAction":[{"@type":"ReadAction","target":["https:\/\/www.advvisioncenters.com\/services\/"]}]},{"@type":"BreadcrumbList","@id":"https:\/\/www.advvisioncenters.com\/services\/#breadcrumb","itemListElement":[{"@type":"ListItem","position":1,"name":"Home","item":"https:\/\/www.advvisioncenters.com\/"},{"@type":"ListItem","position":2,"name":"Services"}]},{"@type":"WebSite","@id":"https:\/\/www.advvisioncenters.com\/#website","url":"https:\/\/www.advvisioncenters.com\/","name":"ADV Vision","description":"","publisher":{"@id":"https:\/\/www.advvisioncenters.com\/#organization"},"potentialAction":[{"@type":"SearchAction","target":{"@type":"EntryPoint","urlTemplate":"https:\/\/www.advvisioncenters.com\/?s={search_term_string}"},"query-input":{"@type":"PropertyValueSpecification","valueRequired":true,"valueName":"search_term_string"}}],"inLanguage":"es"},{"@type":"Organization","@id":"https:\/\/www.advvisioncenters.com\/#organization","name":"ADV Vision","url":"https:\/\/www.advvisioncenters.com\/","logo":{"@type":"ImageObject","inLanguage":"es","@id":"https:\/\/www.advvisioncenters.com\/#\/schema\/logo\/image\/","url":"https:\/\/www.advvisioncenters.com\/wp-content\/uploads\/adv-vision-logo.png","contentUrl":"https:\/\/www.advvisioncenters.com\/wp-content\/uploads\/adv-vision-logo.png","width":470,"height":120,"caption":"ADV Vision"},"image":{"@id":"https:\/\/www.advvisioncenters.com\/#\/schema\/logo\/image\/"}}]}},"taxonomy_info":[],"featured_image_src_large":false,"author_info":{"display_name":"onur","author_link":"https:\/\/www.advvisioncenters.com\/es\/blog\/author\/onur\/"},"comment_info":0,"_links":{"self":[{"href":"https:\/\/www.advvisioncenters.com\/es\/wp-json\/wp\/v2\/pages\/38","targetHints":{"allow":["GET"]}}],"collection":[{"href":"https:\/\/www.advvisioncenters.com\/es\/wp-json\/wp\/v2\/pages"}],"about":[{"href":"https:\/\/www.advvisioncenters.com\/es\/wp-json\/wp\/v2\/types\/page"}],"author":[{"embeddable":true,"href":"https:\/\/www.advvisioncenters.com\/es\/wp-json\/wp\/v2\/users\/1"}],"replies":[{"embeddable":true,"href":"https:\/\/www.advvisioncenters.com\/es\/wp-json\/wp\/v2\/comments?post=38"}],"version-history":[{"count":2,"href":"https:\/\/www.advvisioncenters.com\/es\/wp-json\/wp\/v2\/pages\/38\/revisions"}],"predecessor-version":[{"id":4745,"href":"https:\/\/www.advvisioncenters.com\/es\/wp-json\/wp\/v2\/pages\/38\/revisions\/4745"}],"wp:attachment":[{"href":"https:\/\/www.advvisioncenters.com\/es\/wp-json\/wp\/v2\/media?parent=38"}],"wp:term":[{"taxonomy":"post_tag","embeddable":true,"href":"https:\/\/www.advvisioncenters.com\/es\/wp-json\/wp\/v2\/tags?post=38"}],"curies":[{"name":"wp","href":"https:\/\/api.w.org\/{rel}","templated":true}]}}