{"id":3529,"date":"2023-10-13T16:21:32","date_gmt":"2023-10-13T20:21:32","guid":{"rendered":"https:\/\/www.paceyemd.com\/?page_id=3529"},"modified":"2023-10-13T16:21:33","modified_gmt":"2023-10-13T20:21:33","slug":"open-payments-program","status":"publish","type":"page","link":"https:\/\/www.advvisioncenters.com\/es\/open-payments-program\/","title":{"rendered":"Programa de Pagos Abiertos"},"content":{"rendered":"<p>El Programa de Pagos Abiertos, tambi\u00e9n conocido como Ley Sunshine, exige a las empresas farmac\u00e9uticas y de dispositivos m\u00e9dicos que informen sobre los pagos y las transferencias de valor que realizan a los proveedores de atenci\u00f3n m\u00e9dica, incluidos m\u00e9dicos y hospitales universitarios. Esto incluye pagos por servicios, investigaci\u00f3n, viajes y otros conceptos.<\/p>\n\n\n\n<p>Con fines meramente informativos, aqu\u00ed se proporciona un enlace a las p\u00e1ginas web de Pagos Abiertos de los Centros de Servicios de Medicare y Medicaid (CMS) federales. La Ley Federal de Transparencia en los Pagos a M\u00e9dicos exige que la informaci\u00f3n detallada sobre los pagos y otros pagos superiores a ($10) de fabricantes de medicamentos, dispositivos m\u00e9dicos y productos biol\u00f3gicos a m\u00e9dicos y hospitales universitarios est\u00e9 disponible para el p\u00fablico. \u00a0<\/p>\n\n\n\n<div class=\"wp-block-buttons is-content-justification-center is-layout-flex wp-container-core-buttons-is-layout-16018d1d wp-block-buttons-is-layout-flex\">\n<div class=\"wp-block-button\"><a class=\"wp-block-button__link wp-element-button\" href=\"https:\/\/openpaymentsdata.cms.gov\/\" target=\"_blank\" rel=\"noreferrer noopener\">Datos de pagos abiertos<\/a><\/div>\n<\/div>\n\n\n\n<p><\/p>\n\n\n\n<p>Creemos que brindarle esta informaci\u00f3n le permite tomar decisiones informadas sobre su atenci\u00f3n m\u00e9dica y fomenta la transparencia en el sector sanitario. No dude en contactarnos si tiene alguna pregunta o necesita informaci\u00f3n adicional sobre nuestras relaciones financieras con empresas farmac\u00e9uticas o de dispositivos m\u00e9dicos.<\/p>\n\n\n\n<p>Gracias por elegirnos para el cuidado de sus ojos.<\/p>","protected":false},"excerpt":{"rendered":"<p>El Programa de Pagos Abiertos, tambi\u00e9n conocido como Ley Sunshine, exige a las empresas farmac\u00e9uticas y de dispositivos m\u00e9dicos que informen sobre los pagos y las transferencias de valor que realizan a los proveedores de atenci\u00f3n m\u00e9dica, incluidos m\u00e9dicos y hospitales universitarios. Esto incluye pagos por servicios, investigaci\u00f3n, viajes y otros conceptos. A modo informativo, se incluye un enlace a los Centros de Servicios de Medicare y Medicaid federales [\u2026]<\/p>","protected":false},"author":3,"featured_media":0,"parent":0,"menu_order":0,"comment_status":"closed","ping_status":"closed","template":"","meta":{"_acf_changed":false,"_kad_blocks_custom_css":"","_kad_blocks_head_custom_js":"","_kad_blocks_body_custom_js":"","_kad_blocks_footer_custom_js":"","footnotes":""},"tags":[],"class_list":["post-3529","page","type-page","status-publish","hentry"],"acf":[],"yoast_head":"<!-- This site is optimized with the Yoast SEO plugin v26.2 - https:\/\/yoast.com\/wordpress\/plugins\/seo\/ -->\n<title>Open Payments Program | ADV Vision<\/title>\n<meta name=\"description\" content=\"Learn more about ADV Vision Centers, our eye surgery center in California, where we offer eye care optometry and corrective laser vision services.\" \/>\n<meta name=\"robots\" content=\"index, follow, max-snippet:-1, max-image-preview:large, max-video-preview:-1\" \/>\n<link rel=\"canonical\" href=\"https:\/\/www.advvisioncenters.com\/es\/open-payments-program\/\" \/>\n<meta property=\"og:locale\" content=\"es_MX\" \/>\n<meta property=\"og:type\" content=\"article\" \/>\n<meta property=\"og:title\" content=\"Open Payments Program | ADV Vision\" \/>\n<meta property=\"og:description\" content=\"Learn more about ADV Vision Centers, our eye surgery center in California, where we offer eye care optometry and corrective laser vision services.\" \/>\n<meta property=\"og:url\" content=\"https:\/\/www.advvisioncenters.com\/es\/open-payments-program\/\" \/>\n<meta property=\"og:site_name\" content=\"ADV Vision\" \/>\n<meta property=\"article:modified_time\" content=\"2023-10-13T20:21:33+00:00\" \/>\n<meta property=\"og:image\" content=\"https:\/\/www.advvisioncenters.com\/wp-content\/uploads\/adv-vision-logo.png\" \/>\n\t<meta property=\"og:image:width\" content=\"470\" \/>\n\t<meta property=\"og:image:height\" content=\"120\" \/>\n\t<meta property=\"og:image:type\" content=\"image\/png\" \/>\n<meta name=\"twitter:card\" content=\"summary_large_image\" \/>\n<meta name=\"twitter:label1\" content=\"Tiempo de lectura\" \/>\n\t<meta name=\"twitter:data1\" content=\"1 minuto\" \/>\n<script type=\"application\/ld+json\" class=\"yoast-schema-graph\">{\"@context\":\"https:\/\/schema.org\",\"@graph\":[{\"@type\":\"WebPage\",\"@id\":\"https:\/\/www.advvisioncenters.com\/open-payments-program\/\",\"url\":\"https:\/\/www.advvisioncenters.com\/open-payments-program\/\",\"name\":\"Open Payments Program | ADV Vision\",\"isPartOf\":{\"@id\":\"https:\/\/www.advvisioncenters.com\/#website\"},\"datePublished\":\"2023-10-13T20:21:32+00:00\",\"dateModified\":\"2023-10-13T20:21:33+00:00\",\"description\":\"Learn more about ADV Vision Centers, our eye surgery center in California, where we offer eye care optometry and corrective laser vision services.\",\"breadcrumb\":{\"@id\":\"https:\/\/www.advvisioncenters.com\/open-payments-program\/#breadcrumb\"},\"inLanguage\":\"es\",\"potentialAction\":[{\"@type\":\"ReadAction\",\"target\":[\"https:\/\/www.advvisioncenters.com\/open-payments-program\/\"]}]},{\"@type\":\"BreadcrumbList\",\"@id\":\"https:\/\/www.advvisioncenters.com\/open-payments-program\/#breadcrumb\",\"itemListElement\":[{\"@type\":\"ListItem\",\"position\":1,\"name\":\"Home\",\"item\":\"https:\/\/www.advvisioncenters.com\/\"},{\"@type\":\"ListItem\",\"position\":2,\"name\":\"Open Payments Program\"}]},{\"@type\":\"WebSite\",\"@id\":\"https:\/\/www.advvisioncenters.com\/#website\",\"url\":\"https:\/\/www.advvisioncenters.com\/\",\"name\":\"ADV Vision\",\"description\":\"\",\"publisher\":{\"@id\":\"https:\/\/www.advvisioncenters.com\/#organization\"},\"potentialAction\":[{\"@type\":\"SearchAction\",\"target\":{\"@type\":\"EntryPoint\",\"urlTemplate\":\"https:\/\/www.advvisioncenters.com\/?s={search_term_string}\"},\"query-input\":{\"@type\":\"PropertyValueSpecification\",\"valueRequired\":true,\"valueName\":\"search_term_string\"}}],\"inLanguage\":\"es\"},{\"@type\":\"Organization\",\"@id\":\"https:\/\/www.advvisioncenters.com\/#organization\",\"name\":\"ADV Vision\",\"url\":\"https:\/\/www.advvisioncenters.com\/\",\"logo\":{\"@type\":\"ImageObject\",\"inLanguage\":\"es\",\"@id\":\"https:\/\/www.advvisioncenters.com\/#\/schema\/logo\/image\/\",\"url\":\"https:\/\/www.advvisioncenters.com\/wp-content\/uploads\/adv-vision-logo.png\",\"contentUrl\":\"https:\/\/www.advvisioncenters.com\/wp-content\/uploads\/adv-vision-logo.png\",\"width\":470,\"height\":120,\"caption\":\"ADV Vision\"},\"image\":{\"@id\":\"https:\/\/www.advvisioncenters.com\/#\/schema\/logo\/image\/\"}}]}<\/script>\n<!-- \/ Yoast SEO plugin. -->","yoast_head_json":{"title":"Programa de Pagos Abiertos | ADV Vision","description":"Conozca m\u00e1s sobre ADV Vision Centers, nuestro centro de cirug\u00eda ocular en California, donde ofrecemos servicios de optometr\u00eda y correcci\u00f3n visual con l\u00e1ser.","robots":{"index":"index","follow":"follow","max-snippet":"max-snippet:-1","max-image-preview":"max-image-preview:large","max-video-preview":"max-video-preview:-1"},"canonical":"https:\/\/www.advvisioncenters.com\/es\/open-payments-program\/","og_locale":"es_MX","og_type":"article","og_title":"Open Payments Program | ADV Vision","og_description":"Learn more about ADV Vision Centers, our eye surgery center in California, where we offer eye care optometry and corrective laser vision services.","og_url":"https:\/\/www.advvisioncenters.com\/es\/open-payments-program\/","og_site_name":"ADV Vision","article_modified_time":"2023-10-13T20:21:33+00:00","og_image":[{"width":470,"height":120,"url":"https:\/\/www.advvisioncenters.com\/wp-content\/uploads\/adv-vision-logo.png","type":"image\/png"}],"twitter_card":"summary_large_image","twitter_misc":{"Tiempo de lectura":"1 minuto"},"schema":{"@context":"https:\/\/schema.org","@graph":[{"@type":"WebPage","@id":"https:\/\/www.advvisioncenters.com\/open-payments-program\/","url":"https:\/\/www.advvisioncenters.com\/open-payments-program\/","name":"Programa de Pagos Abiertos | ADV Vision","isPartOf":{"@id":"https:\/\/www.advvisioncenters.com\/#website"},"datePublished":"2023-10-13T20:21:32+00:00","dateModified":"2023-10-13T20:21:33+00:00","description":"Conozca m\u00e1s sobre ADV Vision Centers, nuestro centro de cirug\u00eda ocular en California, donde ofrecemos servicios de optometr\u00eda y correcci\u00f3n visual con l\u00e1ser.","breadcrumb":{"@id":"https:\/\/www.advvisioncenters.com\/open-payments-program\/#breadcrumb"},"inLanguage":"es","potentialAction":[{"@type":"ReadAction","target":["https:\/\/www.advvisioncenters.com\/open-payments-program\/"]}]},{"@type":"BreadcrumbList","@id":"https:\/\/www.advvisioncenters.com\/open-payments-program\/#breadcrumb","itemListElement":[{"@type":"ListItem","position":1,"name":"Home","item":"https:\/\/www.advvisioncenters.com\/"},{"@type":"ListItem","position":2,"name":"Open Payments Program"}]},{"@type":"WebSite","@id":"https:\/\/www.advvisioncenters.com\/#website","url":"https:\/\/www.advvisioncenters.com\/","name":"ADV Vision","description":"","publisher":{"@id":"https:\/\/www.advvisioncenters.com\/#organization"},"potentialAction":[{"@type":"SearchAction","target":{"@type":"EntryPoint","urlTemplate":"https:\/\/www.advvisioncenters.com\/?s={search_term_string}"},"query-input":{"@type":"PropertyValueSpecification","valueRequired":true,"valueName":"search_term_string"}}],"inLanguage":"es"},{"@type":"Organization","@id":"https:\/\/www.advvisioncenters.com\/#organization","name":"ADV Vision","url":"https:\/\/www.advvisioncenters.com\/","logo":{"@type":"ImageObject","inLanguage":"es","@id":"https:\/\/www.advvisioncenters.com\/#\/schema\/logo\/image\/","url":"https:\/\/www.advvisioncenters.com\/wp-content\/uploads\/adv-vision-logo.png","contentUrl":"https:\/\/www.advvisioncenters.com\/wp-content\/uploads\/adv-vision-logo.png","width":470,"height":120,"caption":"ADV Vision"},"image":{"@id":"https:\/\/www.advvisioncenters.com\/#\/schema\/logo\/image\/"}}]}},"taxonomy_info":[],"featured_image_src_large":false,"author_info":{"display_name":"glacialcm","author_link":"https:\/\/www.advvisioncenters.com\/es\/blog\/author\/glacialcm\/"},"comment_info":0,"_links":{"self":[{"href":"https:\/\/www.advvisioncenters.com\/es\/wp-json\/wp\/v2\/pages\/3529","targetHints":{"allow":["GET"]}}],"collection":[{"href":"https:\/\/www.advvisioncenters.com\/es\/wp-json\/wp\/v2\/pages"}],"about":[{"href":"https:\/\/www.advvisioncenters.com\/es\/wp-json\/wp\/v2\/types\/page"}],"author":[{"embeddable":true,"href":"https:\/\/www.advvisioncenters.com\/es\/wp-json\/wp\/v2\/users\/3"}],"replies":[{"embeddable":true,"href":"https:\/\/www.advvisioncenters.com\/es\/wp-json\/wp\/v2\/comments?post=3529"}],"version-history":[{"count":1,"href":"https:\/\/www.advvisioncenters.com\/es\/wp-json\/wp\/v2\/pages\/3529\/revisions"}],"predecessor-version":[{"id":3530,"href":"https:\/\/www.advvisioncenters.com\/es\/wp-json\/wp\/v2\/pages\/3529\/revisions\/3530"}],"wp:attachment":[{"href":"https:\/\/www.advvisioncenters.com\/es\/wp-json\/wp\/v2\/media?parent=3529"}],"wp:term":[{"taxonomy":"post_tag","embeddable":true,"href":"https:\/\/www.advvisioncenters.com\/es\/wp-json\/wp\/v2\/tags?post=3529"}],"curies":[{"name":"wp","href":"https:\/\/api.w.org\/{rel}","templated":true}]}}