{"id":34,"date":"2022-05-03T15:54:36","date_gmt":"2022-05-03T19:54:36","guid":{"rendered":"http:\/\/demo.paceyemd.com.php73-37.phx1-1.websitetestlink.com\/about\/"},"modified":"2025-07-11T18:14:59","modified_gmt":"2025-07-11T22:14:59","slug":"about","status":"publish","type":"page","link":"https:\/\/www.advvisioncenters.com\/es\/about\/","title":{"rendered":"Acerca de"},"content":{"rendered":"<p>En ADV Vision, entregamos\u00a0<strong>atenci\u00f3n oftalmol\u00f3gica excepcional<\/strong>\u00a0a pacientes de todo California\u00a0<strong>Costa Central<\/strong>, con oficinas en\u00a0<strong>Paso Robles<\/strong>,\u00a0<strong>San Luis Obispo<\/strong>, y\u00a0<strong>Santa Mar\u00eda<\/strong>, y procedimientos quir\u00fargicos realizados en nuestras instalaciones de vanguardia.\u00a0<strong>Centro Quir\u00fargico Paragon<\/strong>. De\u00a0<strong>LASIK<\/strong>\u00a0y\u00a0<strong>cirug\u00eda de cataratas<\/strong>\u00a0a\u00a0<strong>implantes de lentes<\/strong>,\u00a0<strong>atenci\u00f3n del glaucoma<\/strong>, y\u00a0<strong>procedimientos de p\u00e1rpados<\/strong>, nos mezclamos\u00a0<strong>tecnolog\u00eda de vanguardia<\/strong>\u00a0con un enfoque de atenci\u00f3n profundamente personalizado.<\/p>\n\n\n\n<p>ADV Vision se fund\u00f3 mediante una asociaci\u00f3n entre&nbsp;<strong>Dr. Adam Abroms<\/strong>, un cirujano oftalm\u00f3logo de confianza en San Luis Obispo, y&nbsp;<a href=\"https:\/\/www.doughertylaservision.com\/\"><strong>Visi\u00f3n DLV<\/strong><\/a>, un grupo l\u00edder en atenci\u00f3n oftalmol\u00f3gica del sur de California. Esta uni\u00f3n re\u00fane d\u00e9cadas de experiencia quir\u00fargica e innovaci\u00f3n cl\u00ednica, dise\u00f1adas para atender las diversas necesidades de los pacientes en la regi\u00f3n de la Costa Central.<\/p>\n\n\n\n<h3 class=\"wp-block-heading\">Nuestro compromiso<\/h3>\n\n\n\n<p>Nos apasiona ayudar a los pacientes.&nbsp;<strong>Ver con claridad y vivir plenamente<\/strong>. Nuestros oftalm\u00f3logos certificados y nuestro dedicado equipo de atenci\u00f3n oftalmol\u00f3gica trabajan estrechamente con cada paciente, creando planes de tratamiento personalizados y ofreciendo orientaci\u00f3n experta en cada paso. Creemos en&nbsp;<strong>educar y empoderar<\/strong>&nbsp;Nuestros pacientes, garantizando confianza y comodidad en cada procedimiento.<\/p>\n\n\n\n<h3 class=\"wp-block-heading\">Excelencia en Visi\u00f3n<\/h3>\n\n\n\n<p>Nuestros m\u00e9dicos son l\u00edderes en su campo:<\/p>\n\n\n\n<ul class=\"wp-block-list\">\n<li><strong>Dr. Adam Abroms<\/strong>&nbsp;Ha realizado decenas de miles de procedimientos de correcci\u00f3n de la visi\u00f3n y de cataratas, gan\u00e1ndose la confianza de pacientes y m\u00e9dicos remitentes de toda la regi\u00f3n.<\/li>\n\n\n\n<li><strong>Dr. John B. Cotter<\/strong>&nbsp;Aporta cinco d\u00e9cadas de experiencia en el tratamiento de cataratas, glaucoma y enfermedades de la c\u00f3rnea.<\/li>\n<\/ul>\n\n\n\n<p>Tanto si est\u00e1 considerando la cirug\u00eda LASIK como si est\u00e1 lidiando con afecciones oculares complejas, ADV Vision ofrece&nbsp;<strong>soluciones innovadoras<\/strong>&nbsp;en un entorno de apoyo donde el paciente es lo primero, aqu\u00ed mismo en su comunidad.<\/p>\n\n\n\n<p><\/p>","protected":false},"excerpt":{"rendered":"<p>En ADV Vision, brindamos atenci\u00f3n oftalmol\u00f3gica excepcional a pacientes de toda la Costa Central de California, con consultorios en Paso Robles, San Luis Obispo y Santa Mar\u00eda, y procedimientos quir\u00fargicos realizados en nuestro vanguardista Centro Quir\u00fargico Paragon. Desde LASIK y cirug\u00eda de cataratas hasta implantes de lentes, tratamiento del glaucoma y procedimientos de p\u00e1rpados, combinamos tecnolog\u00eda de punta con un enfoque de atenci\u00f3n profundamente personalizado. ADV Vision fue fundada mediante una alianza entre el Dr. Adam Abroms, un reconocido oftalm\u00f3logo [\u2026]<\/p>","protected":false},"author":1,"featured_media":0,"parent":0,"menu_order":17,"comment_status":"closed","ping_status":"closed","template":"","meta":{"_acf_changed":false,"_kad_blocks_custom_css":"","_kad_blocks_head_custom_js":"","_kad_blocks_body_custom_js":"","_kad_blocks_footer_custom_js":"","footnotes":""},"tags":[],"class_list":["post-34","page","type-page","status-publish","hentry"],"acf":[],"yoast_head":"<!-- This site is optimized with the Yoast SEO plugin v26.2 - https:\/\/yoast.com\/wordpress\/plugins\/seo\/ -->\n<title>Top Eye Care &amp; LASIK | ADV Vision - Central Coast Experts<\/title>\n<meta name=\"description\" content=\"Experience world-class LASIK, cataract surgery &amp; eye care in Paso Robles, SLO &amp; Santa Maria with ADV Vision\u2014trusted experts using advanced technology.\" \/>\n<meta name=\"robots\" content=\"index, follow, max-snippet:-1, max-image-preview:large, max-video-preview:-1\" \/>\n<link rel=\"canonical\" href=\"https:\/\/www.advvisioncenters.com\/es\/about\/\" \/>\n<meta property=\"og:locale\" content=\"es_MX\" \/>\n<meta property=\"og:type\" content=\"article\" \/>\n<meta property=\"og:title\" content=\"Top Eye Care &amp; LASIK | ADV Vision - Central Coast Experts\" \/>\n<meta property=\"og:description\" content=\"Experience world-class LASIK, cataract surgery &amp; eye care in Paso Robles, SLO &amp; Santa Maria with ADV Vision\u2014trusted experts using advanced technology.\" \/>\n<meta property=\"og:url\" content=\"https:\/\/www.advvisioncenters.com\/es\/about\/\" \/>\n<meta property=\"og:site_name\" content=\"ADV Vision\" \/>\n<meta property=\"article:modified_time\" content=\"2025-07-11T22:14:59+00:00\" \/>\n<meta property=\"og:image\" content=\"https:\/\/www.advvisioncenters.com\/wp-content\/uploads\/adv-vision-logo.png\" \/>\n\t<meta property=\"og:image:width\" content=\"470\" \/>\n\t<meta property=\"og:image:height\" content=\"120\" \/>\n\t<meta property=\"og:image:type\" content=\"image\/png\" \/>\n<meta name=\"twitter:card\" content=\"summary_large_image\" \/>\n<meta name=\"twitter:label1\" content=\"Tiempo de lectura\" \/>\n\t<meta name=\"twitter:data1\" content=\"1 minuto\" \/>\n<script type=\"application\/ld+json\" class=\"yoast-schema-graph\">{\"@context\":\"https:\/\/schema.org\",\"@graph\":[{\"@type\":\"WebPage\",\"@id\":\"https:\/\/www.advvisioncenters.com\/about\/\",\"url\":\"https:\/\/www.advvisioncenters.com\/about\/\",\"name\":\"Top Eye Care & LASIK | ADV Vision - Central Coast Experts\",\"isPartOf\":{\"@id\":\"https:\/\/www.advvisioncenters.com\/#website\"},\"datePublished\":\"2022-05-03T19:54:36+00:00\",\"dateModified\":\"2025-07-11T22:14:59+00:00\",\"description\":\"Experience world-class LASIK, cataract surgery & eye care in Paso Robles, SLO & Santa Maria with ADV Vision\u2014trusted experts using advanced technology.\",\"breadcrumb\":{\"@id\":\"https:\/\/www.advvisioncenters.com\/about\/#breadcrumb\"},\"inLanguage\":\"es\",\"potentialAction\":[{\"@type\":\"ReadAction\",\"target\":[\"https:\/\/www.advvisioncenters.com\/about\/\"]}]},{\"@type\":\"BreadcrumbList\",\"@id\":\"https:\/\/www.advvisioncenters.com\/about\/#breadcrumb\",\"itemListElement\":[{\"@type\":\"ListItem\",\"position\":1,\"name\":\"Home\",\"item\":\"https:\/\/www.advvisioncenters.com\/\"},{\"@type\":\"ListItem\",\"position\":2,\"name\":\"About\"}]},{\"@type\":\"WebSite\",\"@id\":\"https:\/\/www.advvisioncenters.com\/#website\",\"url\":\"https:\/\/www.advvisioncenters.com\/\",\"name\":\"ADV Vision\",\"description\":\"\",\"publisher\":{\"@id\":\"https:\/\/www.advvisioncenters.com\/#organization\"},\"potentialAction\":[{\"@type\":\"SearchAction\",\"target\":{\"@type\":\"EntryPoint\",\"urlTemplate\":\"https:\/\/www.advvisioncenters.com\/?s={search_term_string}\"},\"query-input\":{\"@type\":\"PropertyValueSpecification\",\"valueRequired\":true,\"valueName\":\"search_term_string\"}}],\"inLanguage\":\"es\"},{\"@type\":\"Organization\",\"@id\":\"https:\/\/www.advvisioncenters.com\/#organization\",\"name\":\"ADV Vision\",\"url\":\"https:\/\/www.advvisioncenters.com\/\",\"logo\":{\"@type\":\"ImageObject\",\"inLanguage\":\"es\",\"@id\":\"https:\/\/www.advvisioncenters.com\/#\/schema\/logo\/image\/\",\"url\":\"https:\/\/www.advvisioncenters.com\/wp-content\/uploads\/adv-vision-logo.png\",\"contentUrl\":\"https:\/\/www.advvisioncenters.com\/wp-content\/uploads\/adv-vision-logo.png\",\"width\":470,\"height\":120,\"caption\":\"ADV Vision\"},\"image\":{\"@id\":\"https:\/\/www.advvisioncenters.com\/#\/schema\/logo\/image\/\"}}]}<\/script>\n<!-- \/ Yoast SEO plugin. -->","yoast_head_json":{"title":"Cuidado ocular y LASIK de primera categor\u00eda | ADV Vision - Expertos de la Costa Central","description":"Experimente cirug\u00eda LASIK, de cataratas y atenci\u00f3n oftalmol\u00f3gica de primera clase en Paso Robles, SLO y Santa Maria con ADV Vision: expertos de confianza que utilizan tecnolog\u00eda avanzada.","robots":{"index":"index","follow":"follow","max-snippet":"max-snippet:-1","max-image-preview":"max-image-preview:large","max-video-preview":"max-video-preview:-1"},"canonical":"https:\/\/www.advvisioncenters.com\/es\/about\/","og_locale":"es_MX","og_type":"article","og_title":"Top Eye Care & LASIK | ADV Vision - Central Coast Experts","og_description":"Experience world-class LASIK, cataract surgery & eye care in Paso Robles, SLO & Santa Maria with ADV Vision\u2014trusted experts using advanced technology.","og_url":"https:\/\/www.advvisioncenters.com\/es\/about\/","og_site_name":"ADV Vision","article_modified_time":"2025-07-11T22:14:59+00:00","og_image":[{"width":470,"height":120,"url":"https:\/\/www.advvisioncenters.com\/wp-content\/uploads\/adv-vision-logo.png","type":"image\/png"}],"twitter_card":"summary_large_image","twitter_misc":{"Tiempo de lectura":"1 minuto"},"schema":{"@context":"https:\/\/schema.org","@graph":[{"@type":"WebPage","@id":"https:\/\/www.advvisioncenters.com\/about\/","url":"https:\/\/www.advvisioncenters.com\/about\/","name":"Cuidado ocular y LASIK de primera categor\u00eda | ADV Vision - Expertos de la Costa Central","isPartOf":{"@id":"https:\/\/www.advvisioncenters.com\/#website"},"datePublished":"2022-05-03T19:54:36+00:00","dateModified":"2025-07-11T22:14:59+00:00","description":"Experimente cirug\u00eda LASIK, de cataratas y atenci\u00f3n oftalmol\u00f3gica de primera clase en Paso Robles, SLO y Santa Maria con ADV Vision: expertos de confianza que utilizan tecnolog\u00eda avanzada.","breadcrumb":{"@id":"https:\/\/www.advvisioncenters.com\/about\/#breadcrumb"},"inLanguage":"es","potentialAction":[{"@type":"ReadAction","target":["https:\/\/www.advvisioncenters.com\/about\/"]}]},{"@type":"BreadcrumbList","@id":"https:\/\/www.advvisioncenters.com\/about\/#breadcrumb","itemListElement":[{"@type":"ListItem","position":1,"name":"Home","item":"https:\/\/www.advvisioncenters.com\/"},{"@type":"ListItem","position":2,"name":"About"}]},{"@type":"WebSite","@id":"https:\/\/www.advvisioncenters.com\/#website","url":"https:\/\/www.advvisioncenters.com\/","name":"ADV Vision","description":"","publisher":{"@id":"https:\/\/www.advvisioncenters.com\/#organization"},"potentialAction":[{"@type":"SearchAction","target":{"@type":"EntryPoint","urlTemplate":"https:\/\/www.advvisioncenters.com\/?s={search_term_string}"},"query-input":{"@type":"PropertyValueSpecification","valueRequired":true,"valueName":"search_term_string"}}],"inLanguage":"es"},{"@type":"Organization","@id":"https:\/\/www.advvisioncenters.com\/#organization","name":"ADV Vision","url":"https:\/\/www.advvisioncenters.com\/","logo":{"@type":"ImageObject","inLanguage":"es","@id":"https:\/\/www.advvisioncenters.com\/#\/schema\/logo\/image\/","url":"https:\/\/www.advvisioncenters.com\/wp-content\/uploads\/adv-vision-logo.png","contentUrl":"https:\/\/www.advvisioncenters.com\/wp-content\/uploads\/adv-vision-logo.png","width":470,"height":120,"caption":"ADV Vision"},"image":{"@id":"https:\/\/www.advvisioncenters.com\/#\/schema\/logo\/image\/"}}]}},"taxonomy_info":[],"featured_image_src_large":false,"author_info":{"display_name":"onur","author_link":"https:\/\/www.advvisioncenters.com\/es\/blog\/author\/onur\/"},"comment_info":0,"_links":{"self":[{"href":"https:\/\/www.advvisioncenters.com\/es\/wp-json\/wp\/v2\/pages\/34","targetHints":{"allow":["GET"]}}],"collection":[{"href":"https:\/\/www.advvisioncenters.com\/es\/wp-json\/wp\/v2\/pages"}],"about":[{"href":"https:\/\/www.advvisioncenters.com\/es\/wp-json\/wp\/v2\/types\/page"}],"author":[{"embeddable":true,"href":"https:\/\/www.advvisioncenters.com\/es\/wp-json\/wp\/v2\/users\/1"}],"replies":[{"embeddable":true,"href":"https:\/\/www.advvisioncenters.com\/es\/wp-json\/wp\/v2\/comments?post=34"}],"version-history":[{"count":8,"href":"https:\/\/www.advvisioncenters.com\/es\/wp-json\/wp\/v2\/pages\/34\/revisions"}],"predecessor-version":[{"id":4964,"href":"https:\/\/www.advvisioncenters.com\/es\/wp-json\/wp\/v2\/pages\/34\/revisions\/4964"}],"wp:attachment":[{"href":"https:\/\/www.advvisioncenters.com\/es\/wp-json\/wp\/v2\/media?parent=34"}],"wp:term":[{"taxonomy":"post_tag","embeddable":true,"href":"https:\/\/www.advvisioncenters.com\/es\/wp-json\/wp\/v2\/tags?post=34"}],"curies":[{"name":"wp","href":"https:\/\/api.w.org\/{rel}","templated":true}]}}