{"id":2549,"date":"2022-05-13T15:22:37","date_gmt":"2022-05-13T19:22:16","guid":{"rendered":"http:\/\/demo.paceyemd.com.php73-37.phx1-1.websitetestlink.com\/for-patients\/online-bill-pay\/"},"modified":"2026-03-27T11:42:55","modified_gmt":"2026-03-27T15:42:55","slug":"online-bill-pay","status":"publish","type":"page","link":"https:\/\/www.advvisioncenters.com\/es\/for-patients\/online-bill-pay\/","title":{"rendered":"Realizar un pago"},"content":{"rendered":"<p>ADV Vision ofrece a nuestros pacientes la posibilidad de pagar sus facturas en l\u00ednea de forma segura. Si recibi\u00f3 atenci\u00f3n m\u00e9dica en una de nuestras sucursales de la Costa Central, seleccione la opci\u00f3n de pago que mejor se ajuste a los servicios que recibi\u00f3.<\/p>\n\n\n<style>.wp-block-kadence-spacer.kt-block-spacer-2549_1ecc3b-80 .kt-block-spacer{height:60px;}.wp-block-kadence-spacer.kt-block-spacer-2549_1ecc3b-80 .kt-divider{border-top-width:1px;height:1px;border-top-color:#e4c865;width:80%;border-top-style:dashed;}<\/style>\n<div class=\"wp-block-kadence-spacer aligncenter kt-block-spacer-2549_1ecc3b-80\"><div class=\"kt-block-spacer kt-block-spacer-halign-center\"><hr class=\"kt-divider\"\/><\/div><\/div>\n\n\n<style>.kb-row-layout-id2549_b66b17-f5 > .kt-row-column-wrap{align-content:start;}:where(.kb-row-layout-id2549_b66b17-f5 > .kt-row-column-wrap) > .wp-block-kadence-column{justify-content:start;}.kb-row-layout-id2549_b66b17-f5 > .kt-row-column-wrap{column-gap:var(--global-kb-gap-lg, 4rem);row-gap:var(--global-kb-gap-md, 2rem);padding-top:var(--global-kb-spacing-sm, 1.5rem);padding-bottom:var(--global-kb-spacing-sm, 1.5rem);grid-template-columns:repeat(2, minmax(0, 1fr));}.kb-row-layout-id2549_b66b17-f5 > .kt-row-layout-overlay{opacity:0.30;}@media all and (max-width: 1024px){.kb-row-layout-id2549_b66b17-f5 > .kt-row-column-wrap{grid-template-columns:repeat(2, minmax(0, 1fr));}}@media all and (max-width: 767px){.kb-row-layout-id2549_b66b17-f5 > .kt-row-column-wrap{grid-template-columns:minmax(0, 1fr);}}<\/style><div class=\"kb-row-layout-wrap kb-row-layout-id2549_b66b17-f5 alignnone wp-block-kadence-rowlayout\"><div class=\"kt-row-column-wrap kt-has-2-columns kt-row-layout-equal kt-tab-layout-inherit kt-mobile-layout-row kt-row-valign-top\">\n<style>.kadence-column2549_a988b6-60 > .kt-inside-inner-col,.kadence-column2549_a988b6-60 > .kt-inside-inner-col:before{border-top-left-radius:0px;border-top-right-radius:0px;border-bottom-right-radius:0px;border-bottom-left-radius:0px;}.kadence-column2549_a988b6-60 > .kt-inside-inner-col{column-gap:var(--global-kb-gap-sm, 1rem);}.kadence-column2549_a988b6-60 > .kt-inside-inner-col{flex-direction:column;}.kadence-column2549_a988b6-60 > .kt-inside-inner-col > .aligncenter{width:100%;}.kadence-column2549_a988b6-60 > .kt-inside-inner-col:before{opacity:0.3;}.kadence-column2549_a988b6-60{position:relative;}@media all and (max-width: 1024px){.kadence-column2549_a988b6-60 > .kt-inside-inner-col{flex-direction:column;justify-content:center;}}@media all and (max-width: 767px){.kadence-column2549_a988b6-60 > .kt-inside-inner-col{flex-direction:column;justify-content:center;}}<\/style>\n<div class=\"wp-block-kadence-column kadence-column2549_a988b6-60\"><div class=\"kt-inside-inner-col\">\n<h2 class=\"wp-block-heading has-text-align-center\">Pago de servicios cl\u00ednicos<\/h2>\n\n\n\n<p>Utilice esta opci\u00f3n para:<\/p>\n\n\n\n<ul class=\"wp-block-list\">\n<li>Visitas al consultorio<\/li>\n\n\n\n<li>ex\u00e1menes de la vista<\/li>\n\n\n\n<li>Citas de seguimiento<\/li>\n\n\n\n<li>Pruebas de diagn\u00f3stico<\/li>\n\n\n\n<li>Servicios de atenci\u00f3n oftalmol\u00f3gica no quir\u00fargicos<\/li>\n<\/ul>\n\n\n\n<div class=\"wp-block-buttons is-content-justification-center is-layout-flex wp-container-core-buttons-is-layout-16018d1d wp-block-buttons-is-layout-flex\">\n<div class=\"wp-block-button\"><a class=\"wp-block-button__link wp-element-button\" href=\"http:\/\/pay.instamed.com\/dougherty.md\">Pago de servicios cl\u00ednicos<\/a><\/div>\n<\/div>\n<\/div><\/div>\n\n\n<style>.kadence-column2549_952375-65 > .kt-inside-inner-col,.kadence-column2549_952375-65 > .kt-inside-inner-col:before{border-top-left-radius:0px;border-top-right-radius:0px;border-bottom-right-radius:0px;border-bottom-left-radius:0px;}.kadence-column2549_952375-65 > .kt-inside-inner-col{column-gap:var(--global-kb-gap-sm, 1rem);}.kadence-column2549_952375-65 > .kt-inside-inner-col{flex-direction:column;}.kadence-column2549_952375-65 > .kt-inside-inner-col > .aligncenter{width:100%;}.kadence-column2549_952375-65 > .kt-inside-inner-col:before{opacity:0.3;}.kadence-column2549_952375-65{position:relative;}@media all and (max-width: 1024px){.kadence-column2549_952375-65 > .kt-inside-inner-col{flex-direction:column;justify-content:center;}}@media all and (max-width: 767px){.kadence-column2549_952375-65 > .kt-inside-inner-col{flex-direction:column;justify-content:center;}}<\/style>\n<div class=\"wp-block-kadence-column kadence-column2549_952375-65\"><div class=\"kt-inside-inner-col\">\n<h2 class=\"wp-block-heading has-text-align-center\">Pago de servicios quir\u00fargicos<\/h2>\n\n\n\n<p>Utilice esta opci\u00f3n si su saldo est\u00e1 relacionado con un procedimiento quir\u00fargico o con los servicios de un centro quir\u00fargico.<\/p>\n\n\n\n<div class=\"wp-block-buttons is-content-justification-center is-layout-flex wp-container-core-buttons-is-layout-16018d1d wp-block-buttons-is-layout-flex\">\n<div class=\"wp-block-button\"><a class=\"wp-block-button__link wp-element-button\" href=\"https:\/\/url.usb.m.mimecastprotect.com\/s\/GNuACl8WBLuO9xrZf9hrSzvyew?domain=pay.instamed.com\">Pago de servicios quir\u00fargicos<\/a><\/div>\n<\/div>\n<\/div><\/div>\n\n<\/div><\/div>\n\n<style>.wp-block-kadence-spacer.kt-block-spacer-2549_2a8495-5d .kt-block-spacer{height:60px;}.wp-block-kadence-spacer.kt-block-spacer-2549_2a8495-5d .kt-divider{border-top-width:1px;height:1px;border-top-color:#e4c865;width:80%;border-top-style:dashed;}<\/style>\n<div class=\"wp-block-kadence-spacer aligncenter kt-block-spacer-2549_2a8495-5d\"><div class=\"kt-block-spacer kt-block-spacer-halign-center\"><hr class=\"kt-divider\"\/><\/div><\/div>\n\n\n\n<h2 class=\"wp-block-heading\">\u00bfNecesitar ayuda?<\/h2>\n\n\n\n<p>Si no est\u00e1 seguro de qu\u00e9 opci\u00f3n de pago utilizar, comun\u00edquese con ADV Vision antes de realizar el pago. Nuestro equipo le ayudar\u00e1 a determinar si su saldo corresponde a atenci\u00f3n cl\u00ednica o a servicios quir\u00fargicos.&nbsp;<\/p>\n\n\n\n<div class=\"wp-block-buttons is-layout-flex wp-block-buttons-is-layout-flex\">\n<div class=\"wp-block-button\"><a class=\"wp-block-button__link wp-element-button\" href=\"https:\/\/www.advvisioncenters.com\/es\/contact\/\">Cont\u00e1ctanos<\/a><\/div>\n<\/div>","protected":false},"excerpt":{"rendered":"<p>ADV Vision offers secure online bill pay for our patients. If you received care at one of our Central Coast locations, please choose the payment option below that best matches the services you received. Pay for Clinic Services Use this option for: Pay for Surgery Services Use this option if your balance is related to [&hellip;]<\/p>","protected":false},"author":1,"featured_media":0,"parent":40,"menu_order":2,"comment_status":"closed","ping_status":"closed","template":"","meta":{"_acf_changed":false,"_kad_blocks_custom_css":"","_kad_blocks_head_custom_js":"","_kad_blocks_body_custom_js":"","_kad_blocks_footer_custom_js":"","footnotes":""},"tags":[],"class_list":["post-2549","page","type-page","status-publish","hentry"],"acf":[],"yoast_head":"<!-- This site is optimized with the Yoast SEO plugin v26.2 - https:\/\/yoast.com\/wordpress\/plugins\/seo\/ -->\n<title>Online Payment | ADV Vision<\/title>\n<meta name=\"description\" content=\"ADV Vision offers an online payment option for our patients. Offices are located at Santa Maria, Paso Robles, and San Luis Obispo.\" \/>\n<meta name=\"robots\" content=\"index, follow, max-snippet:-1, max-image-preview:large, max-video-preview:-1\" \/>\n<link rel=\"canonical\" href=\"https:\/\/www.advvisioncenters.com\/es\/for-patients\/online-bill-pay\/\" \/>\n<meta property=\"og:locale\" content=\"es_MX\" \/>\n<meta property=\"og:type\" content=\"article\" \/>\n<meta property=\"og:title\" content=\"Online Payment | ADV Vision\" \/>\n<meta property=\"og:description\" content=\"ADV Vision offers an online payment option for our patients. Offices are located at Santa Maria, Paso Robles, and San Luis Obispo.\" \/>\n<meta property=\"og:url\" content=\"https:\/\/www.advvisioncenters.com\/es\/for-patients\/online-bill-pay\/\" \/>\n<meta property=\"og:site_name\" content=\"ADV Vision\" \/>\n<meta property=\"article:modified_time\" content=\"2026-03-27T15:42:55+00:00\" \/>\n<meta property=\"og:image\" content=\"https:\/\/www.advvisioncenters.com\/wp-content\/uploads\/adv-vision-logo.png\" \/>\n\t<meta property=\"og:image:width\" content=\"470\" \/>\n\t<meta property=\"og:image:height\" content=\"120\" \/>\n\t<meta property=\"og:image:type\" content=\"image\/png\" \/>\n<meta name=\"twitter:card\" content=\"summary_large_image\" \/>\n<meta name=\"twitter:label1\" content=\"Tiempo de lectura\" \/>\n\t<meta name=\"twitter:data1\" content=\"1 minuto\" \/>\n<script type=\"application\/ld+json\" class=\"yoast-schema-graph\">{\"@context\":\"https:\/\/schema.org\",\"@graph\":[{\"@type\":\"WebPage\",\"@id\":\"https:\/\/www.advvisioncenters.com\/for-patients\/online-bill-pay\/\",\"url\":\"https:\/\/www.advvisioncenters.com\/for-patients\/online-bill-pay\/\",\"name\":\"Online Payment | ADV Vision\",\"isPartOf\":{\"@id\":\"https:\/\/www.advvisioncenters.com\/#website\"},\"datePublished\":\"2022-05-13T19:22:16+00:00\",\"dateModified\":\"2026-03-27T15:42:55+00:00\",\"description\":\"ADV Vision offers an online payment option for our patients. Offices are located at Santa Maria, Paso Robles, and San Luis Obispo.\",\"breadcrumb\":{\"@id\":\"https:\/\/www.advvisioncenters.com\/for-patients\/online-bill-pay\/#breadcrumb\"},\"inLanguage\":\"es\",\"potentialAction\":[{\"@type\":\"ReadAction\",\"target\":[\"https:\/\/www.advvisioncenters.com\/for-patients\/online-bill-pay\/\"]}]},{\"@type\":\"BreadcrumbList\",\"@id\":\"https:\/\/www.advvisioncenters.com\/for-patients\/online-bill-pay\/#breadcrumb\",\"itemListElement\":[{\"@type\":\"ListItem\",\"position\":1,\"name\":\"Home\",\"item\":\"https:\/\/www.advvisioncenters.com\/\"},{\"@type\":\"ListItem\",\"position\":2,\"name\":\"For Patients\",\"item\":\"https:\/\/www.advvisioncenters.com\/for-patients\/\"},{\"@type\":\"ListItem\",\"position\":3,\"name\":\"Make a Payment\"}]},{\"@type\":\"WebSite\",\"@id\":\"https:\/\/www.advvisioncenters.com\/#website\",\"url\":\"https:\/\/www.advvisioncenters.com\/\",\"name\":\"ADV Vision\",\"description\":\"\",\"publisher\":{\"@id\":\"https:\/\/www.advvisioncenters.com\/#organization\"},\"potentialAction\":[{\"@type\":\"SearchAction\",\"target\":{\"@type\":\"EntryPoint\",\"urlTemplate\":\"https:\/\/www.advvisioncenters.com\/?s={search_term_string}\"},\"query-input\":{\"@type\":\"PropertyValueSpecification\",\"valueRequired\":true,\"valueName\":\"search_term_string\"}}],\"inLanguage\":\"es\"},{\"@type\":\"Organization\",\"@id\":\"https:\/\/www.advvisioncenters.com\/#organization\",\"name\":\"ADV Vision\",\"url\":\"https:\/\/www.advvisioncenters.com\/\",\"logo\":{\"@type\":\"ImageObject\",\"inLanguage\":\"es\",\"@id\":\"https:\/\/www.advvisioncenters.com\/#\/schema\/logo\/image\/\",\"url\":\"https:\/\/www.advvisioncenters.com\/wp-content\/uploads\/adv-vision-logo.png\",\"contentUrl\":\"https:\/\/www.advvisioncenters.com\/wp-content\/uploads\/adv-vision-logo.png\",\"width\":470,\"height\":120,\"caption\":\"ADV Vision\"},\"image\":{\"@id\":\"https:\/\/www.advvisioncenters.com\/#\/schema\/logo\/image\/\"}}]}<\/script>\n<!-- \/ Yoast SEO plugin. -->","yoast_head_json":{"title":"Pago en l\u00ednea | ADV Vision","description":"ADV Vision ofrece la opci\u00f3n de pago en l\u00ednea para nuestros pacientes. Nuestras oficinas est\u00e1n ubicadas en Santa Mar\u00eda, Paso Robles y San Luis Obispo.","robots":{"index":"index","follow":"follow","max-snippet":"max-snippet:-1","max-image-preview":"max-image-preview:large","max-video-preview":"max-video-preview:-1"},"canonical":"https:\/\/www.advvisioncenters.com\/es\/for-patients\/online-bill-pay\/","og_locale":"es_MX","og_type":"article","og_title":"Online Payment | ADV Vision","og_description":"ADV Vision offers an online payment option for our patients. Offices are located at Santa Maria, Paso Robles, and San Luis Obispo.","og_url":"https:\/\/www.advvisioncenters.com\/es\/for-patients\/online-bill-pay\/","og_site_name":"ADV Vision","article_modified_time":"2026-03-27T15:42:55+00:00","og_image":[{"width":470,"height":120,"url":"https:\/\/www.advvisioncenters.com\/wp-content\/uploads\/adv-vision-logo.png","type":"image\/png"}],"twitter_card":"summary_large_image","twitter_misc":{"Tiempo de lectura":"1 minuto"},"schema":{"@context":"https:\/\/schema.org","@graph":[{"@type":"WebPage","@id":"https:\/\/www.advvisioncenters.com\/for-patients\/online-bill-pay\/","url":"https:\/\/www.advvisioncenters.com\/for-patients\/online-bill-pay\/","name":"Pago en l\u00ednea | ADV Vision","isPartOf":{"@id":"https:\/\/www.advvisioncenters.com\/#website"},"datePublished":"2022-05-13T19:22:16+00:00","dateModified":"2026-03-27T15:42:55+00:00","description":"ADV Vision ofrece la opci\u00f3n de pago en l\u00ednea para nuestros pacientes. Nuestras oficinas est\u00e1n ubicadas en Santa Mar\u00eda, Paso Robles y San Luis Obispo.","breadcrumb":{"@id":"https:\/\/www.advvisioncenters.com\/for-patients\/online-bill-pay\/#breadcrumb"},"inLanguage":"es","potentialAction":[{"@type":"ReadAction","target":["https:\/\/www.advvisioncenters.com\/for-patients\/online-bill-pay\/"]}]},{"@type":"BreadcrumbList","@id":"https:\/\/www.advvisioncenters.com\/for-patients\/online-bill-pay\/#breadcrumb","itemListElement":[{"@type":"ListItem","position":1,"name":"Home","item":"https:\/\/www.advvisioncenters.com\/"},{"@type":"ListItem","position":2,"name":"For Patients","item":"https:\/\/www.advvisioncenters.com\/for-patients\/"},{"@type":"ListItem","position":3,"name":"Make a Payment"}]},{"@type":"WebSite","@id":"https:\/\/www.advvisioncenters.com\/#website","url":"https:\/\/www.advvisioncenters.com\/","name":"ADV Vision","description":"","publisher":{"@id":"https:\/\/www.advvisioncenters.com\/#organization"},"potentialAction":[{"@type":"SearchAction","target":{"@type":"EntryPoint","urlTemplate":"https:\/\/www.advvisioncenters.com\/?s={search_term_string}"},"query-input":{"@type":"PropertyValueSpecification","valueRequired":true,"valueName":"search_term_string"}}],"inLanguage":"es"},{"@type":"Organization","@id":"https:\/\/www.advvisioncenters.com\/#organization","name":"ADV Vision","url":"https:\/\/www.advvisioncenters.com\/","logo":{"@type":"ImageObject","inLanguage":"es","@id":"https:\/\/www.advvisioncenters.com\/#\/schema\/logo\/image\/","url":"https:\/\/www.advvisioncenters.com\/wp-content\/uploads\/adv-vision-logo.png","contentUrl":"https:\/\/www.advvisioncenters.com\/wp-content\/uploads\/adv-vision-logo.png","width":470,"height":120,"caption":"ADV Vision"},"image":{"@id":"https:\/\/www.advvisioncenters.com\/#\/schema\/logo\/image\/"}}]}},"taxonomy_info":[],"featured_image_src_large":false,"author_info":{"display_name":"onur","author_link":"https:\/\/www.advvisioncenters.com\/es\/blog\/author\/onur\/"},"comment_info":0,"_links":{"self":[{"href":"https:\/\/www.advvisioncenters.com\/es\/wp-json\/wp\/v2\/pages\/2549","targetHints":{"allow":["GET"]}}],"collection":[{"href":"https:\/\/www.advvisioncenters.com\/es\/wp-json\/wp\/v2\/pages"}],"about":[{"href":"https:\/\/www.advvisioncenters.com\/es\/wp-json\/wp\/v2\/types\/page"}],"author":[{"embeddable":true,"href":"https:\/\/www.advvisioncenters.com\/es\/wp-json\/wp\/v2\/users\/1"}],"replies":[{"embeddable":true,"href":"https:\/\/www.advvisioncenters.com\/es\/wp-json\/wp\/v2\/comments?post=2549"}],"version-history":[{"count":17,"href":"https:\/\/www.advvisioncenters.com\/es\/wp-json\/wp\/v2\/pages\/2549\/revisions"}],"predecessor-version":[{"id":5852,"href":"https:\/\/www.advvisioncenters.com\/es\/wp-json\/wp\/v2\/pages\/2549\/revisions\/5852"}],"up":[{"embeddable":true,"href":"https:\/\/www.advvisioncenters.com\/es\/wp-json\/wp\/v2\/pages\/40"}],"wp:attachment":[{"href":"https:\/\/www.advvisioncenters.com\/es\/wp-json\/wp\/v2\/media?parent=2549"}],"wp:term":[{"taxonomy":"post_tag","embeddable":true,"href":"https:\/\/www.advvisioncenters.com\/es\/wp-json\/wp\/v2\/tags?post=2549"}],"curies":[{"name":"wp","href":"https:\/\/api.w.org\/{rel}","templated":true}]}}