{"id":220,"date":"2022-05-04T11:27:37","date_gmt":"2022-05-04T15:27:53","guid":{"rendered":"http:\/\/demo.paceyemd.com.php73-37.phx1-1.websitetestlink.com\/?page_id=220"},"modified":"2025-07-18T14:17:30","modified_gmt":"2025-07-18T18:17:30","slug":"emergency-eye-care","status":"publish","type":"page","link":"https:\/\/www.advvisioncenters.com\/es\/emergency-eye-care\/","title":{"rendered":"Atenci\u00f3n oftalmol\u00f3gica de emergencia"},"content":{"rendered":"<p><strong>No todas las emergencias visuales vienen acompa\u00f1adas de dolor.<\/strong> Si bien las lesiones oculares y el dolor repentino son razones obvias para buscar atenci\u00f3n m\u00e9dica, muchas afecciones oculares graves pueden desarrollarse sin molestias. <strong>ADV Vision<\/strong>, Nuestros experimentados oftalm\u00f3logos brindan atenci\u00f3n oftalmol\u00f3gica de emergencia r\u00e1pida y experta para proteger su vista, ya sea que est\u00e9 experimentando un traumatismo, cambios repentinos en la visi\u00f3n o s\u00edntomas de un problema de retina.<\/p>\n\n\n<style>.kt-sc220_1be946-61 .kt-sc-imgcol, .kt-sc220_1be946-61 .kt-sc-textcol{min-height:450px;}.kt-sc220_1be946-61 .kt-sc-imgcol{background-size:cover;background-image:url(https:\/\/www.advvisioncenters.com\/wp-content\/uploads\/ADV-Emergency-Eye-Care-Page.png);}.kt-sc220_1be946-61 .kt-sc-textcol{padding-top:24px;padding-right:24px;padding-bottom:24px;padding-left:24px;margin-top:0px;margin-right:0px;margin-bottom:0px;margin-left:0px;}@media all and (max-width: 767px){.kt-sc220_1be946-61 .kt-sc-imgcol, .kt-sc220_1be946-61 .kt-sc-textcol{min-height:450px;}}<\/style>\n<div class=\"aligncenter kt-sc220_1be946-61 wp-block-kadence-splitcontent\"><div class=\"kt-split-content-wrap kt-sc-media-side-left\" style=\"grid-template-columns:50% auto\"><div class=\"kt-sc-imgcol kt-sc-imgcol-bg-cover kt-sc-img-side-left\"><\/div><div class=\"kt-sc-textcol kt-sc-text-valign-center kt-sc-text-halign-left\" style=\"background-color:#ffffff\"><div class=\"kt-sc-innter-col\">\n<h2 class=\"wp-block-heading\">\u00bfCu\u00e1ndo debe buscar atenci\u00f3n oftalmol\u00f3gica de emergencia?<\/h2>\n\n\n\n<p>No todas las afecciones oculares graves causan dolor, y esperar puede conllevar el riesgo de sufrir da\u00f1os permanentes en la visi\u00f3n. Si experimenta alguno de los s\u00edntomas que se describen a continuaci\u00f3n, ll\u00e1menos de inmediato o programe la pr\u00f3xima cita disponible en l\u00ednea: <\/p>\n\n\n\n<ul class=\"wp-block-list\">\n<li>P\u00e9rdida repentina de la visi\u00f3n o visi\u00f3n borrosa<\/li>\n\n\n\n<li>Dolor o molestia en el ojo<\/li>\n\n\n\n<li>Visi\u00f3n doble<\/li>\n\n\n\n<li>Destellos de luz o nuevas moscas volantes<\/li>\n\n\n\n<li>Sangrado en el ojo o alrededor de este<\/li>\n\n\n\n<li>Traumatismo o lesi\u00f3n contusa en el ojo<\/li>\n\n\n\n<li>Sangre en la escler\u00f3tica<\/li>\n\n\n\n<li>Hinchaz\u00f3n, hematomas o ojo morado<\/li>\n\n\n\n<li>Dolor al mover los ojos<\/li>\n\n\n\n<li>Dolor de cabeza intenso con presi\u00f3n ocular<\/li>\n\n\n\n<li>Un efecto de sombra o cortina en la visi\u00f3n<\/li>\n<\/ul>\n\n\n\n<p><strong>Una retina desgarrada o desprendida<\/strong> Puede provocar s\u00edntomas como moscas volantes o una cortina oscura en la visi\u00f3n y requiere tratamiento inmediato para preservar la vista.<\/p>\n\n\n\n<div class=\"wp-block-buttons is-layout-flex wp-block-buttons-is-layout-flex\">\n<div class=\"wp-block-button\"><a class=\"wp-block-button__link wp-element-button\" href=\"https:\/\/www.advvisioncenters.com\/es\/request-an-appointment\/\">\u00a1Agenda ahora!<\/a><\/div>\n<\/div>\n<\/div><\/div><\/div><\/div>\n\n\n<style>.kt-sc220_93b608-8e .kt-sc-imgcol, .kt-sc220_93b608-8e .kt-sc-textcol{min-height:450px;}.kt-sc220_93b608-8e .kt-sc-imgcol{background-size:cover;background-image:url(https:\/\/www.advvisioncenters.com\/wp-content\/uploads\/shutterstock_418194475.jpg);}.kt-sc220_93b608-8e .kt-sc-textcol{padding-top:24px;padding-right:24px;padding-bottom:24px;padding-left:24px;margin-top:0px;margin-right:0px;margin-bottom:0px;margin-left:0px;}@media all and (max-width: 767px){.kt-sc220_93b608-8e .kt-sc-imgcol, .kt-sc220_93b608-8e .kt-sc-textcol{min-height:450px;}}<\/style>\n<div class=\"aligncenter kt-sc220_93b608-8e wp-block-kadence-splitcontent\"><div class=\"kt-split-content-wrap kt-sc-media-side-right\" style=\"grid-template-columns:auto 50%\"><div class=\"kt-sc-imgcol kt-sc-imgcol-bg-cover kt-sc-img-side-right\"><\/div><div class=\"kt-sc-textcol kt-sc-text-valign-center kt-sc-text-halign-left\" style=\"background-color:#ffffff\"><div class=\"kt-sc-innter-col\">\n<h2 class=\"wp-block-heading\">Lesiones oculares y quemaduras qu\u00edmicas: lo que necesita saber<\/h2>\n\n\n\n<p><strong>Los accidentes con productos qu\u00edmicos o limpiadores dom\u00e9sticos pueden convertirse r\u00e1pidamente en emergencias.<\/strong> Algunas causan molestias temporales, mientras que otras pueden provocar p\u00e9rdida de visi\u00f3n permanente si no se tratan de inmediato.<\/p>\n\n\n\n<p>Entre las fuentes comunes de exposici\u00f3n a sustancias qu\u00edmicas nocivas se incluyen:<\/p>\n\n\n\n<ul class=\"wp-block-list\">\n<li><strong>Amon\u00edaco<\/strong> (presente en aerosoles de limpieza, limpiacristales y fertilizantes)<\/li>\n\n\n\n<li><strong>hidr\u00f3xido de sodio<\/strong> (en destapadores de desag\u00fces, lej\u00eda)<\/li>\n\n\n\n<li><strong>hidr\u00f3xido de calcio<\/strong> (utilizado en cemento, yeso y cal)<\/li>\n\n\n\n<li><strong>\u00c1cidos<\/strong> Se utiliza en productos de limpieza de piscinas<\/li>\n<\/ul>\n\n\n\n<p>Si te entra una sustancia qu\u00edmica en el ojo:<\/p>\n\n\n\n<ol class=\"wp-block-list\">\n<li>Enju\u00e1guese el ojo inmediatamente con agua limpia y tibia.<\/li>\n\n\n\n<li>Evite frotarse los ojos.<\/li>\n\n\n\n<li>Busque atenci\u00f3n oftalmol\u00f3gica de urgencia sin demora.<\/li>\n<\/ol>\n\n\n\n<div class=\"wp-block-buttons is-layout-flex wp-block-buttons-is-layout-flex\">\n<div class=\"wp-block-button\"><a class=\"wp-block-button__link wp-element-button\" href=\"https:\/\/www.advvisioncenters.com\/es\/request-an-appointment\/\">\u00a1Agenda ahora!<\/a><\/div>\n<\/div>\n<\/div><\/div><\/div><\/div>\n\n\n\n<hr class=\"wp-block-separator has-alpha-channel-opacity\"\/>\n\n\n\n<h2 class=\"wp-block-heading has-text-align-center\">Proteja su visi\u00f3n; no espere.<\/h2>\n\n\n\n<style>\n.ctatemp10-section {\n  padding: 100px;\n  background-image: url('https:\/\/www.advvisioncenters.com\/wp-content\/uploads\/california-trees.jpg');\n  background-position: 50% 50%;\n  background-size: cover;\n  background-repeat: no-repeat;\n  font-family: Montserrat, sans-serif;\n}\n\n.temp10wrapper {\n  width: 100%;\n  max-width: 1600px;\n  min-height: 25px;\n}\n\n.temp10div {\n  width: 35%;\n  padding: 40px;\n  border-radius: 20px;\n  background-color: #fff;\n}\n\n.temp10-header {\n  margin-top: 0px;\n  margin-bottom: 15px;\n  color: #fff;\n}\n\n.temp10-para {\n  margin-bottom: 25px;\n  color: #fff;\n  font-size: 16px;\n  line-height: 22px;\n}\n\n.temp10-button {\n  padding-top: 10px;\n  padding-bottom: 10px;\n  border-radius: 10px;\n  background-color: #cee8ff;\n  color: #627e99;\n}\n\n.temp10-button:hover {\n  border-style: solid;\n  border-width: 2px;\n  border-color: #fff;\n  border-radius: 0px;\n  background-color: #627e99;\n  color: #fff;\n}\n\n.mobileonlyimage {\n  display: none;\n}\n\n@media screen and (max-width: 991px) {\n  .ctatemp10-section {\n    padding: 60px;\n  }\n\n  .temp10wrapper {\n    min-height: 10px;\n  }\n\n  .temp10div {\n    width: 50%;\n    padding: 30px;\n  }\n\n  .temp10-header {\n    margin-bottom: 10px;\n    font-size: 28px;\n    line-height: 30px;\n  }\n\n  .temp10-para {\n    margin-bottom: 20px;\n    line-height: 20px;\n  }\n\n  .mobileonlyimage {\n    display: none;\n  }\n}\n\n@media screen and (max-width: 767px) {\n  .ctatemp10-section {\n    padding: 30px;\n  }\n\n  .temp10div {\n    padding: 25px;\n  }\n\n  .temp10-header {\n    margin-bottom: 10px;\n    font-size: 22px;\n    line-height: 28px;\n  }\n\n  .temp10-para {\n    margin-bottom: 20px;\n  }\n\n  .mobileonlyimage {\n    display: none;\n  }\n}\n\n@media screen and (max-width: 479px) {\n  .ctatemp10-section {\n    padding: 0px;\n    background-image: none;\n    background-size: auto;\n    background-repeat: repeat;\n  }\n\n  .temp10wrapper {\n    background-color: #627f9a;\n  }\n\n  .temp10div {\n    display: -webkit-box;\n    display: -webkit-flex;\n    display: -ms-flexbox;\n    display: flex;\n    width: 100%;\n    padding: 25px;\n    -webkit-box-orient: vertical;\n    -webkit-box-direction: normal;\n    -webkit-flex-direction: column;\n    -ms-flex-direction: column;\n    flex-direction: column;\n    background-color: #627f9a;\n  }\n\n  .temp10-header {\n    margin-bottom: 10px;\n    font-size: 25px;\n    line-height: 30px;\n    text-align: left;\n  }\n\n  .temp10-para {\n    margin-bottom: 15px;\n    line-height: 25px;\n    text-align: left;\n  }\n\n  .temp10-button {\n    padding: 10px;\n    font-weight: 500;\n    text-align: center;\n  }\n\n  .mobileonlyimage {\n    display: block;\n  }\n}\n<\/style>\n\n\n\n  <div class=\"ctatemp10-section wf-section alignfull\">\n    <div class=\"temp10wrapper\">\n      <div class=\"temp10div\">\n        <h2>\u00bfTiene una emergencia ocular?<\/h2>\n        <p>Si experimenta alg\u00fan s\u00edntoma de una emergencia ocular, llame a ADV Vision o utilice nuestra herramienta de programaci\u00f3n en l\u00ednea.<\/p>\n        <a href=\"https:\/\/www.advvisioncenters.com\/es\/schedule\/\" class=\"ui-button\">Reserve la pr\u00f3xima cita disponible.<\/a>\n      <\/div>\n    <\/div>\n  <\/div>","protected":false},"excerpt":{"rendered":"<p>No todas las emergencias visuales causan dolor. Si bien las lesiones oculares y el dolor repentino son razones obvias para buscar atenci\u00f3n m\u00e9dica, muchas afecciones oculares graves pueden desarrollarse sin molestias. En ADV Vision, nuestros oftalm\u00f3logos experimentados brindan atenci\u00f3n oftalmol\u00f3gica de emergencia r\u00e1pida y experta para proteger su vista, ya sea que est\u00e9 experimentando un traumatismo, cambios repentinos en la visi\u00f3n o s\u00edntomas de una afecci\u00f3n de la retina.<\/p>","protected":false},"author":1,"featured_media":0,"parent":0,"menu_order":7,"comment_status":"closed","ping_status":"closed","template":"page-pillar.php","meta":{"_acf_changed":false,"_kad_blocks_custom_css":"","_kad_blocks_head_custom_js":"","_kad_blocks_body_custom_js":"","_kad_blocks_footer_custom_js":"","footnotes":""},"tags":[],"class_list":["post-220","page","type-page","status-publish","hentry"],"acf":[],"yoast_head":"<!-- This site is optimized with the Yoast SEO plugin v26.2 - https:\/\/yoast.com\/wordpress\/plugins\/seo\/ -->\n<title>Emergency Eye Care San Luis Obispo | Pacific Eye Surgeons<\/title>\n<meta name=\"description\" content=\"When you need emergency eye care, the experienced team at Pacific Eye is available to provide a thorough exam and the care you need.\" \/>\n<meta name=\"robots\" content=\"index, follow, max-snippet:-1, max-image-preview:large, max-video-preview:-1\" \/>\n<link rel=\"canonical\" href=\"https:\/\/www.advvisioncenters.com\/es\/emergency-eye-care\/\" \/>\n<meta property=\"og:locale\" content=\"es_MX\" \/>\n<meta property=\"og:type\" content=\"article\" \/>\n<meta property=\"og:title\" content=\"Emergency Eye Care San Luis Obispo | Pacific Eye Surgeons\" \/>\n<meta property=\"og:description\" content=\"When you need emergency eye care, the experienced team at Pacific Eye is available to provide a thorough exam and the care you need.\" \/>\n<meta property=\"og:url\" content=\"https:\/\/www.advvisioncenters.com\/es\/emergency-eye-care\/\" \/>\n<meta property=\"og:site_name\" content=\"ADV Vision\" \/>\n<meta property=\"article:modified_time\" content=\"2025-07-18T18:17:30+00:00\" \/>\n<meta property=\"og:image\" content=\"https:\/\/www.advvisioncenters.com\/wp-content\/uploads\/adv-vision-logo.png\" \/>\n\t<meta property=\"og:image:width\" content=\"470\" \/>\n\t<meta property=\"og:image:height\" content=\"120\" \/>\n\t<meta property=\"og:image:type\" content=\"image\/png\" \/>\n<meta name=\"twitter:card\" content=\"summary_large_image\" \/>\n<meta name=\"twitter:label1\" content=\"Tiempo de lectura\" \/>\n\t<meta name=\"twitter:data1\" content=\"3 minutos\" \/>\n<script type=\"application\/ld+json\" class=\"yoast-schema-graph\">{\"@context\":\"https:\/\/schema.org\",\"@graph\":[{\"@type\":\"WebPage\",\"@id\":\"https:\/\/www.advvisioncenters.com\/emergency-eye-care\/\",\"url\":\"https:\/\/www.advvisioncenters.com\/emergency-eye-care\/\",\"name\":\"Emergency Eye Care San Luis Obispo | Pacific Eye Surgeons\",\"isPartOf\":{\"@id\":\"https:\/\/www.advvisioncenters.com\/#website\"},\"datePublished\":\"2022-05-04T15:27:53+00:00\",\"dateModified\":\"2025-07-18T18:17:30+00:00\",\"description\":\"When you need emergency eye care, the experienced team at Pacific Eye is available to provide a thorough exam and the care you need.\",\"breadcrumb\":{\"@id\":\"https:\/\/www.advvisioncenters.com\/emergency-eye-care\/#breadcrumb\"},\"inLanguage\":\"es\",\"potentialAction\":[{\"@type\":\"ReadAction\",\"target\":[\"https:\/\/www.advvisioncenters.com\/emergency-eye-care\/\"]}]},{\"@type\":\"BreadcrumbList\",\"@id\":\"https:\/\/www.advvisioncenters.com\/emergency-eye-care\/#breadcrumb\",\"itemListElement\":[{\"@type\":\"ListItem\",\"position\":1,\"name\":\"Home\",\"item\":\"https:\/\/www.advvisioncenters.com\/\"},{\"@type\":\"ListItem\",\"position\":2,\"name\":\"Emergency Eye Care\"}]},{\"@type\":\"WebSite\",\"@id\":\"https:\/\/www.advvisioncenters.com\/#website\",\"url\":\"https:\/\/www.advvisioncenters.com\/\",\"name\":\"ADV Vision\",\"description\":\"\",\"publisher\":{\"@id\":\"https:\/\/www.advvisioncenters.com\/#organization\"},\"potentialAction\":[{\"@type\":\"SearchAction\",\"target\":{\"@type\":\"EntryPoint\",\"urlTemplate\":\"https:\/\/www.advvisioncenters.com\/?s={search_term_string}\"},\"query-input\":{\"@type\":\"PropertyValueSpecification\",\"valueRequired\":true,\"valueName\":\"search_term_string\"}}],\"inLanguage\":\"es\"},{\"@type\":\"Organization\",\"@id\":\"https:\/\/www.advvisioncenters.com\/#organization\",\"name\":\"ADV Vision\",\"url\":\"https:\/\/www.advvisioncenters.com\/\",\"logo\":{\"@type\":\"ImageObject\",\"inLanguage\":\"es\",\"@id\":\"https:\/\/www.advvisioncenters.com\/#\/schema\/logo\/image\/\",\"url\":\"https:\/\/www.advvisioncenters.com\/wp-content\/uploads\/adv-vision-logo.png\",\"contentUrl\":\"https:\/\/www.advvisioncenters.com\/wp-content\/uploads\/adv-vision-logo.png\",\"width\":470,\"height\":120,\"caption\":\"ADV Vision\"},\"image\":{\"@id\":\"https:\/\/www.advvisioncenters.com\/#\/schema\/logo\/image\/\"}}]}<\/script>\n<!-- \/ Yoast SEO plugin. -->","yoast_head_json":{"title":"Atenci\u00f3n oftalmol\u00f3gica de emergencia en San Luis Obispo | Cirujanos oftalmol\u00f3gicos del Pac\u00edfico","description":"Cuando necesite atenci\u00f3n oftalmol\u00f3gica de emergencia, el experimentado equipo de Pacific Eye est\u00e1 disponible para brindarle un examen completo y la atenci\u00f3n que necesita.","robots":{"index":"index","follow":"follow","max-snippet":"max-snippet:-1","max-image-preview":"max-image-preview:large","max-video-preview":"max-video-preview:-1"},"canonical":"https:\/\/www.advvisioncenters.com\/es\/emergency-eye-care\/","og_locale":"es_MX","og_type":"article","og_title":"Emergency Eye Care San Luis Obispo | Pacific Eye Surgeons","og_description":"When you need emergency eye care, the experienced team at Pacific Eye is available to provide a thorough exam and the care you need.","og_url":"https:\/\/www.advvisioncenters.com\/es\/emergency-eye-care\/","og_site_name":"ADV Vision","article_modified_time":"2025-07-18T18:17:30+00:00","og_image":[{"width":470,"height":120,"url":"https:\/\/www.advvisioncenters.com\/wp-content\/uploads\/adv-vision-logo.png","type":"image\/png"}],"twitter_card":"summary_large_image","twitter_misc":{"Tiempo de lectura":"3 minutos"},"schema":{"@context":"https:\/\/schema.org","@graph":[{"@type":"WebPage","@id":"https:\/\/www.advvisioncenters.com\/emergency-eye-care\/","url":"https:\/\/www.advvisioncenters.com\/emergency-eye-care\/","name":"Atenci\u00f3n oftalmol\u00f3gica de emergencia en San Luis Obispo | Cirujanos oftalmol\u00f3gicos del Pac\u00edfico","isPartOf":{"@id":"https:\/\/www.advvisioncenters.com\/#website"},"datePublished":"2022-05-04T15:27:53+00:00","dateModified":"2025-07-18T18:17:30+00:00","description":"Cuando necesite atenci\u00f3n oftalmol\u00f3gica de emergencia, el experimentado equipo de Pacific Eye est\u00e1 disponible para brindarle un examen completo y la atenci\u00f3n que necesita.","breadcrumb":{"@id":"https:\/\/www.advvisioncenters.com\/emergency-eye-care\/#breadcrumb"},"inLanguage":"es","potentialAction":[{"@type":"ReadAction","target":["https:\/\/www.advvisioncenters.com\/emergency-eye-care\/"]}]},{"@type":"BreadcrumbList","@id":"https:\/\/www.advvisioncenters.com\/emergency-eye-care\/#breadcrumb","itemListElement":[{"@type":"ListItem","position":1,"name":"Home","item":"https:\/\/www.advvisioncenters.com\/"},{"@type":"ListItem","position":2,"name":"Emergency Eye Care"}]},{"@type":"WebSite","@id":"https:\/\/www.advvisioncenters.com\/#website","url":"https:\/\/www.advvisioncenters.com\/","name":"ADV Vision","description":"","publisher":{"@id":"https:\/\/www.advvisioncenters.com\/#organization"},"potentialAction":[{"@type":"SearchAction","target":{"@type":"EntryPoint","urlTemplate":"https:\/\/www.advvisioncenters.com\/?s={search_term_string}"},"query-input":{"@type":"PropertyValueSpecification","valueRequired":true,"valueName":"search_term_string"}}],"inLanguage":"es"},{"@type":"Organization","@id":"https:\/\/www.advvisioncenters.com\/#organization","name":"ADV Vision","url":"https:\/\/www.advvisioncenters.com\/","logo":{"@type":"ImageObject","inLanguage":"es","@id":"https:\/\/www.advvisioncenters.com\/#\/schema\/logo\/image\/","url":"https:\/\/www.advvisioncenters.com\/wp-content\/uploads\/adv-vision-logo.png","contentUrl":"https:\/\/www.advvisioncenters.com\/wp-content\/uploads\/adv-vision-logo.png","width":470,"height":120,"caption":"ADV Vision"},"image":{"@id":"https:\/\/www.advvisioncenters.com\/#\/schema\/logo\/image\/"}}]}},"taxonomy_info":[],"featured_image_src_large":false,"author_info":{"display_name":"onur","author_link":"https:\/\/www.advvisioncenters.com\/es\/blog\/author\/onur\/"},"comment_info":0,"_links":{"self":[{"href":"https:\/\/www.advvisioncenters.com\/es\/wp-json\/wp\/v2\/pages\/220","targetHints":{"allow":["GET"]}}],"collection":[{"href":"https:\/\/www.advvisioncenters.com\/es\/wp-json\/wp\/v2\/pages"}],"about":[{"href":"https:\/\/www.advvisioncenters.com\/es\/wp-json\/wp\/v2\/types\/page"}],"author":[{"embeddable":true,"href":"https:\/\/www.advvisioncenters.com\/es\/wp-json\/wp\/v2\/users\/1"}],"replies":[{"embeddable":true,"href":"https:\/\/www.advvisioncenters.com\/es\/wp-json\/wp\/v2\/comments?post=220"}],"version-history":[{"count":27,"href":"https:\/\/www.advvisioncenters.com\/es\/wp-json\/wp\/v2\/pages\/220\/revisions"}],"predecessor-version":[{"id":5138,"href":"https:\/\/www.advvisioncenters.com\/es\/wp-json\/wp\/v2\/pages\/220\/revisions\/5138"}],"wp:attachment":[{"href":"https:\/\/www.advvisioncenters.com\/es\/wp-json\/wp\/v2\/media?parent=220"}],"wp:term":[{"taxonomy":"post_tag","embeddable":true,"href":"https:\/\/www.advvisioncenters.com\/es\/wp-json\/wp\/v2\/tags?post=220"}],"curies":[{"name":"wp","href":"https:\/\/api.w.org\/{rel}","templated":true}]}}