{"id":207,"date":"2022-05-04T11:23:00","date_gmt":"2022-05-04T15:23:00","guid":{"rendered":"http:\/\/demo.paceyemd.com.php73-37.phx1-1.websitetestlink.com\/?page_id=207"},"modified":"2023-01-20T11:04:41","modified_gmt":"2023-01-20T16:04:41","slug":"diabetic-eye-care","status":"publish","type":"page","link":"https:\/\/www.advvisioncenters.com\/es\/retina\/diabetic-eye-care\/","title":{"rendered":"Cuidado ocular para diab\u00e9ticos"},"content":{"rendered":"<p>La retinopat\u00eda diab\u00e9tica es la causa m\u00e1s com\u00fan de p\u00e9rdida de visi\u00f3n en pacientes con diabetes. El equipo de Pacific Eye cuenta con amplia experiencia atendiendo a pacientes con diabetes en sus consultorios de San Luis Obispo, Lompoc, Paso Robles, Pismo Beach y Santa Maria, California, as\u00ed como en Optical Concepts en Santa Maria. Los m\u00e9dicos ayudan a hombres y mujeres a controlar sus niveles de az\u00facar en sangre y a monitorear sus ojos para detectar los primeros signos de retinopat\u00eda diab\u00e9tica. Si tiene diabetes, proteja su visi\u00f3n con atenci\u00f3n oftalmol\u00f3gica especializada para diab\u00e9ticos; ll\u00e1menos o programe una cita en l\u00ednea hoy mismo.<\/p>\n\n\n\n<h2 class=\"wp-block-heading\">\u00bfPor qu\u00e9 necesito atenci\u00f3n oftalmol\u00f3gica para diab\u00e9ticos?<\/h2>\n\n\n\n<p>Si tiene diabetes, necesita ex\u00e1menes oculares completos de rutina para proteger su visi\u00f3n. El nivel alto de az\u00facar en la sangre da\u00f1a progresivamente los ojos, pero no tendr\u00e1 s\u00edntomas hasta que el da\u00f1o sea tan grave que sufra p\u00e9rdida de visi\u00f3n.<\/p>\n\n\n\n<p>Si acude regularmente a los m\u00e9dicos de Pacific Eye, podr\u00e1n detectar los primeros signos de retinopat\u00eda diab\u00e9tica y ayudarle a tomar medidas para evitar que el problema empeore. La Academia Americana de Oftalmolog\u00eda recomienda el siguiente programa de revisiones:<\/p>\n\n\n\n<ul class=\"wp-block-list\">\n<li>Diabetes tipo 1: Primer examen ocular cinco a\u00f1os despu\u00e9s del diagn\u00f3stico, y luego cada a\u00f1o a partir de entonces.<\/li>\n\n\n\n<li>Diabetes tipo 2: Primer examen de la vista tan pronto como se diagnostique, y luego anualmente.<\/li>\n<\/ul>\n\n\n\n<p>Un examen ocular inmediato es fundamental al recibir un diagn\u00f3stico de diabetes tipo 2, ya que esta enfermedad suele progresar durante a\u00f1os antes de ser detectada. Por consiguiente, es posible que para cuando se sepa que se padece diabetes, se presenten niveles altos de az\u00facar en sangre y posibles da\u00f1os oculares.<\/p>\n\n\n\n<h2 class=\"wp-block-heading\">\u00bfQu\u00e9 es la retinopat\u00eda diab\u00e9tica?<\/h2>\n\n\n\n<p>La diabetes no controlada causa dos enfermedades oculares principales: la retinopat\u00eda diab\u00e9tica y el edema macular diab\u00e9tico (EMD). Los pacientes con diabetes tambi\u00e9n tienen un mayor riesgo de desarrollar cataratas y glaucoma en comparaci\u00f3n con quienes no padecen diabetes.<\/p>\n\n\n<div class=\"wp-block-image\">\n<figure class=\"aligncenter size-full\"><img decoding=\"async\" width=\"800\" height=\"311\" src=\"https:\/\/www.advvisioncenters.com\/wp-content\/uploads\/diabetic-retinopathy-chart.jpg\" alt=\"\" class=\"wp-image-521\" srcset=\"https:\/\/www.advvisioncenters.com\/wp-content\/uploads\/diabetic-retinopathy-chart.jpg 800w, https:\/\/www.advvisioncenters.com\/wp-content\/uploads\/diabetic-retinopathy-chart-300x117.jpg 300w, https:\/\/www.advvisioncenters.com\/wp-content\/uploads\/diabetic-retinopathy-chart-768x299.jpg 768w, https:\/\/www.advvisioncenters.com\/wp-content\/uploads\/diabetic-retinopathy-chart-270x105.jpg 270w, https:\/\/www.advvisioncenters.com\/wp-content\/uploads\/diabetic-retinopathy-chart-750x292.jpg 750w\" sizes=\"(max-width: 800px) 100vw, 800px\" \/><\/figure><\/div>\n\n\n<h2 class=\"wp-block-heading\">\u00bfC\u00f3mo se desarrolla la retinopat\u00eda diab\u00e9tica?<\/h2>\n\n\n\n<p>A medida que el nivel alto de az\u00facar en la sangre da\u00f1a los vasos sangu\u00edneos de la retina, la retinopat\u00eda diab\u00e9tica progresa a trav\u00e9s de dos etapas: no proliferativa y proliferativa.<\/p>\n\n\n\n<div class=\"wp-block-columns box-columns is-layout-flex wp-container-core-columns-is-layout-9d6595d7 wp-block-columns-is-layout-flex\">\n<div class=\"wp-block-column is-layout-flow wp-block-column-is-layout-flow\">\n<h3 class=\"wp-block-heading\">fase no proliferativa<\/h3>\n\n\n\n<p>vasos sangu\u00edneos en tu <a href=\"https:\/\/www.advvisioncenters.com\/es\/retina\/\">retina<\/a> Se desarrollan aneurismas, que provocan inflamaci\u00f3n y obstruyen el flujo sangu\u00edneo a la retina. Al poco tiempo, los vasos sangu\u00edneos obstruidos comienzan a tener fugas y se acumula l\u00edquido debajo de la m\u00e1cula, una afecci\u00f3n denominada edema macular diab\u00e9tico (EMD). El EMD da\u00f1a la m\u00e1cula, lo que lo convierte en la causa m\u00e1s com\u00fan de p\u00e9rdida de visi\u00f3n en pacientes con retinopat\u00eda diab\u00e9tica.<\/p>\n<\/div>\n\n\n\n<div class=\"wp-block-column is-layout-flow wp-block-column-is-layout-flow\">\n<h3 class=\"wp-block-heading\">Fase proliferativa<\/h3>\n\n\n\n<p>La fase no proliferativa puede progresar a la fase proliferativa, en la que crecen nuevos vasos sangu\u00edneos en la retina para reemplazar los obstruidos. Estos vasos anormales son d\u00e9biles y presentan fugas, lo que afecta la visi\u00f3n. Con el tiempo, estas fugas provocan tejido cicatricial que puede causar desprendimiento de retina.<\/p>\n<\/div>\n<\/div>\n\n\n\n<h2 class=\"wp-block-heading\">\u00bfC\u00f3mo se trata la retinopat\u00eda diab\u00e9tica?<\/h2>\n\n\n\n<p>Controlar el nivel de az\u00facar en sangre es fundamental para prevenir o retrasar la progresi\u00f3n de la retinopat\u00eda diab\u00e9tica. Sin embargo, una vez que se desarrolla esta enfermedad, el tratamiento depende del tipo de retinopat\u00eda. Los m\u00e9dicos de Pacific Eye ofrecen una amplia gama de servicios de retina y pueden tratar la retinopat\u00eda diab\u00e9tica con cirug\u00eda l\u00e1ser para eliminar los vasos sangu\u00edneos anormales.<\/p>\n\n\n\n<p>Si padece diabetes tipo 1 o tipo 2, recibir\u00e1 atenci\u00f3n oftalmol\u00f3gica continua en Pacific Eye. Para programar una cita, llame o utilice la opci\u00f3n de reserva en l\u00ednea.<\/p>","protected":false},"excerpt":{"rendered":"<p>La retinopat\u00eda diab\u00e9tica es la causa m\u00e1s com\u00fan de p\u00e9rdida de visi\u00f3n en pacientes con diabetes. El equipo de Pacific Eye cuenta con amplia experiencia trabajando con pacientes con diabetes en sus consultorios de San Luis Obispo, Lompoc, Paso Robles, Pismo Beach y Santa Maria, California, as\u00ed como en Optical Concepts en Santa Maria. Los m\u00e9dicos ayudan [\u2026]<\/p>","protected":false},"author":1,"featured_media":0,"parent":71,"menu_order":1,"comment_status":"closed","ping_status":"closed","template":"","meta":{"_acf_changed":false,"_kad_blocks_custom_css":"","_kad_blocks_head_custom_js":"","_kad_blocks_body_custom_js":"","_kad_blocks_footer_custom_js":"","footnotes":""},"tags":[],"class_list":["post-207","page","type-page","status-publish","hentry"],"acf":[],"yoast_head":"<!-- This site is optimized with the Yoast SEO plugin v26.2 - https:\/\/yoast.com\/wordpress\/plugins\/seo\/ -->\n<title>Diabetic Eye Care San Luis Obispo | Pacific Eye Surgeons<\/title>\n<meta name=\"description\" content=\"To protect your vision if you have diabetes, you should undergo routine comprehensive eye exams. Find out more at Pacific Eye Surgeons.\" \/>\n<meta name=\"robots\" content=\"index, follow, max-snippet:-1, max-image-preview:large, max-video-preview:-1\" \/>\n<link rel=\"canonical\" href=\"https:\/\/www.advvisioncenters.com\/es\/retina\/diabetic-eye-care\/\" \/>\n<meta property=\"og:locale\" content=\"es_MX\" \/>\n<meta property=\"og:type\" content=\"article\" \/>\n<meta property=\"og:title\" content=\"Diabetic Eye Care San Luis Obispo | Pacific Eye Surgeons\" \/>\n<meta property=\"og:description\" content=\"To protect your vision if you have diabetes, you should undergo routine comprehensive eye exams. Find out more at Pacific Eye Surgeons.\" \/>\n<meta property=\"og:url\" content=\"https:\/\/www.advvisioncenters.com\/es\/retina\/diabetic-eye-care\/\" \/>\n<meta property=\"og:site_name\" content=\"ADV Vision\" \/>\n<meta property=\"article:modified_time\" content=\"2023-01-20T16:04:41+00:00\" \/>\n<meta property=\"og:image\" content=\"https:\/\/www.advvisioncenters.com\/wp-content\/uploads\/diabetic-retinopathy-chart.jpg\" \/>\n\t<meta property=\"og:image:width\" content=\"800\" \/>\n\t<meta property=\"og:image:height\" content=\"311\" \/>\n\t<meta property=\"og:image:type\" content=\"image\/jpeg\" \/>\n<meta name=\"twitter:card\" content=\"summary_large_image\" \/>\n<meta name=\"twitter:label1\" content=\"Tiempo de lectura\" \/>\n\t<meta name=\"twitter:data1\" content=\"3 minutos\" \/>\n<script type=\"application\/ld+json\" class=\"yoast-schema-graph\">{\"@context\":\"https:\/\/schema.org\",\"@graph\":[{\"@type\":\"WebPage\",\"@id\":\"https:\/\/www.advvisioncenters.com\/retina\/diabetic-eye-care\/\",\"url\":\"https:\/\/www.advvisioncenters.com\/retina\/diabetic-eye-care\/\",\"name\":\"Diabetic Eye Care San Luis Obispo | Pacific Eye Surgeons\",\"isPartOf\":{\"@id\":\"https:\/\/www.advvisioncenters.com\/#website\"},\"primaryImageOfPage\":{\"@id\":\"https:\/\/www.advvisioncenters.com\/retina\/diabetic-eye-care\/#primaryimage\"},\"image\":{\"@id\":\"https:\/\/www.advvisioncenters.com\/retina\/diabetic-eye-care\/#primaryimage\"},\"thumbnailUrl\":\"https:\/\/www.advvisioncenters.com\/wp-content\/uploads\/diabetic-retinopathy-chart.jpg\",\"datePublished\":\"2022-05-04T15:23:00+00:00\",\"dateModified\":\"2023-01-20T16:04:41+00:00\",\"description\":\"To protect your vision if you have diabetes, you should undergo routine comprehensive eye exams. Find out more at Pacific Eye Surgeons.\",\"breadcrumb\":{\"@id\":\"https:\/\/www.advvisioncenters.com\/retina\/diabetic-eye-care\/#breadcrumb\"},\"inLanguage\":\"es\",\"potentialAction\":[{\"@type\":\"ReadAction\",\"target\":[\"https:\/\/www.advvisioncenters.com\/retina\/diabetic-eye-care\/\"]}]},{\"@type\":\"ImageObject\",\"inLanguage\":\"es\",\"@id\":\"https:\/\/www.advvisioncenters.com\/retina\/diabetic-eye-care\/#primaryimage\",\"url\":\"https:\/\/www.advvisioncenters.com\/wp-content\/uploads\/diabetic-retinopathy-chart.jpg\",\"contentUrl\":\"https:\/\/www.advvisioncenters.com\/wp-content\/uploads\/diabetic-retinopathy-chart.jpg\"},{\"@type\":\"BreadcrumbList\",\"@id\":\"https:\/\/www.advvisioncenters.com\/retina\/diabetic-eye-care\/#breadcrumb\",\"itemListElement\":[{\"@type\":\"ListItem\",\"position\":1,\"name\":\"Home\",\"item\":\"https:\/\/www.advvisioncenters.com\/\"},{\"@type\":\"ListItem\",\"position\":2,\"name\":\"Retina\",\"item\":\"https:\/\/www.advvisioncenters.com\/?page_id=71\"},{\"@type\":\"ListItem\",\"position\":3,\"name\":\"Diabetic Eye Care\"}]},{\"@type\":\"WebSite\",\"@id\":\"https:\/\/www.advvisioncenters.com\/#website\",\"url\":\"https:\/\/www.advvisioncenters.com\/\",\"name\":\"ADV Vision\",\"description\":\"\",\"publisher\":{\"@id\":\"https:\/\/www.advvisioncenters.com\/#organization\"},\"potentialAction\":[{\"@type\":\"SearchAction\",\"target\":{\"@type\":\"EntryPoint\",\"urlTemplate\":\"https:\/\/www.advvisioncenters.com\/?s={search_term_string}\"},\"query-input\":{\"@type\":\"PropertyValueSpecification\",\"valueRequired\":true,\"valueName\":\"search_term_string\"}}],\"inLanguage\":\"es\"},{\"@type\":\"Organization\",\"@id\":\"https:\/\/www.advvisioncenters.com\/#organization\",\"name\":\"ADV Vision\",\"url\":\"https:\/\/www.advvisioncenters.com\/\",\"logo\":{\"@type\":\"ImageObject\",\"inLanguage\":\"es\",\"@id\":\"https:\/\/www.advvisioncenters.com\/#\/schema\/logo\/image\/\",\"url\":\"https:\/\/www.advvisioncenters.com\/wp-content\/uploads\/adv-vision-logo.png\",\"contentUrl\":\"https:\/\/www.advvisioncenters.com\/wp-content\/uploads\/adv-vision-logo.png\",\"width\":470,\"height\":120,\"caption\":\"ADV Vision\"},\"image\":{\"@id\":\"https:\/\/www.advvisioncenters.com\/#\/schema\/logo\/image\/\"}}]}<\/script>\n<!-- \/ Yoast SEO plugin. -->","yoast_head_json":{"title":"Atenci\u00f3n oftalmol\u00f3gica para diab\u00e9ticos en San Luis Obispo | Cirujanos oftalmol\u00f3gicos del Pac\u00edfico","description":"Para proteger su visi\u00f3n si tiene diabetes, debe someterse a ex\u00e1menes oculares completos de rutina. Obtenga m\u00e1s informaci\u00f3n en Pacific Eye Surgeons.","robots":{"index":"index","follow":"follow","max-snippet":"max-snippet:-1","max-image-preview":"max-image-preview:large","max-video-preview":"max-video-preview:-1"},"canonical":"https:\/\/www.advvisioncenters.com\/es\/retina\/diabetic-eye-care\/","og_locale":"es_MX","og_type":"article","og_title":"Diabetic Eye Care San Luis Obispo | Pacific Eye Surgeons","og_description":"To protect your vision if you have diabetes, you should undergo routine comprehensive eye exams. Find out more at Pacific Eye Surgeons.","og_url":"https:\/\/www.advvisioncenters.com\/es\/retina\/diabetic-eye-care\/","og_site_name":"ADV Vision","article_modified_time":"2023-01-20T16:04:41+00:00","og_image":[{"width":800,"height":311,"url":"https:\/\/www.advvisioncenters.com\/wp-content\/uploads\/diabetic-retinopathy-chart.jpg","type":"image\/jpeg"}],"twitter_card":"summary_large_image","twitter_misc":{"Tiempo de lectura":"3 minutos"},"schema":{"@context":"https:\/\/schema.org","@graph":[{"@type":"WebPage","@id":"https:\/\/www.advvisioncenters.com\/retina\/diabetic-eye-care\/","url":"https:\/\/www.advvisioncenters.com\/retina\/diabetic-eye-care\/","name":"Atenci\u00f3n oftalmol\u00f3gica para diab\u00e9ticos en San Luis Obispo | Cirujanos oftalmol\u00f3gicos del Pac\u00edfico","isPartOf":{"@id":"https:\/\/www.advvisioncenters.com\/#website"},"primaryImageOfPage":{"@id":"https:\/\/www.advvisioncenters.com\/retina\/diabetic-eye-care\/#primaryimage"},"image":{"@id":"https:\/\/www.advvisioncenters.com\/retina\/diabetic-eye-care\/#primaryimage"},"thumbnailUrl":"https:\/\/www.advvisioncenters.com\/wp-content\/uploads\/diabetic-retinopathy-chart.jpg","datePublished":"2022-05-04T15:23:00+00:00","dateModified":"2023-01-20T16:04:41+00:00","description":"Para proteger su visi\u00f3n si tiene diabetes, debe someterse a ex\u00e1menes oculares completos de rutina. Obtenga m\u00e1s informaci\u00f3n en Pacific Eye Surgeons.","breadcrumb":{"@id":"https:\/\/www.advvisioncenters.com\/retina\/diabetic-eye-care\/#breadcrumb"},"inLanguage":"es","potentialAction":[{"@type":"ReadAction","target":["https:\/\/www.advvisioncenters.com\/retina\/diabetic-eye-care\/"]}]},{"@type":"ImageObject","inLanguage":"es","@id":"https:\/\/www.advvisioncenters.com\/retina\/diabetic-eye-care\/#primaryimage","url":"https:\/\/www.advvisioncenters.com\/wp-content\/uploads\/diabetic-retinopathy-chart.jpg","contentUrl":"https:\/\/www.advvisioncenters.com\/wp-content\/uploads\/diabetic-retinopathy-chart.jpg"},{"@type":"BreadcrumbList","@id":"https:\/\/www.advvisioncenters.com\/retina\/diabetic-eye-care\/#breadcrumb","itemListElement":[{"@type":"ListItem","position":1,"name":"Home","item":"https:\/\/www.advvisioncenters.com\/"},{"@type":"ListItem","position":2,"name":"Retina","item":"https:\/\/www.advvisioncenters.com\/?page_id=71"},{"@type":"ListItem","position":3,"name":"Diabetic Eye Care"}]},{"@type":"WebSite","@id":"https:\/\/www.advvisioncenters.com\/#website","url":"https:\/\/www.advvisioncenters.com\/","name":"ADV Vision","description":"","publisher":{"@id":"https:\/\/www.advvisioncenters.com\/#organization"},"potentialAction":[{"@type":"SearchAction","target":{"@type":"EntryPoint","urlTemplate":"https:\/\/www.advvisioncenters.com\/?s={search_term_string}"},"query-input":{"@type":"PropertyValueSpecification","valueRequired":true,"valueName":"search_term_string"}}],"inLanguage":"es"},{"@type":"Organization","@id":"https:\/\/www.advvisioncenters.com\/#organization","name":"ADV Vision","url":"https:\/\/www.advvisioncenters.com\/","logo":{"@type":"ImageObject","inLanguage":"es","@id":"https:\/\/www.advvisioncenters.com\/#\/schema\/logo\/image\/","url":"https:\/\/www.advvisioncenters.com\/wp-content\/uploads\/adv-vision-logo.png","contentUrl":"https:\/\/www.advvisioncenters.com\/wp-content\/uploads\/adv-vision-logo.png","width":470,"height":120,"caption":"ADV Vision"},"image":{"@id":"https:\/\/www.advvisioncenters.com\/#\/schema\/logo\/image\/"}}]}},"taxonomy_info":[],"featured_image_src_large":false,"author_info":{"display_name":"onur","author_link":"https:\/\/www.advvisioncenters.com\/es\/blog\/author\/onur\/"},"comment_info":0,"_links":{"self":[{"href":"https:\/\/www.advvisioncenters.com\/es\/wp-json\/wp\/v2\/pages\/207","targetHints":{"allow":["GET"]}}],"collection":[{"href":"https:\/\/www.advvisioncenters.com\/es\/wp-json\/wp\/v2\/pages"}],"about":[{"href":"https:\/\/www.advvisioncenters.com\/es\/wp-json\/wp\/v2\/types\/page"}],"author":[{"embeddable":true,"href":"https:\/\/www.advvisioncenters.com\/es\/wp-json\/wp\/v2\/users\/1"}],"replies":[{"embeddable":true,"href":"https:\/\/www.advvisioncenters.com\/es\/wp-json\/wp\/v2\/comments?post=207"}],"version-history":[{"count":6,"href":"https:\/\/www.advvisioncenters.com\/es\/wp-json\/wp\/v2\/pages\/207\/revisions"}],"predecessor-version":[{"id":3030,"href":"https:\/\/www.advvisioncenters.com\/es\/wp-json\/wp\/v2\/pages\/207\/revisions\/3030"}],"up":[{"embeddable":true,"href":"https:\/\/www.advvisioncenters.com\/es\/wp-json\/wp\/v2\/pages\/71"}],"wp:attachment":[{"href":"https:\/\/www.advvisioncenters.com\/es\/wp-json\/wp\/v2\/media?parent=207"}],"wp:term":[{"taxonomy":"post_tag","embeddable":true,"href":"https:\/\/www.advvisioncenters.com\/es\/wp-json\/wp\/v2\/tags?post=207"}],"curies":[{"name":"wp","href":"https:\/\/api.w.org\/{rel}","templated":true}]}}