{"id":205,"date":"2022-05-04T11:22:05","date_gmt":"2022-05-04T15:22:05","guid":{"rendered":"http:\/\/demo.paceyemd.com.php73-37.phx1-1.websitetestlink.com\/?page_id=205"},"modified":"2023-01-20T11:03:38","modified_gmt":"2023-01-20T16:03:38","slug":"eye-floaters-flashes","status":"publish","type":"page","link":"https:\/\/www.advvisioncenters.com\/es\/retina\/eye-floaters-flashes\/","title":{"rendered":"Moscas volantes y destellos"},"content":{"rendered":"<div class=\"wp-block-image\">\n<figure class=\"alignright size-full\"><img decoding=\"async\" width=\"500\" height=\"500\" src=\"https:\/\/www.advvisioncenters.com\/wp-content\/uploads\/floaters.jpg\" alt=\"\" class=\"wp-image-517\" srcset=\"https:\/\/www.advvisioncenters.com\/wp-content\/uploads\/floaters.jpg 500w, https:\/\/www.advvisioncenters.com\/wp-content\/uploads\/floaters-300x300.jpg 300w, https:\/\/www.advvisioncenters.com\/wp-content\/uploads\/floaters-150x150.jpg 150w, https:\/\/www.advvisioncenters.com\/wp-content\/uploads\/floaters-270x270.jpg 270w\" sizes=\"(max-width: 500px) 100vw, 500px\" \/><\/figure><\/div>\n\n\n<p>Es probable que haya experimentado moscas volantes, formas borrosas que aparecen repentinamente en su campo de visi\u00f3n, o destellos que usted reconoce por su nombre m\u00e1s descriptivo: \u201cver estrellas\u201d. Cuando uno o ambos fen\u00f3menos aumentan repentinamente en cantidad o frecuencia, suelen indicar un problema ocular grave. Los m\u00e9dicos de Pacific Eye, con consultorios en San Luis Obispo, Lompoc, Paso Robles, Pismo Beach y Santa Maria, California, as\u00ed como Optical Concepts en Santa Maria, se especializan en atenci\u00f3n oftalmol\u00f3gica de urgencia y servicios avanzados de retina. Llame o programe una cita en l\u00ednea hoy mismo.<\/p>\n\n\n\n<h2 class=\"wp-block-heading\">\u00bfQu\u00e9 causa las moscas volantes?<\/h2>\n\n\n\n<p>Las moscas volantes aparecen como manchas o filamentos fugaces que se desplazan por el campo de visi\u00f3n. Estas sombras aleatorias se deben a peque\u00f1os c\u00famulos de prote\u00edna en el humor v\u00edtreo del ojo.<\/p>\n\n\n\n<p>El humor v\u00edtreo es una sustancia gelatinosa que rellena el interior del ojo. Ayuda a mantener la forma del globo ocular y lo conserva. <a href=\"https:\/\/www.advvisioncenters.com\/es\/retina\/\">retina<\/a> adherido a la parte posterior del ojo.<\/p>\n\n\n\n<p>Aunque el humor v\u00edtreo es transparente, contiene prote\u00ednas que pueden agruparse y flotar en \u00e9l. En ocasiones, proyectan una sombra sobre la retina, que se percibe como una mosca volante.<\/p>\n\n\n\n<h2 class=\"wp-block-heading\">\u00bfSon peligrosos los flotadores?<\/h2>\n\n\n\n<p>Las moscas volantes no son peligrosas cuando aparecen ocasionalmente y desaparecen. Estas moscas volantes inofensivas simplemente se depositan en el fondo del ojo y quedan fuera del campo de visi\u00f3n.<\/p>\n\n\n\n<p>Sin embargo, la aparici\u00f3n repentina de numerosas moscas volantes puede indicar un problema grave como desprendimiento de retina, una lesi\u00f3n ocular o hemorragia intraocular. Estas afecciones, especialmente el desprendimiento de retina, son emergencias que requieren atenci\u00f3n m\u00e9dica inmediata para prevenir la p\u00e9rdida de visi\u00f3n. Los m\u00e9dicos de Pacific Eye ofrecen una amplia gama de servicios de retina y pueden diagnosticar su problema de forma r\u00e1pida y precisa.<\/p>\n\n\n\n<h2 class=\"wp-block-heading\">\u00bfQu\u00e9 causa los destellos?<\/h2>\n\n\n\n<p>Cuando la luz llega a la retina, se transforma en un impulso el\u00e9ctrico que viaja a trav\u00e9s del nervio \u00f3ptico hasta el cerebro. Al estimularse la retina, esta env\u00eda un impulso el\u00e9ctrico similar, que el cerebro interpreta y que se percibe como un destello de luz.<\/p>\n\n\n\n<p>Un destello puede ocurrir cuando uno se golpea la cabeza con la suficiente fuerza como para afectar el humor v\u00edtreo, lo que estimula la retina y causa el fen\u00f3meno com\u00fanmente llamado \u201cver estrellas\u201d.\u201d<\/p>\n\n\n\n<p>La aparici\u00f3n repentina o frecuente de destellos es un s\u00edntoma de desgarro o desprendimiento de retina. Si presenta moscas volantes y destellos al mismo tiempo, es una se\u00f1al de alarma que requiere atenci\u00f3n oftalmol\u00f3gica de urgencia.<\/p>\n\n\n\n<h2 class=\"wp-block-heading\">\u00bfC\u00f3mo se tratan las moscas volantes y los destellos?<\/h2>\n\n\n\n<p>Si experimenta moscas volantes con frecuencia, o moscas volantes lo suficientemente grandes como para afectar su visi\u00f3n, el equipo de Pacific Eye puede tratarlas con una vitrectom\u00eda l\u00e1ser para extraer el v\u00edtreo junto con todas las moscas volantes y luego reemplazar el l\u00edquido. Cuando los destellos y las moscas volantes indican un desprendimiento de retina, necesitar\u00e1 cirug\u00eda ocular l\u00e1ser para volver a fijar la retina.<\/p>\n\n\n\n<p>Si de repente le aparecen moscas volantes o destellos, o si estos ocurren con mayor frecuencia o en mayor cantidad, llame a Pacific Eye o utilice la reserva en l\u00ednea para programar la pr\u00f3xima cita disponible en una de sus seis oficinas en los condados de San Luis Obispo y Santa B\u00e1rbara.<\/p>","protected":false},"excerpt":{"rendered":"<p>Es probable que haya experimentado moscas volantes, formas borrosas que aparecen repentinamente en su campo de visi\u00f3n, o destellos que reconocer\u00eda por su nombre m\u00e1s descriptivo: \u201cver estrellas\u201d. Cuando uno o ambos fen\u00f3menos aumentan repentinamente en cantidad o frecuencia, suelen indicar un problema ocular grave. Los m\u00e9dicos de Pacific Eye, con consultorios [\u2026]<\/p>","protected":false},"author":1,"featured_media":0,"parent":71,"menu_order":0,"comment_status":"closed","ping_status":"closed","template":"","meta":{"_acf_changed":false,"_kad_blocks_custom_css":"","_kad_blocks_head_custom_js":"","_kad_blocks_body_custom_js":"","_kad_blocks_footer_custom_js":"","footnotes":""},"tags":[],"class_list":["post-205","page","type-page","status-publish","hentry"],"acf":[],"yoast_head":"<!-- This site is optimized with the Yoast SEO plugin v26.2 - https:\/\/yoast.com\/wordpress\/plugins\/seo\/ -->\n<title>Eye Floaters &amp; Flashes San Luis Obispo | Pacific Eye Surgeons<\/title>\n<meta name=\"description\" content=\"Chances are you\u2019ve experienced eye floaters, shapes that suddenly glide across your line of vision? Learn more at Pacific Eye Surgeons.\" \/>\n<meta name=\"robots\" content=\"index, follow, max-snippet:-1, max-image-preview:large, max-video-preview:-1\" \/>\n<link rel=\"canonical\" href=\"https:\/\/www.advvisioncenters.com\/es\/retina\/eye-floaters-flashes\/\" \/>\n<meta property=\"og:locale\" content=\"es_MX\" \/>\n<meta property=\"og:type\" content=\"article\" \/>\n<meta property=\"og:title\" content=\"Eye Floaters &amp; Flashes San Luis Obispo | Pacific Eye Surgeons\" \/>\n<meta property=\"og:description\" content=\"Chances are you\u2019ve experienced eye floaters, shapes that suddenly glide across your line of vision? Learn more at Pacific Eye Surgeons.\" \/>\n<meta property=\"og:url\" content=\"https:\/\/www.advvisioncenters.com\/es\/retina\/eye-floaters-flashes\/\" \/>\n<meta property=\"og:site_name\" content=\"ADV Vision\" \/>\n<meta property=\"article:modified_time\" content=\"2023-01-20T16:03:38+00:00\" \/>\n<meta property=\"og:image\" content=\"https:\/\/www.advvisioncenters.com\/wp-content\/uploads\/floaters.jpg\" \/>\n\t<meta property=\"og:image:width\" content=\"500\" \/>\n\t<meta property=\"og:image:height\" content=\"500\" \/>\n\t<meta property=\"og:image:type\" content=\"image\/jpeg\" \/>\n<meta name=\"twitter:card\" content=\"summary_large_image\" \/>\n<meta name=\"twitter:label1\" content=\"Tiempo de lectura\" \/>\n\t<meta name=\"twitter:data1\" content=\"3 minutos\" \/>\n<script type=\"application\/ld+json\" class=\"yoast-schema-graph\">{\"@context\":\"https:\/\/schema.org\",\"@graph\":[{\"@type\":\"WebPage\",\"@id\":\"https:\/\/www.advvisioncenters.com\/retina\/eye-floaters-flashes\/\",\"url\":\"https:\/\/www.advvisioncenters.com\/retina\/eye-floaters-flashes\/\",\"name\":\"Eye Floaters & Flashes San Luis Obispo | Pacific Eye Surgeons\",\"isPartOf\":{\"@id\":\"https:\/\/www.advvisioncenters.com\/#website\"},\"primaryImageOfPage\":{\"@id\":\"https:\/\/www.advvisioncenters.com\/retina\/eye-floaters-flashes\/#primaryimage\"},\"image\":{\"@id\":\"https:\/\/www.advvisioncenters.com\/retina\/eye-floaters-flashes\/#primaryimage\"},\"thumbnailUrl\":\"https:\/\/www.advvisioncenters.com\/wp-content\/uploads\/floaters.jpg\",\"datePublished\":\"2022-05-04T15:22:05+00:00\",\"dateModified\":\"2023-01-20T16:03:38+00:00\",\"description\":\"Chances are you\u2019ve experienced eye floaters, shapes that suddenly glide across your line of vision? Learn more at Pacific Eye Surgeons.\",\"breadcrumb\":{\"@id\":\"https:\/\/www.advvisioncenters.com\/retina\/eye-floaters-flashes\/#breadcrumb\"},\"inLanguage\":\"es\",\"potentialAction\":[{\"@type\":\"ReadAction\",\"target\":[\"https:\/\/www.advvisioncenters.com\/retina\/eye-floaters-flashes\/\"]}]},{\"@type\":\"ImageObject\",\"inLanguage\":\"es\",\"@id\":\"https:\/\/www.advvisioncenters.com\/retina\/eye-floaters-flashes\/#primaryimage\",\"url\":\"https:\/\/www.advvisioncenters.com\/wp-content\/uploads\/floaters.jpg\",\"contentUrl\":\"https:\/\/www.advvisioncenters.com\/wp-content\/uploads\/floaters.jpg\"},{\"@type\":\"BreadcrumbList\",\"@id\":\"https:\/\/www.advvisioncenters.com\/retina\/eye-floaters-flashes\/#breadcrumb\",\"itemListElement\":[{\"@type\":\"ListItem\",\"position\":1,\"name\":\"Home\",\"item\":\"https:\/\/www.advvisioncenters.com\/\"},{\"@type\":\"ListItem\",\"position\":2,\"name\":\"Retina\",\"item\":\"https:\/\/www.advvisioncenters.com\/?page_id=71\"},{\"@type\":\"ListItem\",\"position\":3,\"name\":\"Eye Floaters &#038; Flashes\"}]},{\"@type\":\"WebSite\",\"@id\":\"https:\/\/www.advvisioncenters.com\/#website\",\"url\":\"https:\/\/www.advvisioncenters.com\/\",\"name\":\"ADV Vision\",\"description\":\"\",\"publisher\":{\"@id\":\"https:\/\/www.advvisioncenters.com\/#organization\"},\"potentialAction\":[{\"@type\":\"SearchAction\",\"target\":{\"@type\":\"EntryPoint\",\"urlTemplate\":\"https:\/\/www.advvisioncenters.com\/?s={search_term_string}\"},\"query-input\":{\"@type\":\"PropertyValueSpecification\",\"valueRequired\":true,\"valueName\":\"search_term_string\"}}],\"inLanguage\":\"es\"},{\"@type\":\"Organization\",\"@id\":\"https:\/\/www.advvisioncenters.com\/#organization\",\"name\":\"ADV Vision\",\"url\":\"https:\/\/www.advvisioncenters.com\/\",\"logo\":{\"@type\":\"ImageObject\",\"inLanguage\":\"es\",\"@id\":\"https:\/\/www.advvisioncenters.com\/#\/schema\/logo\/image\/\",\"url\":\"https:\/\/www.advvisioncenters.com\/wp-content\/uploads\/adv-vision-logo.png\",\"contentUrl\":\"https:\/\/www.advvisioncenters.com\/wp-content\/uploads\/adv-vision-logo.png\",\"width\":470,\"height\":120,\"caption\":\"ADV Vision\"},\"image\":{\"@id\":\"https:\/\/www.advvisioncenters.com\/#\/schema\/logo\/image\/\"}}]}<\/script>\n<!-- \/ Yoast SEO plugin. -->","yoast_head_json":{"title":"Moscas volantes y destellos en San Luis Obispo | Cirujanos Oftalmol\u00f3gicos del Pac\u00edfico","description":"\u00bfEs probable que haya experimentado moscas volantes, esas formas que de repente se deslizan por su campo de visi\u00f3n? Obtenga m\u00e1s informaci\u00f3n en Pacific Eye Surgeons.","robots":{"index":"index","follow":"follow","max-snippet":"max-snippet:-1","max-image-preview":"max-image-preview:large","max-video-preview":"max-video-preview:-1"},"canonical":"https:\/\/www.advvisioncenters.com\/es\/retina\/eye-floaters-flashes\/","og_locale":"es_MX","og_type":"article","og_title":"Eye Floaters & Flashes San Luis Obispo | Pacific Eye Surgeons","og_description":"Chances are you\u2019ve experienced eye floaters, shapes that suddenly glide across your line of vision? Learn more at Pacific Eye Surgeons.","og_url":"https:\/\/www.advvisioncenters.com\/es\/retina\/eye-floaters-flashes\/","og_site_name":"ADV Vision","article_modified_time":"2023-01-20T16:03:38+00:00","og_image":[{"width":500,"height":500,"url":"https:\/\/www.advvisioncenters.com\/wp-content\/uploads\/floaters.jpg","type":"image\/jpeg"}],"twitter_card":"summary_large_image","twitter_misc":{"Tiempo de lectura":"3 minutos"},"schema":{"@context":"https:\/\/schema.org","@graph":[{"@type":"WebPage","@id":"https:\/\/www.advvisioncenters.com\/retina\/eye-floaters-flashes\/","url":"https:\/\/www.advvisioncenters.com\/retina\/eye-floaters-flashes\/","name":"Moscas volantes y destellos en San Luis Obispo | Cirujanos Oftalmol\u00f3gicos del Pac\u00edfico","isPartOf":{"@id":"https:\/\/www.advvisioncenters.com\/#website"},"primaryImageOfPage":{"@id":"https:\/\/www.advvisioncenters.com\/retina\/eye-floaters-flashes\/#primaryimage"},"image":{"@id":"https:\/\/www.advvisioncenters.com\/retina\/eye-floaters-flashes\/#primaryimage"},"thumbnailUrl":"https:\/\/www.advvisioncenters.com\/wp-content\/uploads\/floaters.jpg","datePublished":"2022-05-04T15:22:05+00:00","dateModified":"2023-01-20T16:03:38+00:00","description":"\u00bfEs probable que haya experimentado moscas volantes, esas formas que de repente se deslizan por su campo de visi\u00f3n? Obtenga m\u00e1s informaci\u00f3n en Pacific Eye Surgeons.","breadcrumb":{"@id":"https:\/\/www.advvisioncenters.com\/retina\/eye-floaters-flashes\/#breadcrumb"},"inLanguage":"es","potentialAction":[{"@type":"ReadAction","target":["https:\/\/www.advvisioncenters.com\/retina\/eye-floaters-flashes\/"]}]},{"@type":"ImageObject","inLanguage":"es","@id":"https:\/\/www.advvisioncenters.com\/retina\/eye-floaters-flashes\/#primaryimage","url":"https:\/\/www.advvisioncenters.com\/wp-content\/uploads\/floaters.jpg","contentUrl":"https:\/\/www.advvisioncenters.com\/wp-content\/uploads\/floaters.jpg"},{"@type":"BreadcrumbList","@id":"https:\/\/www.advvisioncenters.com\/retina\/eye-floaters-flashes\/#breadcrumb","itemListElement":[{"@type":"ListItem","position":1,"name":"Home","item":"https:\/\/www.advvisioncenters.com\/"},{"@type":"ListItem","position":2,"name":"Retina","item":"https:\/\/www.advvisioncenters.com\/?page_id=71"},{"@type":"ListItem","position":3,"name":"Eye Floaters &#038; Flashes"}]},{"@type":"WebSite","@id":"https:\/\/www.advvisioncenters.com\/#website","url":"https:\/\/www.advvisioncenters.com\/","name":"ADV Vision","description":"","publisher":{"@id":"https:\/\/www.advvisioncenters.com\/#organization"},"potentialAction":[{"@type":"SearchAction","target":{"@type":"EntryPoint","urlTemplate":"https:\/\/www.advvisioncenters.com\/?s={search_term_string}"},"query-input":{"@type":"PropertyValueSpecification","valueRequired":true,"valueName":"search_term_string"}}],"inLanguage":"es"},{"@type":"Organization","@id":"https:\/\/www.advvisioncenters.com\/#organization","name":"ADV Vision","url":"https:\/\/www.advvisioncenters.com\/","logo":{"@type":"ImageObject","inLanguage":"es","@id":"https:\/\/www.advvisioncenters.com\/#\/schema\/logo\/image\/","url":"https:\/\/www.advvisioncenters.com\/wp-content\/uploads\/adv-vision-logo.png","contentUrl":"https:\/\/www.advvisioncenters.com\/wp-content\/uploads\/adv-vision-logo.png","width":470,"height":120,"caption":"ADV Vision"},"image":{"@id":"https:\/\/www.advvisioncenters.com\/#\/schema\/logo\/image\/"}}]}},"taxonomy_info":[],"featured_image_src_large":false,"author_info":{"display_name":"onur","author_link":"https:\/\/www.advvisioncenters.com\/es\/blog\/author\/onur\/"},"comment_info":0,"_links":{"self":[{"href":"https:\/\/www.advvisioncenters.com\/es\/wp-json\/wp\/v2\/pages\/205","targetHints":{"allow":["GET"]}}],"collection":[{"href":"https:\/\/www.advvisioncenters.com\/es\/wp-json\/wp\/v2\/pages"}],"about":[{"href":"https:\/\/www.advvisioncenters.com\/es\/wp-json\/wp\/v2\/types\/page"}],"author":[{"embeddable":true,"href":"https:\/\/www.advvisioncenters.com\/es\/wp-json\/wp\/v2\/users\/1"}],"replies":[{"embeddable":true,"href":"https:\/\/www.advvisioncenters.com\/es\/wp-json\/wp\/v2\/comments?post=205"}],"version-history":[{"count":5,"href":"https:\/\/www.advvisioncenters.com\/es\/wp-json\/wp\/v2\/pages\/205\/revisions"}],"predecessor-version":[{"id":2848,"href":"https:\/\/www.advvisioncenters.com\/es\/wp-json\/wp\/v2\/pages\/205\/revisions\/2848"}],"up":[{"embeddable":true,"href":"https:\/\/www.advvisioncenters.com\/es\/wp-json\/wp\/v2\/pages\/71"}],"wp:attachment":[{"href":"https:\/\/www.advvisioncenters.com\/es\/wp-json\/wp\/v2\/media?parent=205"}],"wp:term":[{"taxonomy":"post_tag","embeddable":true,"href":"https:\/\/www.advvisioncenters.com\/es\/wp-json\/wp\/v2\/tags?post=205"}],"curies":[{"name":"wp","href":"https:\/\/api.w.org\/{rel}","templated":true}]}}