{"id":189,"date":"2022-05-04T11:16:51","date_gmt":"2022-05-04T15:16:51","guid":{"rendered":"http:\/\/demo.paceyemd.com.php73-37.phx1-1.websitetestlink.com\/?page_id=189"},"modified":"2025-08-05T08:48:30","modified_gmt":"2025-08-05T12:48:30","slug":"iol","status":"publish","type":"page","link":"https:\/\/www.advvisioncenters.com\/es\/cataract-surgery-santa-maria\/iol\/","title":{"rendered":"C\u00f3mo elegir la mejor lente intraocular (LIO)"},"content":{"rendered":"<p>Al someterse a <a href=\"https:\/\/www.advvisioncenters.com\/es\/cataract-surgery-santa-maria\/\">cirug\u00eda de cataratas<\/a>, Elegir la lente intraocular (LIO) adecuada es una de las decisiones m\u00e1s importantes para su visi\u00f3n. Una LIO es una peque\u00f1a lente artificial que reemplaza el cristalino natural del ojo cuando este se opaca debido a las cataratas. Piense en ella como una alternativa permanente y sin mantenimiento a las lentes de contacto o las gafas.\u00a0<\/p>\n\n\n\n<p>Las lentes intraoculares (LIO) tambi\u00e9n pueden ayudar a corregir otras afecciones de la visi\u00f3n como el astigmatismo, la miop\u00eda (dificultad para ver de lejos) y la presbicia (dificultad para ver de cerca relacionada con la edad), lo que las convierte en una pieza clave de la correcci\u00f3n visual personalizada.<\/p>\n\n\n\n<h2 class=\"wp-block-heading\">\u00bfQu\u00e9 es una LIO y c\u00f3mo funciona?&nbsp;<\/h2>\n\n\n\n<p>Durante la cirug\u00eda de cataratas, se implanta quir\u00fargicamente una lente intraocular en el ojo para reemplazar el cristalino opaco. Estas lentes avanzadas se presentan en varios tipos, cada uno dise\u00f1ado para mejorar la visi\u00f3n a diferentes distancias y para distintas afecciones oculares.<\/p>\n\n\n\n<h2 class=\"wp-block-heading\">Tipos de lentes intraoculares disponibles&nbsp;<\/h2>\n\n\n\n<div class=\"wp-block-columns is-layout-flex wp-container-core-columns-is-layout-9d6595d7 wp-block-columns-is-layout-flex\">\n<div class=\"wp-block-column has-very-light-gray-background-color has-background is-layout-flow wp-block-column-is-layout-flow\">\n<h3 class=\"wp-block-heading has-text-align-center has-kb-palette-6-color has-text-color has-link-color wp-elements-11c7eac613d3f55e4413c14bdf871fdf\">Lente ajustable a la luz (LAL)<\/h3>\n\n\n\n<p>La lente intraocular ajustable con luz (LAL) es la \u00fanica LIO que se puede personalizar despu\u00e9s de la cirug\u00eda. Una vez que el ojo ha cicatrizado, la potencia de la lente se puede ajustar mediante tratamientos especiales con luz ultravioleta, lo que ofrece una precisi\u00f3n inigualable para lograr la visi\u00f3n ideal. Esta innovadora lente es ideal para pacientes que buscan la correcci\u00f3n visual m\u00e1s personalizada disponible en la actualidad.&nbsp;<\/p>\n<\/div>\n\n\n\n<div class=\"wp-block-column has-very-light-gray-background-color has-background is-layout-flow wp-block-column-is-layout-flow\">\n<h3 class=\"wp-block-heading has-text-align-center has-kb-palette-6-color has-text-color has-link-color wp-elements-8f99c1a860d4ffdd7f2144208fe2f219\">Lentes intraoculares multifocales<\/h3>\n\n\n\n<p>Las lentes intraoculares multifocales, como PanOptix, proporcionan una visi\u00f3n n\u00edtida a diferentes distancias: de cerca, intermedia y de lejos. Estas lentes son ideales para pacientes que desean mayor independencia de las gafas y llevan un estilo de vida activo. Pueden presentarse algunas limitaciones visuales, como halos alrededor de las luces por la noche, pero la mayor\u00eda de los pacientes se adaptan bien.&nbsp;<\/p>\n<\/div>\n<\/div>\n\n\n\n<div class=\"wp-block-columns is-layout-flex wp-container-core-columns-is-layout-9d6595d7 wp-block-columns-is-layout-flex\">\n<div class=\"wp-block-column has-very-light-gray-background-color has-background is-layout-flow wp-block-column-is-layout-flow\">\n<h3 class=\"wp-block-heading has-text-align-center has-kb-palette-6-color has-text-color has-link-color wp-elements-b6a7aaf212207f018fc44c7e6dfea459\">LIO t\u00f3rica&nbsp;<\/h3>\n\n\n\n<p>Si padece astigmatismo, una lente intraocular t\u00f3rica (LIO t\u00f3rica) es la mejor opci\u00f3n. Estas lentes est\u00e1n especialmente dise\u00f1adas para corregir el astigmatismo corneal y pueden ser monofocales o multifocales. Opciones como PanOptix Toric y Vivity Toric ofrecen una correcci\u00f3n personalizada tanto para cataratas como para astigmatismo.&nbsp;<\/p>\n<\/div>\n\n\n\n<div class=\"wp-block-column has-very-light-gray-background-color has-background is-layout-flow wp-block-column-is-layout-flow\">\n<h3 class=\"wp-block-heading has-text-align-center has-kb-palette-6-color has-text-color has-link-color wp-elements-47191d23b21a253d8bf42da75983aaa4\">Lente intraocular monofocal<\/h3>\n\n\n\n<p>La lente intraocular (LIO) m\u00e1s utilizada. Las lentes monofocales mejoran la visi\u00f3n a una sola distancia, generalmente de lejos. La mayor\u00eda de los pacientes seguir\u00e1n necesitando gafas para leer de cerca. Las LIO monofocales son una excelente opci\u00f3n para quienes desean una visi\u00f3n n\u00edtida de lejos y se sienten c\u00f3modos usando gafas para otras necesidades.&nbsp;<\/p>\n<\/div>\n<\/div>\n\n\n\n<h2 class=\"wp-block-heading\">\u00bfQu\u00e9 LIO es la adecuada para m\u00ed?&nbsp;<\/h2>\n\n\n\n<p>La lente intraocular ideal depende de su estilo de vida, sus objetivos visuales y si padece otras afecciones como astigmatismo o presbicia. Su cirujano de cataratas le explicar\u00e1 las opciones disponibles tras un examen ocular completo y teniendo en cuenta sus preferencias personales.&nbsp;<\/p>\n\n\n\n<div class=\"wp-block-buttons is-content-justification-center is-layout-flex wp-container-core-buttons-is-layout-16018d1d wp-block-buttons-is-layout-flex\">\n<div class=\"wp-block-button\"><a class=\"wp-block-button__link wp-element-button\" href=\"https:\/\/www.advvisioncenters.com\/es\/request-an-appointment\/\">Programe su evaluaci\u00f3n de cataratas<\/a><\/div>\n<\/div>\n\n\n\n<p>Si est\u00e1 considerando la cirug\u00eda de cataratas o desea obtener m\u00e1s informaci\u00f3n sobre opciones avanzadas de lentes intraoculares (LIO) como PanOptix, Vivity, Toric o la <strong><a href=\"https:\/\/www.advvisioncenters.com\/es\/cataract-surgery-santa-maria\/light-adjustable-lens\/\">Lente ajustable de luz<\/a><\/strong>, nuestros especialistas en <strong><a href=\"https:\/\/www.advvisioncenters.com\/es\/about\/\">ADV Vision<\/a><\/strong> Estamos aqu\u00ed para ayudar.&nbsp;<\/p>\n\n\n\n<p>Ll\u00e1menos hoy al <strong><a href=\"tel:8059875300\">(805) 987-5300<\/a><\/strong> o utilice nuestro <a href=\"https:\/\/www.advvisioncenters.com\/es\/schedule\/\"><strong>herramienta de programaci\u00f3n en l\u00ednea<\/strong> <\/a>Para reservar su consulta sobre LIO.<\/p>\n\n\n\n<p><\/p>","protected":false},"excerpt":{"rendered":"<p>Al someterse a una cirug\u00eda de cataratas, elegir la lente intraocular (LIO) adecuada es una de las decisiones m\u00e1s importantes para su visi\u00f3n. Una LIO es una peque\u00f1a lente artificial que reemplaza el cristalino natural del ojo cuando este se opaca debido a las cataratas. Piense en ella como una alternativa permanente y sin mantenimiento a las lentes de contacto o las gafas. Las LIO [\u2026]<\/p>","protected":false},"author":1,"featured_media":0,"parent":63,"menu_order":1,"comment_status":"closed","ping_status":"closed","template":"","meta":{"_acf_changed":false,"_kad_blocks_custom_css":"","_kad_blocks_head_custom_js":"","_kad_blocks_body_custom_js":"","_kad_blocks_footer_custom_js":"","footnotes":""},"tags":[],"class_list":["post-189","page","type-page","status-publish","hentry"],"acf":[],"yoast_head":"<!-- This site is optimized with the Yoast SEO plugin v26.2 - https:\/\/yoast.com\/wordpress\/plugins\/seo\/ -->\n<title>What types of Intraocular (IOL) lenses are there? - ADV Vision<\/title>\n<meta name=\"description\" content=\"ADV Vision shares a general overview of the four different types of IOL lenses that are currently used in different laser eye surgery procedures.\" \/>\n<meta name=\"robots\" content=\"index, follow, max-snippet:-1, max-image-preview:large, max-video-preview:-1\" \/>\n<link rel=\"canonical\" href=\"https:\/\/www.advvisioncenters.com\/es\/cataract-surgery-santa-maria\/iol\/\" \/>\n<meta property=\"og:locale\" content=\"es_MX\" \/>\n<meta property=\"og:type\" content=\"article\" \/>\n<meta property=\"og:title\" content=\"What types of Intraocular (IOL) lenses are there? - ADV Vision\" \/>\n<meta property=\"og:description\" content=\"ADV Vision shares a general overview of the four different types of IOL lenses that are currently used in different laser eye surgery procedures.\" \/>\n<meta property=\"og:url\" content=\"https:\/\/www.advvisioncenters.com\/es\/cataract-surgery-santa-maria\/iol\/\" \/>\n<meta property=\"og:site_name\" content=\"ADV Vision\" \/>\n<meta property=\"article:modified_time\" content=\"2025-08-05T12:48:30+00:00\" \/>\n<meta property=\"og:image\" content=\"https:\/\/www.advvisioncenters.com\/wp-content\/uploads\/adv-vision-logo.png\" \/>\n\t<meta property=\"og:image:width\" content=\"470\" \/>\n\t<meta property=\"og:image:height\" content=\"120\" \/>\n\t<meta property=\"og:image:type\" content=\"image\/png\" \/>\n<meta name=\"twitter:card\" content=\"summary_large_image\" \/>\n<meta name=\"twitter:label1\" content=\"Tiempo de lectura\" \/>\n\t<meta name=\"twitter:data1\" content=\"3 minutos\" \/>\n<script type=\"application\/ld+json\" class=\"yoast-schema-graph\">{\"@context\":\"https:\/\/schema.org\",\"@graph\":[{\"@type\":\"WebPage\",\"@id\":\"https:\/\/www.advvisioncenters.com\/cataract-surgery-santa-maria\/iol\/\",\"url\":\"https:\/\/www.advvisioncenters.com\/cataract-surgery-santa-maria\/iol\/\",\"name\":\"What types of Intraocular (IOL) lenses are there? - ADV Vision\",\"isPartOf\":{\"@id\":\"https:\/\/www.advvisioncenters.com\/#website\"},\"datePublished\":\"2022-05-04T15:16:51+00:00\",\"dateModified\":\"2025-08-05T12:48:30+00:00\",\"description\":\"ADV Vision shares a general overview of the four different types of IOL lenses that are currently used in different laser eye surgery procedures.\",\"breadcrumb\":{\"@id\":\"https:\/\/www.advvisioncenters.com\/cataract-surgery-santa-maria\/iol\/#breadcrumb\"},\"inLanguage\":\"es\",\"potentialAction\":[{\"@type\":\"ReadAction\",\"target\":[\"https:\/\/www.advvisioncenters.com\/cataract-surgery-santa-maria\/iol\/\"]}]},{\"@type\":\"BreadcrumbList\",\"@id\":\"https:\/\/www.advvisioncenters.com\/cataract-surgery-santa-maria\/iol\/#breadcrumb\",\"itemListElement\":[{\"@type\":\"ListItem\",\"position\":1,\"name\":\"Home\",\"item\":\"https:\/\/www.advvisioncenters.com\/\"},{\"@type\":\"ListItem\",\"position\":2,\"name\":\"Cataract\",\"item\":\"https:\/\/www.advvisioncenters.com\/cataract-surgery-santa-maria\/\"},{\"@type\":\"ListItem\",\"position\":3,\"name\":\"Choosing the Best Intraocular Lens (IOL)\"}]},{\"@type\":\"WebSite\",\"@id\":\"https:\/\/www.advvisioncenters.com\/#website\",\"url\":\"https:\/\/www.advvisioncenters.com\/\",\"name\":\"ADV Vision\",\"description\":\"\",\"publisher\":{\"@id\":\"https:\/\/www.advvisioncenters.com\/#organization\"},\"potentialAction\":[{\"@type\":\"SearchAction\",\"target\":{\"@type\":\"EntryPoint\",\"urlTemplate\":\"https:\/\/www.advvisioncenters.com\/?s={search_term_string}\"},\"query-input\":{\"@type\":\"PropertyValueSpecification\",\"valueRequired\":true,\"valueName\":\"search_term_string\"}}],\"inLanguage\":\"es\"},{\"@type\":\"Organization\",\"@id\":\"https:\/\/www.advvisioncenters.com\/#organization\",\"name\":\"ADV Vision\",\"url\":\"https:\/\/www.advvisioncenters.com\/\",\"logo\":{\"@type\":\"ImageObject\",\"inLanguage\":\"es\",\"@id\":\"https:\/\/www.advvisioncenters.com\/#\/schema\/logo\/image\/\",\"url\":\"https:\/\/www.advvisioncenters.com\/wp-content\/uploads\/adv-vision-logo.png\",\"contentUrl\":\"https:\/\/www.advvisioncenters.com\/wp-content\/uploads\/adv-vision-logo.png\",\"width\":470,\"height\":120,\"caption\":\"ADV Vision\"},\"image\":{\"@id\":\"https:\/\/www.advvisioncenters.com\/#\/schema\/logo\/image\/\"}}]}<\/script>\n<!-- \/ Yoast SEO plugin. -->","yoast_head_json":{"title":"\u00bfQu\u00e9 tipos de lentes intraoculares (LIO) existen? - ADV Vision","description":"ADV Vision ofrece una descripci\u00f3n general de los cuatro tipos diferentes de lentes intraoculares (LIO) que se utilizan actualmente en diferentes procedimientos de cirug\u00eda ocular l\u00e1ser.","robots":{"index":"index","follow":"follow","max-snippet":"max-snippet:-1","max-image-preview":"max-image-preview:large","max-video-preview":"max-video-preview:-1"},"canonical":"https:\/\/www.advvisioncenters.com\/es\/cataract-surgery-santa-maria\/iol\/","og_locale":"es_MX","og_type":"article","og_title":"What types of Intraocular (IOL) lenses are there? - ADV Vision","og_description":"ADV Vision shares a general overview of the four different types of IOL lenses that are currently used in different laser eye surgery procedures.","og_url":"https:\/\/www.advvisioncenters.com\/es\/cataract-surgery-santa-maria\/iol\/","og_site_name":"ADV Vision","article_modified_time":"2025-08-05T12:48:30+00:00","og_image":[{"width":470,"height":120,"url":"https:\/\/www.advvisioncenters.com\/wp-content\/uploads\/adv-vision-logo.png","type":"image\/png"}],"twitter_card":"summary_large_image","twitter_misc":{"Tiempo de lectura":"3 minutos"},"schema":{"@context":"https:\/\/schema.org","@graph":[{"@type":"WebPage","@id":"https:\/\/www.advvisioncenters.com\/cataract-surgery-santa-maria\/iol\/","url":"https:\/\/www.advvisioncenters.com\/cataract-surgery-santa-maria\/iol\/","name":"\u00bfQu\u00e9 tipos de lentes intraoculares (LIO) existen? - ADV Vision","isPartOf":{"@id":"https:\/\/www.advvisioncenters.com\/#website"},"datePublished":"2022-05-04T15:16:51+00:00","dateModified":"2025-08-05T12:48:30+00:00","description":"ADV Vision ofrece una descripci\u00f3n general de los cuatro tipos diferentes de lentes intraoculares (LIO) que se utilizan actualmente en diferentes procedimientos de cirug\u00eda ocular l\u00e1ser.","breadcrumb":{"@id":"https:\/\/www.advvisioncenters.com\/cataract-surgery-santa-maria\/iol\/#breadcrumb"},"inLanguage":"es","potentialAction":[{"@type":"ReadAction","target":["https:\/\/www.advvisioncenters.com\/cataract-surgery-santa-maria\/iol\/"]}]},{"@type":"BreadcrumbList","@id":"https:\/\/www.advvisioncenters.com\/cataract-surgery-santa-maria\/iol\/#breadcrumb","itemListElement":[{"@type":"ListItem","position":1,"name":"Home","item":"https:\/\/www.advvisioncenters.com\/"},{"@type":"ListItem","position":2,"name":"Cataract","item":"https:\/\/www.advvisioncenters.com\/cataract-surgery-santa-maria\/"},{"@type":"ListItem","position":3,"name":"Choosing the Best Intraocular Lens (IOL)"}]},{"@type":"WebSite","@id":"https:\/\/www.advvisioncenters.com\/#website","url":"https:\/\/www.advvisioncenters.com\/","name":"ADV Vision","description":"","publisher":{"@id":"https:\/\/www.advvisioncenters.com\/#organization"},"potentialAction":[{"@type":"SearchAction","target":{"@type":"EntryPoint","urlTemplate":"https:\/\/www.advvisioncenters.com\/?s={search_term_string}"},"query-input":{"@type":"PropertyValueSpecification","valueRequired":true,"valueName":"search_term_string"}}],"inLanguage":"es"},{"@type":"Organization","@id":"https:\/\/www.advvisioncenters.com\/#organization","name":"ADV Vision","url":"https:\/\/www.advvisioncenters.com\/","logo":{"@type":"ImageObject","inLanguage":"es","@id":"https:\/\/www.advvisioncenters.com\/#\/schema\/logo\/image\/","url":"https:\/\/www.advvisioncenters.com\/wp-content\/uploads\/adv-vision-logo.png","contentUrl":"https:\/\/www.advvisioncenters.com\/wp-content\/uploads\/adv-vision-logo.png","width":470,"height":120,"caption":"ADV Vision"},"image":{"@id":"https:\/\/www.advvisioncenters.com\/#\/schema\/logo\/image\/"}}]}},"taxonomy_info":[],"featured_image_src_large":false,"author_info":{"display_name":"onur","author_link":"https:\/\/www.advvisioncenters.com\/es\/blog\/author\/onur\/"},"comment_info":0,"_links":{"self":[{"href":"https:\/\/www.advvisioncenters.com\/es\/wp-json\/wp\/v2\/pages\/189","targetHints":{"allow":["GET"]}}],"collection":[{"href":"https:\/\/www.advvisioncenters.com\/es\/wp-json\/wp\/v2\/pages"}],"about":[{"href":"https:\/\/www.advvisioncenters.com\/es\/wp-json\/wp\/v2\/types\/page"}],"author":[{"embeddable":true,"href":"https:\/\/www.advvisioncenters.com\/es\/wp-json\/wp\/v2\/users\/1"}],"replies":[{"embeddable":true,"href":"https:\/\/www.advvisioncenters.com\/es\/wp-json\/wp\/v2\/comments?post=189"}],"version-history":[{"count":14,"href":"https:\/\/www.advvisioncenters.com\/es\/wp-json\/wp\/v2\/pages\/189\/revisions"}],"predecessor-version":[{"id":5162,"href":"https:\/\/www.advvisioncenters.com\/es\/wp-json\/wp\/v2\/pages\/189\/revisions\/5162"}],"up":[{"embeddable":true,"href":"https:\/\/www.advvisioncenters.com\/es\/wp-json\/wp\/v2\/pages\/63"}],"wp:attachment":[{"href":"https:\/\/www.advvisioncenters.com\/es\/wp-json\/wp\/v2\/media?parent=189"}],"wp:term":[{"taxonomy":"post_tag","embeddable":true,"href":"https:\/\/www.advvisioncenters.com\/es\/wp-json\/wp\/v2\/tags?post=189"}],"curies":[{"name":"wp","href":"https:\/\/api.w.org\/{rel}","templated":true}]}}