{"id":10,"date":"2022-05-03T15:18:38","date_gmt":"2022-05-03T15:18:38","guid":{"rendered":"http:\/\/demo.paceyemd.com.php73-37.phx1-1.websitetestlink.com\/thank-you\/"},"modified":"2025-07-11T18:07:32","modified_gmt":"2025-07-11T22:07:32","slug":"thank-you","status":"publish","type":"page","link":"https:\/\/www.advvisioncenters.com\/es\/thank-you\/","title":{"rendered":"Gracias"},"content":{"rendered":"<p>\u00a1Gracias por su inter\u00e9s en ADV Vision! Hemos recibido su consulta y nos entusiasma ayudarle a dar el siguiente paso hacia una mejor visi\u00f3n.<\/p>\n\n\n\n<p>Si tiene alguna pregunta adicional o necesita asistencia inmediata, no dude en llamarnos directamente al&nbsp;<strong><a href=\"tel:8057389352\">(805) 987-5300<\/a><\/strong>.<\/p>\n\n\n\n<h2 class=\"wp-block-heading\">Obtenga m\u00e1s informaci\u00f3n sobre ADV Vision<\/h2>\n\n\n\n<p>Para obtener m\u00e1s informaci\u00f3n sobre nuestros servicios, tecnolog\u00eda de vanguardia y equipo de expertos, visite nuestro sitio web en&nbsp;<a href=\"https:\/\/www.advvisioncenters.com\/es\/\">www.advvisioncenters.com<\/a>&nbsp;o haga clic a continuaci\u00f3n:<\/p>\n\n\n<style>.wp-block-kadence-advancedbtn.kb-btns10_1d1cbc-e9{gap:var(--global-kb-gap-xs, 0.5rem );justify-content:center;align-items:center;}.kt-btns10_1d1cbc-e9 .kt-button{font-weight:normal;font-style:normal;}.kt-btns10_1d1cbc-e9 .kt-btn-wrap-0{margin-right:5px;}.wp-block-kadence-advancedbtn.kt-btns10_1d1cbc-e9 .kt-btn-wrap-0 .kt-button{color:#555555;border-color:#555555;}.wp-block-kadence-advancedbtn.kt-btns10_1d1cbc-e9 .kt-btn-wrap-0 .kt-button:hover, .wp-block-kadence-advancedbtn.kt-btns10_1d1cbc-e9 .kt-btn-wrap-0 .kt-button:focus{color:#ffffff;border-color:#444444;}.wp-block-kadence-advancedbtn.kt-btns10_1d1cbc-e9 .kt-btn-wrap-0 .kt-button::before{display:none;}.wp-block-kadence-advancedbtn.kt-btns10_1d1cbc-e9 .kt-btn-wrap-0 .kt-button:hover, .wp-block-kadence-advancedbtn.kt-btns10_1d1cbc-e9 .kt-btn-wrap-0 .kt-button:focus{background:#444444;}<\/style>\n<div class=\"wp-block-kadence-advancedbtn kb-buttons-wrap kb-btns10_1d1cbc-e9\"><style>ul.menu .wp-block-kadence-advancedbtn .kb-btn10_cfa7a8-5b.kb-button{width:initial;}.wp-block-kadence-advancedbtn .kb-btn10_cfa7a8-5b.kb-button{background:#1675a9;}<\/style><a class=\"kb-button kt-button button kb-btn10_cfa7a8-5b kt-btn-size-standard kt-btn-width-type-auto kb-btn-global-fill kt-btn-has-text-true kt-btn-has-svg-false wp-block-kadence-singlebtn\" href=\"https:\/\/www.advvisioncenters.com\/es\/our-doctors\/\" target=\"_blank\" rel=\"noreferrer noopener\"><span class=\"kt-btn-inner-text\"><strong>Conozca a nuestros m\u00e9dicos<\/strong><\/span><\/a>\n\n<style>ul.menu .wp-block-kadence-advancedbtn .kb-btn10_87f2c8-66.kb-button{width:initial;}.wp-block-kadence-advancedbtn .kb-btn10_87f2c8-66.kb-button{background:#1675a9;}<\/style><a class=\"kb-button kt-button button kb-btn10_87f2c8-66 kt-btn-size-standard kt-btn-width-type-auto kb-btn-global-fill kt-btn-has-text-true kt-btn-has-svg-false wp-block-kadence-singlebtn\" href=\"https:\/\/www.advvisioncenters.com\/es\/services\/\" target=\"_blank\" rel=\"noreferrer noopener\"><span class=\"kt-btn-inner-text\"><strong>Nuestros servicios<\/strong><\/span><\/a>\n\n<style>ul.menu .wp-block-kadence-advancedbtn .kb-btn10_dbfaef-95.kb-button{width:initial;}.wp-block-kadence-advancedbtn .kb-btn10_dbfaef-95.kb-button{background:#1675a9;}<\/style><a class=\"kb-button kt-button button kb-btn10_dbfaef-95 kt-btn-size-standard kt-btn-width-type-auto kb-btn-global-fill kt-btn-has-text-true kt-btn-has-svg-false wp-block-kadence-singlebtn\" href=\"https:\/\/www.advvisioncenters.com\/es\/technology\/\" target=\"_blank\" rel=\"noreferrer noopener\"><span class=\"kt-btn-inner-text\"><strong>Nuestra tecnolog\u00eda<\/strong><\/span><\/a><\/div>\n\n\n\n<p><\/p>\n\n\n\n<p>Gracias por elegir ADV Vision; nos sentimos honrados de formar parte de su camino hacia una visi\u00f3n m\u00e1s clara y saludable.<\/p>","protected":false},"excerpt":{"rendered":"<p>\u00a1Gracias por su inter\u00e9s en ADV Vision! Hemos recibido su consulta y nos complace ayudarle a dar el siguiente paso hacia una mejor visi\u00f3n. Si tiene m\u00e1s preguntas o necesita asistencia inmediata, ll\u00e1menos directamente al (805) 987-5300. M\u00e1s informaci\u00f3n sobre ADV Vision. Para obtener m\u00e1s informaci\u00f3n sobre nuestros servicios, [\u2026]<\/p>","protected":false},"author":1,"featured_media":0,"parent":0,"menu_order":12,"comment_status":"closed","ping_status":"closed","template":"","meta":{"_acf_changed":false,"_kad_blocks_custom_css":"","_kad_blocks_head_custom_js":"","_kad_blocks_body_custom_js":"","_kad_blocks_footer_custom_js":"","footnotes":""},"tags":[],"class_list":["post-10","page","type-page","status-publish","hentry"],"acf":[],"yoast_head":"<!-- This site is optimized with the Yoast SEO plugin v26.2 - https:\/\/yoast.com\/wordpress\/plugins\/seo\/ -->\n<title>Thank You | ADV Vision<\/title>\n<meta name=\"description\" content=\"Learn more about ADV Vision Centers, our eye surgery center in California, where we offer eye care optometry and corrective laser vision services.\" \/>\n<meta name=\"robots\" content=\"noindex, follow\" \/>\n<meta property=\"og:locale\" content=\"es_MX\" \/>\n<meta property=\"og:type\" content=\"article\" \/>\n<meta property=\"og:title\" content=\"Thank You | ADV Vision\" \/>\n<meta property=\"og:description\" content=\"Learn more about ADV Vision Centers, our eye surgery center in California, where we offer eye care optometry and corrective laser vision services.\" \/>\n<meta property=\"og:url\" content=\"https:\/\/www.advvisioncenters.com\/es\/thank-you\/\" \/>\n<meta property=\"og:site_name\" content=\"ADV Vision\" \/>\n<meta property=\"article:modified_time\" content=\"2025-07-11T22:07:32+00:00\" \/>\n<meta property=\"og:image\" content=\"https:\/\/www.advvisioncenters.com\/wp-content\/uploads\/adv-vision-logo.png\" \/>\n\t<meta property=\"og:image:width\" content=\"470\" \/>\n\t<meta property=\"og:image:height\" content=\"120\" \/>\n\t<meta property=\"og:image:type\" content=\"image\/png\" \/>\n<meta name=\"twitter:card\" content=\"summary_large_image\" \/>\n<meta name=\"twitter:label1\" content=\"Tiempo de lectura\" \/>\n\t<meta name=\"twitter:data1\" content=\"1 minuto\" \/>\n<script type=\"application\/ld+json\" class=\"yoast-schema-graph\">{\"@context\":\"https:\/\/schema.org\",\"@graph\":[{\"@type\":\"WebPage\",\"@id\":\"https:\/\/www.advvisioncenters.com\/thank-you\/\",\"url\":\"https:\/\/www.advvisioncenters.com\/thank-you\/\",\"name\":\"Thank You | ADV Vision\",\"isPartOf\":{\"@id\":\"https:\/\/www.advvisioncenters.com\/#website\"},\"datePublished\":\"2022-05-03T15:18:38+00:00\",\"dateModified\":\"2025-07-11T22:07:32+00:00\",\"description\":\"Learn more about ADV Vision Centers, our eye surgery center in California, where we offer eye care optometry and corrective laser vision services.\",\"breadcrumb\":{\"@id\":\"https:\/\/www.advvisioncenters.com\/thank-you\/#breadcrumb\"},\"inLanguage\":\"es\",\"potentialAction\":[{\"@type\":\"ReadAction\",\"target\":[\"https:\/\/www.advvisioncenters.com\/thank-you\/\"]}]},{\"@type\":\"BreadcrumbList\",\"@id\":\"https:\/\/www.advvisioncenters.com\/thank-you\/#breadcrumb\",\"itemListElement\":[{\"@type\":\"ListItem\",\"position\":1,\"name\":\"Home\",\"item\":\"https:\/\/www.advvisioncenters.com\/\"},{\"@type\":\"ListItem\",\"position\":2,\"name\":\"Thank You\"}]},{\"@type\":\"WebSite\",\"@id\":\"https:\/\/www.advvisioncenters.com\/#website\",\"url\":\"https:\/\/www.advvisioncenters.com\/\",\"name\":\"ADV Vision\",\"description\":\"\",\"publisher\":{\"@id\":\"https:\/\/www.advvisioncenters.com\/#organization\"},\"potentialAction\":[{\"@type\":\"SearchAction\",\"target\":{\"@type\":\"EntryPoint\",\"urlTemplate\":\"https:\/\/www.advvisioncenters.com\/?s={search_term_string}\"},\"query-input\":{\"@type\":\"PropertyValueSpecification\",\"valueRequired\":true,\"valueName\":\"search_term_string\"}}],\"inLanguage\":\"es\"},{\"@type\":\"Organization\",\"@id\":\"https:\/\/www.advvisioncenters.com\/#organization\",\"name\":\"ADV Vision\",\"url\":\"https:\/\/www.advvisioncenters.com\/\",\"logo\":{\"@type\":\"ImageObject\",\"inLanguage\":\"es\",\"@id\":\"https:\/\/www.advvisioncenters.com\/#\/schema\/logo\/image\/\",\"url\":\"https:\/\/www.advvisioncenters.com\/wp-content\/uploads\/adv-vision-logo.png\",\"contentUrl\":\"https:\/\/www.advvisioncenters.com\/wp-content\/uploads\/adv-vision-logo.png\",\"width\":470,\"height\":120,\"caption\":\"ADV Vision\"},\"image\":{\"@id\":\"https:\/\/www.advvisioncenters.com\/#\/schema\/logo\/image\/\"}}]}<\/script>\n<!-- \/ Yoast SEO plugin. -->","yoast_head_json":{"title":"Gracias | ADV Vision","description":"Conozca m\u00e1s sobre ADV Vision Centers, nuestro centro de cirug\u00eda ocular en California, donde ofrecemos servicios de optometr\u00eda y correcci\u00f3n visual con l\u00e1ser.","robots":{"index":"noindex","follow":"follow"},"og_locale":"es_MX","og_type":"article","og_title":"Thank You | ADV Vision","og_description":"Learn more about ADV Vision Centers, our eye surgery center in California, where we offer eye care optometry and corrective laser vision services.","og_url":"https:\/\/www.advvisioncenters.com\/es\/thank-you\/","og_site_name":"ADV Vision","article_modified_time":"2025-07-11T22:07:32+00:00","og_image":[{"width":470,"height":120,"url":"https:\/\/www.advvisioncenters.com\/wp-content\/uploads\/adv-vision-logo.png","type":"image\/png"}],"twitter_card":"summary_large_image","twitter_misc":{"Tiempo de lectura":"1 minuto"},"schema":{"@context":"https:\/\/schema.org","@graph":[{"@type":"WebPage","@id":"https:\/\/www.advvisioncenters.com\/thank-you\/","url":"https:\/\/www.advvisioncenters.com\/thank-you\/","name":"Gracias | ADV Vision","isPartOf":{"@id":"https:\/\/www.advvisioncenters.com\/#website"},"datePublished":"2022-05-03T15:18:38+00:00","dateModified":"2025-07-11T22:07:32+00:00","description":"Conozca m\u00e1s sobre ADV Vision Centers, nuestro centro de cirug\u00eda ocular en California, donde ofrecemos servicios de optometr\u00eda y correcci\u00f3n visual con l\u00e1ser.","breadcrumb":{"@id":"https:\/\/www.advvisioncenters.com\/thank-you\/#breadcrumb"},"inLanguage":"es","potentialAction":[{"@type":"ReadAction","target":["https:\/\/www.advvisioncenters.com\/thank-you\/"]}]},{"@type":"BreadcrumbList","@id":"https:\/\/www.advvisioncenters.com\/thank-you\/#breadcrumb","itemListElement":[{"@type":"ListItem","position":1,"name":"Home","item":"https:\/\/www.advvisioncenters.com\/"},{"@type":"ListItem","position":2,"name":"Thank You"}]},{"@type":"WebSite","@id":"https:\/\/www.advvisioncenters.com\/#website","url":"https:\/\/www.advvisioncenters.com\/","name":"ADV Vision","description":"","publisher":{"@id":"https:\/\/www.advvisioncenters.com\/#organization"},"potentialAction":[{"@type":"SearchAction","target":{"@type":"EntryPoint","urlTemplate":"https:\/\/www.advvisioncenters.com\/?s={search_term_string}"},"query-input":{"@type":"PropertyValueSpecification","valueRequired":true,"valueName":"search_term_string"}}],"inLanguage":"es"},{"@type":"Organization","@id":"https:\/\/www.advvisioncenters.com\/#organization","name":"ADV Vision","url":"https:\/\/www.advvisioncenters.com\/","logo":{"@type":"ImageObject","inLanguage":"es","@id":"https:\/\/www.advvisioncenters.com\/#\/schema\/logo\/image\/","url":"https:\/\/www.advvisioncenters.com\/wp-content\/uploads\/adv-vision-logo.png","contentUrl":"https:\/\/www.advvisioncenters.com\/wp-content\/uploads\/adv-vision-logo.png","width":470,"height":120,"caption":"ADV Vision"},"image":{"@id":"https:\/\/www.advvisioncenters.com\/#\/schema\/logo\/image\/"}}]}},"taxonomy_info":[],"featured_image_src_large":false,"author_info":{"display_name":"onur","author_link":"https:\/\/www.advvisioncenters.com\/es\/blog\/author\/onur\/"},"comment_info":0,"_links":{"self":[{"href":"https:\/\/www.advvisioncenters.com\/es\/wp-json\/wp\/v2\/pages\/10","targetHints":{"allow":["GET"]}}],"collection":[{"href":"https:\/\/www.advvisioncenters.com\/es\/wp-json\/wp\/v2\/pages"}],"about":[{"href":"https:\/\/www.advvisioncenters.com\/es\/wp-json\/wp\/v2\/types\/page"}],"author":[{"embeddable":true,"href":"https:\/\/www.advvisioncenters.com\/es\/wp-json\/wp\/v2\/users\/1"}],"replies":[{"embeddable":true,"href":"https:\/\/www.advvisioncenters.com\/es\/wp-json\/wp\/v2\/comments?post=10"}],"version-history":[{"count":3,"href":"https:\/\/www.advvisioncenters.com\/es\/wp-json\/wp\/v2\/pages\/10\/revisions"}],"predecessor-version":[{"id":4957,"href":"https:\/\/www.advvisioncenters.com\/es\/wp-json\/wp\/v2\/pages\/10\/revisions\/4957"}],"wp:attachment":[{"href":"https:\/\/www.advvisioncenters.com\/es\/wp-json\/wp\/v2\/media?parent=10"}],"wp:term":[{"taxonomy":"post_tag","embeddable":true,"href":"https:\/\/www.advvisioncenters.com\/es\/wp-json\/wp\/v2\/tags?post=10"}],"curies":[{"name":"wp","href":"https:\/\/api.w.org\/{rel}","templated":true}]}}